{"id":545,"date":"2026-04-08T16:02:20","date_gmt":"2026-04-08T16:02:20","guid":{"rendered":"https:\/\/cnkazev.com\/?post_type=product&#038;p=545"},"modified":"2026-04-08T16:03:30","modified_gmt":"2026-04-08T16:03:30","slug":"gate-valve","status":"publish","type":"product","link":"https:\/\/cnkazev.com\/pt\/produto\/gate-valve\/","title":{"rendered":"V\u00e1lvula de gaveta"},"content":{"rendered":"<p>Esta v\u00e1lvula de gaveta flangeada \u00e9 um tipo comum de v\u00e1lvula de bloqueio. Segue uma descri\u00e7\u00e3o detalhada:<\/p>\n<ul>\n<li>M\u00e9todo de conex\u00e3o: Adota conex\u00e3o flangeada, proporcionando uma conex\u00e3o robusta e excelente veda\u00e7\u00e3o. A faixa de di\u00e2metro nominal geralmente varia de DN15 a DN1000.<\/li>\n<li>Press\u00e3o nominal: A faixa de press\u00e3o normalmente situa-se entre 1,6 MPa e 16,0 MPa, atendendo aos requisitos de diversas condi\u00e7\u00f5es de press\u00e3o. \u2022 Faixa de temperatura aplic\u00e1vel: A faixa de temperatura de trabalho geralmente varia de -29 \u00b0C a 550 \u00b0C, dependendo do material do corpo da v\u00e1lvula e do material da superf\u00edcie de veda\u00e7\u00e3o.<\/li>\n<li>Material do corpo da v\u00e1lvula: Os materiais mais comuns incluem WCB (a\u00e7o carbono), a\u00e7o fundido, a\u00e7o carbono, a\u00e7o inoxid\u00e1vel, a\u00e7o cromo-molibd\u00eanio, etc. A escolha do material pode ser feita com base no fluido e nas condi\u00e7\u00f5es de uso.<\/li>\n<li>Meios aplic\u00e1veis: Adequado para \u00e1gua, derivados de petr\u00f3leo, vapor, bem como \u00e1cidos, \u00e1lcalis, am\u00f4nia, ureia, g\u00e1s natural sulfurado e outros meios diversos. \u00c9 amplamente utilizado em ind\u00fastrias como a de petr\u00f3leo, engenharia qu\u00edmica, hidrel\u00e9trica e gera\u00e7\u00e3o de energia t\u00e9rmica.<\/li>\n<li>M\u00e9todo de acionamento: Os m\u00e9todos de acionamento s\u00e3o diversos, incluindo manual, transmiss\u00e3o por engrenagens, el\u00e9trico, pneum\u00e1tico, hidr\u00e1ulico, etc., que podem atender a v\u00e1rios requisitos operacionais.<\/li>\n<li>Caracter\u00edsticas estruturais: O par de veda\u00e7\u00e3o \u00e9 perfeitamente ajustado e altamente eficiente. As superf\u00edcies de veda\u00e7\u00e3o da comporta e da sede da v\u00e1lvula s\u00e3o fabricadas empilhando ligas duras \u00e0 base de cobalto com diferentes durezas. A veda\u00e7\u00e3o \u00e9 confi\u00e1vel, com alta dureza, resist\u00eancia ao desgaste, resist\u00eancia a altas temperaturas e resist\u00eancia \u00e0 corros\u00e3o. A haste da v\u00e1lvula passa por tratamento de t\u00eampera e nitreta\u00e7\u00e3o superficial, resultando em excelente resist\u00eancia \u00e0 corros\u00e3o, desempenho antiabras\u00e3o e resist\u00eancia ao desgaste.<img loading=\"lazy\" decoding=\"async\" class=\"aligncenter size-full wp-image-544\" src=\"https:\/\/cnkazev.com\/wp-content\/uploads\/2026\/04\/DATA-FORM-2.webp\" alt=\"\" width=\"1000\" height=\"1000\" srcset=\"https:\/\/cnkazev.com\/wp-content\/uploads\/2026\/04\/DATA-FORM-2.webp 1000w, https:\/\/cnkazev.com\/wp-content\/uploads\/2026\/04\/DATA-FORM-2-500x500.webp 500w, https:\/\/cnkazev.com\/wp-content\/uploads\/2026\/04\/DATA-FORM-2-300x300.webp 300w, https:\/\/cnkazev.com\/wp-content\/uploads\/2026\/04\/DATA-FORM-2-768x768.webp 768w, https:\/\/cnkazev.com\/wp-content\/uploads\/2026\/04\/DATA-FORM-2-12x12.webp 12w, https:\/\/cnkazev.com\/wp-content\/uploads\/2026\/04\/DATA-FORM-2-150x150.webp 150w, https:\/\/cnkazev.com\/wp-content\/uploads\/2026\/04\/DATA-FORM-2-75x75.webp 75w, https:\/\/cnkazev.com\/wp-content\/uploads\/2026\/04\/DATA-FORM-2-484x484.webp 484w, https:\/\/cnkazev.com\/wp-content\/uploads\/2026\/04\/DATA-FORM-2-800x800.webp 800w\" sizes=\"auto, (max-width:767px) 484px, (max-width:1000px) 100vw, 1000px\" \/> <img loading=\"lazy\" decoding=\"async\" class=\"aligncenter size-full wp-image-542\" src=\"https:\/\/cnkazev.com\/wp-content\/uploads\/2026\/04\/Stainless-steel-and-carbon-steel-gate-valves5.webp\" alt=\"\" width=\"1000\" height=\"1000\" srcset=\"https:\/\/cnkazev.com\/wp-content\/uploads\/2026\/04\/Stainless-steel-and-carbon-steel-gate-valves5.webp 1000w, https:\/\/cnkazev.com\/wp-content\/uploads\/2026\/04\/Stainless-steel-and-carbon-steel-gate-valves5-500x500.webp 500w, https:\/\/cnkazev.com\/wp-content\/uploads\/2026\/04\/Stainless-steel-and-carbon-steel-gate-valves5-300x300.webp 300w, https:\/\/cnkazev.com\/wp-content\/uploads\/2026\/04\/Stainless-steel-and-carbon-steel-gate-valves5-768x768.webp 768w, https:\/\/cnkazev.com\/wp-content\/uploads\/2026\/04\/Stainless-steel-and-carbon-steel-gate-valves5-12x12.webp 12w, https:\/\/cnkazev.com\/wp-content\/uploads\/2026\/04\/Stainless-steel-and-carbon-steel-gate-valves5-150x150.webp 150w, https:\/\/cnkazev.com\/wp-content\/uploads\/2026\/04\/Stainless-steel-and-carbon-steel-gate-valves5-75x75.webp 75w, https:\/\/cnkazev.com\/wp-content\/uploads\/2026\/04\/Stainless-steel-and-carbon-steel-gate-valves5-484x484.webp 484w, https:\/\/cnkazev.com\/wp-content\/uploads\/2026\/04\/Stainless-steel-and-carbon-steel-gate-valves5-800x800.webp 800w\" sizes=\"auto, (max-width:767px) 484px, (max-width:1000px) 100vw, 1000px\" \/> <img loading=\"lazy\" decoding=\"async\" class=\"aligncenter size-full wp-image-541\" src=\"https:\/\/cnkazev.com\/wp-content\/uploads\/2026\/04\/Stainless-steel-and-carbon-steel-gate-valves4.webp\" alt=\"\" width=\"1000\" height=\"1000\" srcset=\"https:\/\/cnkazev.com\/wp-content\/uploads\/2026\/04\/Stainless-steel-and-carbon-steel-gate-valves4.webp 1000w, https:\/\/cnkazev.com\/wp-content\/uploads\/2026\/04\/Stainless-steel-and-carbon-steel-gate-valves4-500x500.webp 500w, https:\/\/cnkazev.com\/wp-content\/uploads\/2026\/04\/Stainless-steel-and-carbon-steel-gate-valves4-300x300.webp 300w, https:\/\/cnkazev.com\/wp-content\/uploads\/2026\/04\/Stainless-steel-and-carbon-steel-gate-valves4-768x768.webp 768w, https:\/\/cnkazev.com\/wp-content\/uploads\/2026\/04\/Stainless-steel-and-carbon-steel-gate-valves4-12x12.webp 12w, https:\/\/cnkazev.com\/wp-content\/uploads\/2026\/04\/Stainless-steel-and-carbon-steel-gate-valves4-150x150.webp 150w, https:\/\/cnkazev.com\/wp-content\/uploads\/2026\/04\/Stainless-steel-and-carbon-steel-gate-valves4-75x75.webp 75w, https:\/\/cnkazev.com\/wp-content\/uploads\/2026\/04\/Stainless-steel-and-carbon-steel-gate-valves4-484x484.webp 484w, https:\/\/cnkazev.com\/wp-content\/uploads\/2026\/04\/Stainless-steel-and-carbon-steel-gate-valves4-800x800.webp 800w\" sizes=\"auto, (max-width:767px) 484px, (max-width:1000px) 100vw, 1000px\" \/> <img loading=\"lazy\" decoding=\"async\" class=\"aligncenter size-full wp-image-540\" src=\"https:\/\/cnkazev.com\/wp-content\/uploads\/2026\/04\/Stainless-steel-and-carbon-steel-gate-valves3.webp\" alt=\"\" width=\"1000\" height=\"1000\" srcset=\"https:\/\/cnkazev.com\/wp-content\/uploads\/2026\/04\/Stainless-steel-and-carbon-steel-gate-valves3.webp 1000w, https:\/\/cnkazev.com\/wp-content\/uploads\/2026\/04\/Stainless-steel-and-carbon-steel-gate-valves3-500x500.webp 500w, https:\/\/cnkazev.com\/wp-content\/uploads\/2026\/04\/Stainless-steel-and-carbon-steel-gate-valves3-300x300.webp 300w, https:\/\/cnkazev.com\/wp-content\/uploads\/2026\/04\/Stainless-steel-and-carbon-steel-gate-valves3-768x768.webp 768w, https:\/\/cnkazev.com\/wp-content\/uploads\/2026\/04\/Stainless-steel-and-carbon-steel-gate-valves3-12x12.webp 12w, https:\/\/cnkazev.com\/wp-content\/uploads\/2026\/04\/Stainless-steel-and-carbon-steel-gate-valves3-150x150.webp 150w, https:\/\/cnkazev.com\/wp-content\/uploads\/2026\/04\/Stainless-steel-and-carbon-steel-gate-valves3-75x75.webp 75w, https:\/\/cnkazev.com\/wp-content\/uploads\/2026\/04\/Stainless-steel-and-carbon-steel-gate-valves3-484x484.webp 484w, https:\/\/cnkazev.com\/wp-content\/uploads\/2026\/04\/Stainless-steel-and-carbon-steel-gate-valves3-800x800.webp 800w\" sizes=\"auto, (max-width:767px) 484px, (max-width:1000px) 100vw, 1000px\" \/> <img loading=\"lazy\" decoding=\"async\" class=\"aligncenter size-full wp-image-539\" src=\"https:\/\/cnkazev.com\/wp-content\/uploads\/2026\/04\/Stainless-steel-and-carbon-steel-gate-valves2.webp\" alt=\"\" width=\"1000\" height=\"1000\" srcset=\"https:\/\/cnkazev.com\/wp-content\/uploads\/2026\/04\/Stainless-steel-and-carbon-steel-gate-valves2.webp 1000w, https:\/\/cnkazev.com\/wp-content\/uploads\/2026\/04\/Stainless-steel-and-carbon-steel-gate-valves2-500x500.webp 500w, https:\/\/cnkazev.com\/wp-content\/uploads\/2026\/04\/Stainless-steel-and-carbon-steel-gate-valves2-300x300.webp 300w, https:\/\/cnkazev.com\/wp-content\/uploads\/2026\/04\/Stainless-steel-and-carbon-steel-gate-valves2-768x768.webp 768w, https:\/\/cnkazev.com\/wp-content\/uploads\/2026\/04\/Stainless-steel-and-carbon-steel-gate-valves2-12x12.webp 12w, https:\/\/cnkazev.com\/wp-content\/uploads\/2026\/04\/Stainless-steel-and-carbon-steel-gate-valves2-150x150.webp 150w, https:\/\/cnkazev.com\/wp-content\/uploads\/2026\/04\/Stainless-steel-and-carbon-steel-gate-valves2-75x75.webp 75w, https:\/\/cnkazev.com\/wp-content\/uploads\/2026\/04\/Stainless-steel-and-carbon-steel-gate-valves2-484x484.webp 484w, https:\/\/cnkazev.com\/wp-content\/uploads\/2026\/04\/Stainless-steel-and-carbon-steel-gate-valves2-800x800.webp 800w\" sizes=\"auto, (max-width:767px) 484px, (max-width:1000px) 100vw, 1000px\" \/> <img loading=\"lazy\" decoding=\"async\" class=\"aligncenter size-full wp-image-538\" src=\"https:\/\/cnkazev.com\/wp-content\/uploads\/2026\/04\/Stainless-steel-and-carbon-steel-gate-valves1.webp\" alt=\"\" width=\"1000\" height=\"1000\" srcset=\"https:\/\/cnkazev.com\/wp-content\/uploads\/2026\/04\/Stainless-steel-and-carbon-steel-gate-valves1.webp 1000w, https:\/\/cnkazev.com\/wp-content\/uploads\/2026\/04\/Stainless-steel-and-carbon-steel-gate-valves1-500x500.webp 500w, https:\/\/cnkazev.com\/wp-content\/uploads\/2026\/04\/Stainless-steel-and-carbon-steel-gate-valves1-300x300.webp 300w, https:\/\/cnkazev.com\/wp-content\/uploads\/2026\/04\/Stainless-steel-and-carbon-steel-gate-valves1-768x768.webp 768w, https:\/\/cnkazev.com\/wp-content\/uploads\/2026\/04\/Stainless-steel-and-carbon-steel-gate-valves1-12x12.webp 12w, https:\/\/cnkazev.com\/wp-content\/uploads\/2026\/04\/Stainless-steel-and-carbon-steel-gate-valves1-150x150.webp 150w, https:\/\/cnkazev.com\/wp-content\/uploads\/2026\/04\/Stainless-steel-and-carbon-steel-gate-valves1-75x75.webp 75w, https:\/\/cnkazev.com\/wp-content\/uploads\/2026\/04\/Stainless-steel-and-carbon-steel-gate-valves1-484x484.webp 484w, https:\/\/cnkazev.com\/wp-content\/uploads\/2026\/04\/Stainless-steel-and-carbon-steel-gate-valves1-800x800.webp 800w\" sizes=\"auto, (max-width:767px) 484px, (max-width:1000px) 100vw, 1000px\" \/><\/li>\n<\/ul>","protected":false},"excerpt":{"rendered":"<p>This flanged gate valve is a common type of shut-off valve. Here is a detailed introduction of it: Connection method: It adopts flange connection, featuring strong<span class=\"excerpt-hellip\"> [\u2026]<\/span><\/p>\n","protected":false},"featured_media":538,"template":"","meta":[],"product_brand":[],"product_cat":[24],"product_tag":[],"class_list":{"0":"post-545","1":"product","2":"type-product","3":"status-publish","4":"has-post-thumbnail","6":"product_cat-gate-valve","8":"first","9":"instock","10":"shipping-taxable","11":"product-type-external"},"yoast_head":"<!-- This site is optimized with the Yoast SEO plugin v26.6 - https:\/\/yoast.com\/wordpress\/plugins\/seo\/ -->\n<title>Gate Valve - Wenzhou Kaizheng Valve Technology Co., Ltd<\/title>\n<meta name=\"robots\" content=\"index, follow, max-snippet:-1, max-image-preview:large, max-video-preview:-1\" \/>\n<link rel=\"canonical\" href=\"https:\/\/cnkazev.com\/pt\/produto\/gate-valve\/\" \/>\n<meta property=\"og:locale\" content=\"pt_PT\" \/>\n<meta property=\"og:type\" content=\"article\" \/>\n<meta property=\"og:title\" content=\"Gate Valve - Wenzhou Kaizheng Valve Technology Co., Ltd\" \/>\n<meta property=\"og:description\" content=\"This flanged gate valve is a common type of shut-off valve. Here is a detailed introduction of it: Connection method: It adopts flange connection, featuring strong [\u2026]\" \/>\n<meta property=\"og:url\" content=\"https:\/\/cnkazev.com\/pt\/produto\/gate-valve\/\" \/>\n<meta property=\"og:site_name\" content=\"Wenzhou Kaizheng Valve Technology Co., Ltd\" \/>\n<meta property=\"article:modified_time\" content=\"2026-04-08T16:03:30+00:00\" \/>\n<meta property=\"og:image\" content=\"https:\/\/cnkazev.com\/wp-content\/uploads\/2026\/04\/Stainless-steel-and-carbon-steel-gate-valves1.webp\" \/>\n\t<meta property=\"og:image:width\" content=\"1000\" \/>\n\t<meta property=\"og:image:height\" content=\"1000\" \/>\n\t<meta property=\"og:image:type\" content=\"image\/webp\" \/>\n<meta name=\"twitter:card\" content=\"summary_large_image\" \/>\n<meta name=\"twitter:label1\" content=\"Tempo estimado de leitura\" \/>\n\t<meta name=\"twitter:data1\" content=\"3 minutos\" \/>\n<script type=\"application\/ld+json\" class=\"yoast-schema-graph\">{\"@context\":\"https:\/\/schema.org\",\"@graph\":[{\"@type\":\"WebPage\",\"@id\":\"https:\/\/cnkazev.com\/product\/gate-valve\/\",\"url\":\"https:\/\/cnkazev.com\/product\/gate-valve\/\",\"name\":\"Gate Valve - Wenzhou Kaizheng Valve Technology Co., Ltd\",\"isPartOf\":{\"@id\":\"https:\/\/cnkazev.com\/#website\"},\"primaryImageOfPage\":{\"@id\":\"https:\/\/cnkazev.com\/product\/gate-valve\/#primaryimage\"},\"image\":{\"@id\":\"https:\/\/cnkazev.com\/product\/gate-valve\/#primaryimage\"},\"thumbnailUrl\":\"https:\/\/cnkazev.com\/wp-content\/uploads\/2026\/04\/Stainless-steel-and-carbon-steel-gate-valves1.webp\",\"datePublished\":\"2026-04-08T16:02:20+00:00\",\"dateModified\":\"2026-04-08T16:03:30+00:00\",\"breadcrumb\":{\"@id\":\"https:\/\/cnkazev.com\/product\/gate-valve\/#breadcrumb\"},\"inLanguage\":\"pt-PT\",\"potentialAction\":[{\"@type\":\"ReadAction\",\"target\":[\"https:\/\/cnkazev.com\/product\/gate-valve\/\"]}]},{\"@type\":\"ImageObject\",\"inLanguage\":\"pt-PT\",\"@id\":\"https:\/\/cnkazev.com\/product\/gate-valve\/#primaryimage\",\"url\":\"https:\/\/cnkazev.com\/wp-content\/uploads\/2026\/04\/Stainless-steel-and-carbon-steel-gate-valves1.webp\",\"contentUrl\":\"https:\/\/cnkazev.com\/wp-content\/uploads\/2026\/04\/Stainless-steel-and-carbon-steel-gate-valves1.webp\",\"width\":1000,\"height\":1000},{\"@type\":\"BreadcrumbList\",\"@id\":\"https:\/\/cnkazev.com\/product\/gate-valve\/#breadcrumb\",\"itemListElement\":[{\"@type\":\"ListItem\",\"position\":1,\"name\":\"Home\",\"item\":\"https:\/\/cnkazev.com\/\"},{\"@type\":\"ListItem\",\"position\":2,\"name\":\"Product\",\"item\":\"https:\/\/cnkazev.com\/product\/\"},{\"@type\":\"ListItem\",\"position\":3,\"name\":\"Gate Valve\"}]},{\"@type\":\"WebSite\",\"@id\":\"https:\/\/cnkazev.com\/#website\",\"url\":\"https:\/\/cnkazev.com\/\",\"name\":\"Wenzhou Kaizheng Valve Technology Co., Ltd\",\"description\":\"Wenzhou Kaizheng Valve Technology Co., Ltd\",\"potentialAction\":[{\"@type\":\"SearchAction\",\"target\":{\"@type\":\"EntryPoint\",\"urlTemplate\":\"https:\/\/cnkazev.com\/?s={search_term_string}\"},\"query-input\":{\"@type\":\"PropertyValueSpecification\",\"valueRequired\":true,\"valueName\":\"search_term_string\"}}],\"inLanguage\":\"pt-PT\"}]}<\/script>\n<!-- \/ Yoast SEO plugin. -->","yoast_head_json":{"title":"Gate Valve - Wenzhou Kaizheng Valve Technology Co., Ltd","robots":{"index":"index","follow":"follow","max-snippet":"max-snippet:-1","max-image-preview":"max-image-preview:large","max-video-preview":"max-video-preview:-1"},"canonical":"https:\/\/cnkazev.com\/pt\/produto\/gate-valve\/","og_locale":"pt_PT","og_type":"article","og_title":"Gate Valve - Wenzhou Kaizheng Valve Technology Co., Ltd","og_description":"This flanged gate valve is a common type of shut-off valve. Here is a detailed introduction of it: Connection method: It adopts flange connection, featuring strong [\u2026]","og_url":"https:\/\/cnkazev.com\/pt\/produto\/gate-valve\/","og_site_name":"Wenzhou Kaizheng Valve Technology Co., Ltd","article_modified_time":"2026-04-08T16:03:30+00:00","og_image":[{"width":1000,"height":1000,"url":"https:\/\/cnkazev.com\/wp-content\/uploads\/2026\/04\/Stainless-steel-and-carbon-steel-gate-valves1.webp","type":"image\/webp"}],"twitter_card":"summary_large_image","twitter_misc":{"Tempo estimado de leitura":"3 minutos"},"schema":{"@context":"https:\/\/schema.org","@graph":[{"@type":"WebPage","@id":"https:\/\/cnkazev.com\/product\/gate-valve\/","url":"https:\/\/cnkazev.com\/product\/gate-valve\/","name":"Gate Valve - Wenzhou Kaizheng Valve Technology Co., Ltd","isPartOf":{"@id":"https:\/\/cnkazev.com\/#website"},"primaryImageOfPage":{"@id":"https:\/\/cnkazev.com\/product\/gate-valve\/#primaryimage"},"image":{"@id":"https:\/\/cnkazev.com\/product\/gate-valve\/#primaryimage"},"thumbnailUrl":"https:\/\/cnkazev.com\/wp-content\/uploads\/2026\/04\/Stainless-steel-and-carbon-steel-gate-valves1.webp","datePublished":"2026-04-08T16:02:20+00:00","dateModified":"2026-04-08T16:03:30+00:00","breadcrumb":{"@id":"https:\/\/cnkazev.com\/product\/gate-valve\/#breadcrumb"},"inLanguage":"pt-PT","potentialAction":[{"@type":"ReadAction","target":["https:\/\/cnkazev.com\/product\/gate-valve\/"]}]},{"@type":"ImageObject","inLanguage":"pt-PT","@id":"https:\/\/cnkazev.com\/product\/gate-valve\/#primaryimage","url":"https:\/\/cnkazev.com\/wp-content\/uploads\/2026\/04\/Stainless-steel-and-carbon-steel-gate-valves1.webp","contentUrl":"https:\/\/cnkazev.com\/wp-content\/uploads\/2026\/04\/Stainless-steel-and-carbon-steel-gate-valves1.webp","width":1000,"height":1000},{"@type":"BreadcrumbList","@id":"https:\/\/cnkazev.com\/product\/gate-valve\/#breadcrumb","itemListElement":[{"@type":"ListItem","position":1,"name":"Home","item":"https:\/\/cnkazev.com\/"},{"@type":"ListItem","position":2,"name":"Product","item":"https:\/\/cnkazev.com\/product\/"},{"@type":"ListItem","position":3,"name":"Gate Valve"}]},{"@type":"WebSite","@id":"https:\/\/cnkazev.com\/#website","url":"https:\/\/cnkazev.com\/","name":"Wenzhou Kaizheng Valve Technology Co., Ltd","description":"Wenzhou Kaizheng Valve Technology Co., Ltd","potentialAction":[{"@type":"SearchAction","target":{"@type":"EntryPoint","urlTemplate":"https:\/\/cnkazev.com\/?s={search_term_string}"},"query-input":{"@type":"PropertyValueSpecification","valueRequired":true,"valueName":"search_term_string"}}],"inLanguage":"pt-PT"}]}},"_links":{"self":[{"href":"https:\/\/cnkazev.com\/pt\/wp-json\/wp\/v2\/product\/545","targetHints":{"allow":["GET"]}}],"collection":[{"href":"https:\/\/cnkazev.com\/pt\/wp-json\/wp\/v2\/product"}],"about":[{"href":"https:\/\/cnkazev.com\/pt\/wp-json\/wp\/v2\/types\/product"}],"wp:featuredmedia":[{"embeddable":true,"href":"https:\/\/cnkazev.com\/pt\/wp-json\/wp\/v2\/media\/538"}],"wp:attachment":[{"href":"https:\/\/cnkazev.com\/pt\/wp-json\/wp\/v2\/media?parent=545"}],"wp:term":[{"taxonomy":"product_brand","embeddable":true,"href":"https:\/\/cnkazev.com\/pt\/wp-json\/wp\/v2\/product_brand?post=545"},{"taxonomy":"product_cat","embeddable":true,"href":"https:\/\/cnkazev.com\/pt\/wp-json\/wp\/v2\/product_cat?post=545"},{"taxonomy":"product_tag","embeddable":true,"href":"https:\/\/cnkazev.com\/pt\/wp-json\/wp\/v2\/product_tag?post=545"}],"curies":[{"name":"wp","href":"https:\/\/api.w.org\/{rel}","templated":true}]}}