{"id":510,"date":"2026-04-08T15:50:29","date_gmt":"2026-04-08T15:50:29","guid":{"rendered":"https:\/\/cnkazev.com\/?post_type=product&#038;p=510"},"modified":"2026-04-08T15:55:40","modified_gmt":"2026-04-08T15:55:40","slug":"angle-valve","status":"publish","type":"product","link":"https:\/\/cnkazev.com\/pt\/produto\/angle-valve\/","title":{"rendered":"V\u00e1lvula angular"},"content":{"rendered":"<p>A v\u00e1lvula angular roscada pneum\u00e1tica \u00e9 uma v\u00e1lvula de assento angular controlada por um atuador pneum\u00e1tico. Ela adota um m\u00e9todo de conex\u00e3o roscada (rosca interna) e apresenta uma estrutura compacta e alta vaz\u00e3o. \u00c9 amplamente utilizada na ind\u00fastria. Segue uma descri\u00e7\u00e3o detalhada: \u2022 Princ\u00edpio de funcionamento: A v\u00e1lvula angular roscada pneum\u00e1tica de a\u00e7\u00e3o simples opera por retorno por mola para abrir e fechar, e \u00e9 dividida em tipo normalmente aberto e tipo normalmente fechado; a v\u00e1lvula angular de dupla a\u00e7\u00e3o \u00e9 controlada para abrir e fechar por g\u00e1s comprimido. \u2022 Caracter\u00edsticas estruturais: Geralmente adota um design em forma de Y, que amplia a \u00e1rea de passagem do fluxo na c\u00e2mara da v\u00e1lvula, tornando o fluxo do fluido mais suave e a vaz\u00e3o maior do que a das v\u00e1lvulas de bloqueio comuns. A haste da v\u00e1lvula \u00e9 geralmente feita de a\u00e7o inoxid\u00e1vel 316L e a veda\u00e7\u00e3o utiliza PTFE em formato de cunha. Possui caracter\u00edsticas de corre\u00e7\u00e3o autom\u00e1tica, lubrifica\u00e7\u00e3o autom\u00e1tica e dispensa manuten\u00e7\u00e3o. \u2022 Par\u00e2metros principais: O di\u00e2metro nominal geralmente varia entre DN10 e DN100, a press\u00e3o nominal entre PN16 e PN25, o material do corpo da v\u00e1lvula \u00e9 principalmente CF8M, CF8 e outros a\u00e7os inoxid\u00e1veis, o material de veda\u00e7\u00e3o \u00e9 comumente politetrafluoroetileno e os fluidos aplic\u00e1veis incluem \u00e1gua, gases e l\u00edquidos neutros, \u00e1lcool, \u00f3leo, etc. A temperatura do fluido varia dependendo do material de veda\u00e7\u00e3o, geralmente entre -20 \u00b0C e 180 \u00b0C. \u2022 Campos de aplica\u00e7\u00e3o: Amplamente utilizada em diversos setores, como equipamentos de envase, produ\u00e7\u00e3o de cerveja e bebidas, impress\u00e3o e tingimento t\u00eaxtil, dispositivos m\u00e9dicos, biofarmac\u00eautica, desinfec\u00e7\u00e3o e esteriliza\u00e7\u00e3o e ind\u00fastria aliment\u00edcia. \u2022 Instala\u00e7\u00e3o e manuten\u00e7\u00e3o: A tubula\u00e7\u00e3o deve estar limpa e livre de contamina\u00e7\u00e3o. A instala\u00e7\u00e3o deve ser feita conforme a necessidade, mas procure posicionar o atuador para cima e atente-se \u00e0 dire\u00e7\u00e3o do fluxo. Antes de abrir ou reparar esta v\u00e1lvula angular, interrompa o fornecimento de fluido e ar comprimido e reduza a press\u00e3o no sistema de tubula\u00e7\u00e3o.<\/p>\n<p>Par\u00e2metros da v\u00e1lvula angular:<\/p>\n<p>Interface: Corpo da v\u00e1lvula DN10 \u2013 DN100<\/p>\n<p>Material: A\u00e7o inoxid\u00e1vel 304<\/p>\n<p>Formato pneum\u00e1tico: Dispon\u00edvel com cabe\u00e7ote em a\u00e7o inoxid\u00e1vel (304) e pl\u00e1stico.<\/p>\n<p>Veda\u00e7\u00e3o do n\u00facleo da v\u00e1lvula: PTFE<\/p>\n<p>Veda\u00e7\u00e3o da haste da v\u00e1lvula: PTFE\/FKM<\/p>\n<p>Veda\u00e7\u00e3o do pist\u00e3o: FKM\/NBR<\/p>\n<p>Meio aplic\u00e1vel: \u00c1gua, g\u00e1s ou l\u00edquido neutro, \u00e1lcool, \u00f3leo, solventes org\u00e2nicos, vapor, solu\u00e7\u00f5es de \u00e1cido fraco ou base fraca.<\/p>\n<p>Temperatura m\u00e9dia: PTFE: -10\u2103 a +180\u2103<\/p>\n<p>Temperatura ambiente: -10\u2103 a +60\u2103<\/p>\n<p>Viscosidade: at\u00e9 600 mm\u00b2\/s<\/p>\n<p>Fluido de controle: Ar\/g\u00e1s neutro Faixa de press\u00e3o de controle: 0,3 \u2013 1 MPa Instala\u00e7\u00e3o: Instalar conforme necess\u00e1rio, preferencialmente com o atuador voltado para cima<\/p>\n<p>Caracter\u00edsticas: Grande vaz\u00e3o, longa vida \u00fatil, sem necessidade de manuten\u00e7\u00e3o, alta confiabilidade operacional. Ampla gama de aplica\u00e7\u00f5es: Cervejaria e bebidas, tingimento e branqueamento t\u00eaxtil, equipamentos farmac\u00eauticos e m\u00e9dicos, processamento de alimentos, m\u00e1quinas para borracha, tratamento de \u00e1gua e esgoto, ind\u00fastria qu\u00edmica org\u00e2nica ou inorg\u00e2nica, limpeza e desinfec\u00e7\u00e3o, esteriliza\u00e7\u00e3o em alta temperatura.<\/p>\n<p><img loading=\"lazy\" decoding=\"async\" class=\"aligncenter size-full wp-image-521\" src=\"https:\/\/cnkazev.com\/wp-content\/uploads\/2026\/04\/434342.webp\" alt=\"\" width=\"1000\" height=\"916\" srcset=\"https:\/\/cnkazev.com\/wp-content\/uploads\/2026\/04\/434342.webp 1000w, https:\/\/cnkazev.com\/wp-content\/uploads\/2026\/04\/434342-500x458.webp 500w, https:\/\/cnkazev.com\/wp-content\/uploads\/2026\/04\/434342-300x275.webp 300w, https:\/\/cnkazev.com\/wp-content\/uploads\/2026\/04\/434342-768x703.webp 768w, https:\/\/cnkazev.com\/wp-content\/uploads\/2026\/04\/434342-13x12.webp 13w, https:\/\/cnkazev.com\/wp-content\/uploads\/2026\/04\/434342-82x75.webp 82w, https:\/\/cnkazev.com\/wp-content\/uploads\/2026\/04\/434342-484x443.webp 484w, https:\/\/cnkazev.com\/wp-content\/uploads\/2026\/04\/434342-800x733.webp 800w\" sizes=\"auto, (max-width:767px) 484px, (max-width:1000px) 100vw, 1000px\" \/> <img loading=\"lazy\" decoding=\"async\" class=\"aligncenter size-full wp-image-516\" src=\"https:\/\/cnkazev.com\/wp-content\/uploads\/2026\/04\/Stainless-steel-angle-seat-valve-4.webp\" alt=\"\" width=\"1000\" height=\"973\" srcset=\"https:\/\/cnkazev.com\/wp-content\/uploads\/2026\/04\/Stainless-steel-angle-seat-valve-4.webp 1000w, https:\/\/cnkazev.com\/wp-content\/uploads\/2026\/04\/Stainless-steel-angle-seat-valve-4-800x778.webp 800w, https:\/\/cnkazev.com\/wp-content\/uploads\/2026\/04\/Stainless-steel-angle-seat-valve-4-500x487.webp 500w, https:\/\/cnkazev.com\/wp-content\/uploads\/2026\/04\/Stainless-steel-angle-seat-valve-4-300x292.webp 300w, https:\/\/cnkazev.com\/wp-content\/uploads\/2026\/04\/Stainless-steel-angle-seat-valve-4-768x747.webp 768w, https:\/\/cnkazev.com\/wp-content\/uploads\/2026\/04\/Stainless-steel-angle-seat-valve-4-12x12.webp 12w, https:\/\/cnkazev.com\/wp-content\/uploads\/2026\/04\/Stainless-steel-angle-seat-valve-4-77x75.webp 77w, https:\/\/cnkazev.com\/wp-content\/uploads\/2026\/04\/Stainless-steel-angle-seat-valve-4-484x471.webp 484w\" sizes=\"auto, (max-width:767px) 484px, (max-width:1000px) 100vw, 1000px\" \/> <img loading=\"lazy\" decoding=\"async\" class=\"aligncenter size-full wp-image-515\" src=\"https:\/\/cnkazev.com\/wp-content\/uploads\/2026\/04\/Stainless-steel-angle-seat-valve-5.webp\" alt=\"\" width=\"1000\" height=\"1000\" srcset=\"https:\/\/cnkazev.com\/wp-content\/uploads\/2026\/04\/Stainless-steel-angle-seat-valve-5.webp 1000w, https:\/\/cnkazev.com\/wp-content\/uploads\/2026\/04\/Stainless-steel-angle-seat-valve-5-800x800.webp 800w, https:\/\/cnkazev.com\/wp-content\/uploads\/2026\/04\/Stainless-steel-angle-seat-valve-5-300x300.webp 300w, https:\/\/cnkazev.com\/wp-content\/uploads\/2026\/04\/Stainless-steel-angle-seat-valve-5-500x500.webp 500w, https:\/\/cnkazev.com\/wp-content\/uploads\/2026\/04\/Stainless-steel-angle-seat-valve-5-768x768.webp 768w, https:\/\/cnkazev.com\/wp-content\/uploads\/2026\/04\/Stainless-steel-angle-seat-valve-5-12x12.webp 12w, https:\/\/cnkazev.com\/wp-content\/uploads\/2026\/04\/Stainless-steel-angle-seat-valve-5-150x150.webp 150w, https:\/\/cnkazev.com\/wp-content\/uploads\/2026\/04\/Stainless-steel-angle-seat-valve-5-75x75.webp 75w, https:\/\/cnkazev.com\/wp-content\/uploads\/2026\/04\/Stainless-steel-angle-seat-valve-5-484x484.webp 484w\" sizes=\"auto, (max-width:767px) 484px, (max-width:1000px) 100vw, 1000px\" \/> <img loading=\"lazy\" decoding=\"async\" class=\"aligncenter size-full wp-image-514\" src=\"https:\/\/cnkazev.com\/wp-content\/uploads\/2026\/04\/Stainless-steel-angle-seat-valve-3.webp\" alt=\"\" width=\"1000\" height=\"1000\" srcset=\"https:\/\/cnkazev.com\/wp-content\/uploads\/2026\/04\/Stainless-steel-angle-seat-valve-3.webp 1000w, https:\/\/cnkazev.com\/wp-content\/uploads\/2026\/04\/Stainless-steel-angle-seat-valve-3-800x800.webp 800w, https:\/\/cnkazev.com\/wp-content\/uploads\/2026\/04\/Stainless-steel-angle-seat-valve-3-300x300.webp 300w, https:\/\/cnkazev.com\/wp-content\/uploads\/2026\/04\/Stainless-steel-angle-seat-valve-3-500x500.webp 500w, https:\/\/cnkazev.com\/wp-content\/uploads\/2026\/04\/Stainless-steel-angle-seat-valve-3-768x768.webp 768w, https:\/\/cnkazev.com\/wp-content\/uploads\/2026\/04\/Stainless-steel-angle-seat-valve-3-12x12.webp 12w, https:\/\/cnkazev.com\/wp-content\/uploads\/2026\/04\/Stainless-steel-angle-seat-valve-3-150x150.webp 150w, https:\/\/cnkazev.com\/wp-content\/uploads\/2026\/04\/Stainless-steel-angle-seat-valve-3-75x75.webp 75w, https:\/\/cnkazev.com\/wp-content\/uploads\/2026\/04\/Stainless-steel-angle-seat-valve-3-484x484.webp 484w\" sizes=\"auto, (max-width:767px) 484px, (max-width:1000px) 100vw, 1000px\" \/> <img loading=\"lazy\" decoding=\"async\" class=\"aligncenter size-full wp-image-513\" src=\"https:\/\/cnkazev.com\/wp-content\/uploads\/2026\/04\/Stainless-steel-angle-valve2.webp\" alt=\"\" width=\"1000\" height=\"1000\" srcset=\"https:\/\/cnkazev.com\/wp-content\/uploads\/2026\/04\/Stainless-steel-angle-valve2.webp 1000w, https:\/\/cnkazev.com\/wp-content\/uploads\/2026\/04\/Stainless-steel-angle-valve2-800x800.webp 800w, https:\/\/cnkazev.com\/wp-content\/uploads\/2026\/04\/Stainless-steel-angle-valve2-300x300.webp 300w, https:\/\/cnkazev.com\/wp-content\/uploads\/2026\/04\/Stainless-steel-angle-valve2-500x500.webp 500w, https:\/\/cnkazev.com\/wp-content\/uploads\/2026\/04\/Stainless-steel-angle-valve2-768x768.webp 768w, https:\/\/cnkazev.com\/wp-content\/uploads\/2026\/04\/Stainless-steel-angle-valve2-12x12.webp 12w, https:\/\/cnkazev.com\/wp-content\/uploads\/2026\/04\/Stainless-steel-angle-valve2-150x150.webp 150w, https:\/\/cnkazev.com\/wp-content\/uploads\/2026\/04\/Stainless-steel-angle-valve2-75x75.webp 75w, https:\/\/cnkazev.com\/wp-content\/uploads\/2026\/04\/Stainless-steel-angle-valve2-484x484.webp 484w\" sizes=\"auto, (max-width:767px) 484px, (max-width:1000px) 100vw, 1000px\" \/> <img loading=\"lazy\" decoding=\"async\" class=\"aligncenter size-full wp-image-512\" src=\"https:\/\/cnkazev.com\/wp-content\/uploads\/2026\/04\/Stainless-steel-angle-valve-1-1.webp\" alt=\"\" width=\"1000\" height=\"1000\" srcset=\"https:\/\/cnkazev.com\/wp-content\/uploads\/2026\/04\/Stainless-steel-angle-valve-1-1.webp 1000w, https:\/\/cnkazev.com\/wp-content\/uploads\/2026\/04\/Stainless-steel-angle-valve-1-1-800x800.webp 800w, https:\/\/cnkazev.com\/wp-content\/uploads\/2026\/04\/Stainless-steel-angle-valve-1-1-300x300.webp 300w, https:\/\/cnkazev.com\/wp-content\/uploads\/2026\/04\/Stainless-steel-angle-valve-1-1-500x500.webp 500w, https:\/\/cnkazev.com\/wp-content\/uploads\/2026\/04\/Stainless-steel-angle-valve-1-1-768x768.webp 768w, https:\/\/cnkazev.com\/wp-content\/uploads\/2026\/04\/Stainless-steel-angle-valve-1-1-12x12.webp 12w, https:\/\/cnkazev.com\/wp-content\/uploads\/2026\/04\/Stainless-steel-angle-valve-1-1-150x150.webp 150w, https:\/\/cnkazev.com\/wp-content\/uploads\/2026\/04\/Stainless-steel-angle-valve-1-1-75x75.webp 75w, https:\/\/cnkazev.com\/wp-content\/uploads\/2026\/04\/Stainless-steel-angle-valve-1-1-484x484.webp 484w\" sizes=\"auto, (max-width:767px) 484px, (max-width:1000px) 100vw, 1000px\" \/><\/p>","protected":false},"excerpt":{"rendered":"<p>The pneumatic threaded angle valve is an angle seat valve controlled by an air actuator. It adopts a threaded (internal thread) connection method and features a<span class=\"excerpt-hellip\"> [\u2026]<\/span><\/p>\n","protected":false},"featured_media":512,"template":"","meta":[],"product_brand":[],"product_cat":[38],"product_tag":[],"class_list":{"0":"post-510","1":"product","2":"type-product","3":"status-publish","4":"has-post-thumbnail","6":"product_cat-angle-valve","8":"first","9":"instock","10":"shipping-taxable","11":"product-type-external"},"yoast_head":"<!-- This site is optimized with the Yoast SEO plugin v26.6 - https:\/\/yoast.com\/wordpress\/plugins\/seo\/ -->\n<title>Angle Valve - Wenzhou Kaizheng Valve Technology Co., Ltd<\/title>\n<meta name=\"robots\" content=\"index, follow, max-snippet:-1, max-image-preview:large, max-video-preview:-1\" \/>\n<link rel=\"canonical\" href=\"https:\/\/cnkazev.com\/pt\/produto\/angle-valve\/\" \/>\n<meta property=\"og:locale\" content=\"pt_PT\" \/>\n<meta property=\"og:type\" content=\"article\" \/>\n<meta property=\"og:title\" content=\"Angle Valve - Wenzhou Kaizheng Valve Technology Co., Ltd\" \/>\n<meta property=\"og:description\" content=\"The pneumatic threaded angle valve is an angle seat valve controlled by an air actuator. It adopts a threaded (internal thread) connection method and features a [\u2026]\" \/>\n<meta property=\"og:url\" content=\"https:\/\/cnkazev.com\/pt\/produto\/angle-valve\/\" \/>\n<meta property=\"og:site_name\" content=\"Wenzhou Kaizheng Valve Technology Co., Ltd\" \/>\n<meta property=\"article:modified_time\" content=\"2026-04-08T15:55:40+00:00\" \/>\n<meta property=\"og:image\" content=\"https:\/\/cnkazev.com\/wp-content\/uploads\/2026\/04\/Stainless-steel-angle-valve-1-1.webp\" \/>\n\t<meta property=\"og:image:width\" content=\"1000\" \/>\n\t<meta property=\"og:image:height\" content=\"1000\" \/>\n\t<meta property=\"og:image:type\" content=\"image\/webp\" \/>\n<meta name=\"twitter:card\" content=\"summary_large_image\" \/>\n<meta name=\"twitter:label1\" content=\"Tempo estimado de leitura\" \/>\n\t<meta name=\"twitter:data1\" content=\"4 minutos\" \/>\n<script type=\"application\/ld+json\" class=\"yoast-schema-graph\">{\"@context\":\"https:\/\/schema.org\",\"@graph\":[{\"@type\":\"WebPage\",\"@id\":\"https:\/\/cnkazev.com\/product\/angle-valve\/\",\"url\":\"https:\/\/cnkazev.com\/product\/angle-valve\/\",\"name\":\"Angle Valve - Wenzhou Kaizheng Valve Technology Co., Ltd\",\"isPartOf\":{\"@id\":\"https:\/\/cnkazev.com\/#website\"},\"primaryImageOfPage\":{\"@id\":\"https:\/\/cnkazev.com\/product\/angle-valve\/#primaryimage\"},\"image\":{\"@id\":\"https:\/\/cnkazev.com\/product\/angle-valve\/#primaryimage\"},\"thumbnailUrl\":\"https:\/\/cnkazev.com\/wp-content\/uploads\/2026\/04\/Stainless-steel-angle-valve-1-1.webp\",\"datePublished\":\"2026-04-08T15:50:29+00:00\",\"dateModified\":\"2026-04-08T15:55:40+00:00\",\"breadcrumb\":{\"@id\":\"https:\/\/cnkazev.com\/product\/angle-valve\/#breadcrumb\"},\"inLanguage\":\"pt-PT\",\"potentialAction\":[{\"@type\":\"ReadAction\",\"target\":[\"https:\/\/cnkazev.com\/product\/angle-valve\/\"]}]},{\"@type\":\"ImageObject\",\"inLanguage\":\"pt-PT\",\"@id\":\"https:\/\/cnkazev.com\/product\/angle-valve\/#primaryimage\",\"url\":\"https:\/\/cnkazev.com\/wp-content\/uploads\/2026\/04\/Stainless-steel-angle-valve-1-1.webp\",\"contentUrl\":\"https:\/\/cnkazev.com\/wp-content\/uploads\/2026\/04\/Stainless-steel-angle-valve-1-1.webp\",\"width\":1000,\"height\":1000},{\"@type\":\"BreadcrumbList\",\"@id\":\"https:\/\/cnkazev.com\/product\/angle-valve\/#breadcrumb\",\"itemListElement\":[{\"@type\":\"ListItem\",\"position\":1,\"name\":\"Home\",\"item\":\"https:\/\/cnkazev.com\/\"},{\"@type\":\"ListItem\",\"position\":2,\"name\":\"Product\",\"item\":\"https:\/\/cnkazev.com\/product\/\"},{\"@type\":\"ListItem\",\"position\":3,\"name\":\"Angle Valve\"}]},{\"@type\":\"WebSite\",\"@id\":\"https:\/\/cnkazev.com\/#website\",\"url\":\"https:\/\/cnkazev.com\/\",\"name\":\"Wenzhou Kaizheng Valve Technology Co., Ltd\",\"description\":\"Wenzhou Kaizheng Valve Technology Co., Ltd\",\"potentialAction\":[{\"@type\":\"SearchAction\",\"target\":{\"@type\":\"EntryPoint\",\"urlTemplate\":\"https:\/\/cnkazev.com\/?s={search_term_string}\"},\"query-input\":{\"@type\":\"PropertyValueSpecification\",\"valueRequired\":true,\"valueName\":\"search_term_string\"}}],\"inLanguage\":\"pt-PT\"}]}<\/script>\n<!-- \/ Yoast SEO plugin. -->","yoast_head_json":{"title":"Angle Valve - Wenzhou Kaizheng Valve Technology Co., Ltd","robots":{"index":"index","follow":"follow","max-snippet":"max-snippet:-1","max-image-preview":"max-image-preview:large","max-video-preview":"max-video-preview:-1"},"canonical":"https:\/\/cnkazev.com\/pt\/produto\/angle-valve\/","og_locale":"pt_PT","og_type":"article","og_title":"Angle Valve - Wenzhou Kaizheng Valve Technology Co., Ltd","og_description":"The pneumatic threaded angle valve is an angle seat valve controlled by an air actuator. It adopts a threaded (internal thread) connection method and features a [\u2026]","og_url":"https:\/\/cnkazev.com\/pt\/produto\/angle-valve\/","og_site_name":"Wenzhou Kaizheng Valve Technology Co., Ltd","article_modified_time":"2026-04-08T15:55:40+00:00","og_image":[{"width":1000,"height":1000,"url":"https:\/\/cnkazev.com\/wp-content\/uploads\/2026\/04\/Stainless-steel-angle-valve-1-1.webp","type":"image\/webp"}],"twitter_card":"summary_large_image","twitter_misc":{"Tempo estimado de leitura":"4 minutos"},"schema":{"@context":"https:\/\/schema.org","@graph":[{"@type":"WebPage","@id":"https:\/\/cnkazev.com\/product\/angle-valve\/","url":"https:\/\/cnkazev.com\/product\/angle-valve\/","name":"Angle Valve - Wenzhou Kaizheng Valve Technology Co., Ltd","isPartOf":{"@id":"https:\/\/cnkazev.com\/#website"},"primaryImageOfPage":{"@id":"https:\/\/cnkazev.com\/product\/angle-valve\/#primaryimage"},"image":{"@id":"https:\/\/cnkazev.com\/product\/angle-valve\/#primaryimage"},"thumbnailUrl":"https:\/\/cnkazev.com\/wp-content\/uploads\/2026\/04\/Stainless-steel-angle-valve-1-1.webp","datePublished":"2026-04-08T15:50:29+00:00","dateModified":"2026-04-08T15:55:40+00:00","breadcrumb":{"@id":"https:\/\/cnkazev.com\/product\/angle-valve\/#breadcrumb"},"inLanguage":"pt-PT","potentialAction":[{"@type":"ReadAction","target":["https:\/\/cnkazev.com\/product\/angle-valve\/"]}]},{"@type":"ImageObject","inLanguage":"pt-PT","@id":"https:\/\/cnkazev.com\/product\/angle-valve\/#primaryimage","url":"https:\/\/cnkazev.com\/wp-content\/uploads\/2026\/04\/Stainless-steel-angle-valve-1-1.webp","contentUrl":"https:\/\/cnkazev.com\/wp-content\/uploads\/2026\/04\/Stainless-steel-angle-valve-1-1.webp","width":1000,"height":1000},{"@type":"BreadcrumbList","@id":"https:\/\/cnkazev.com\/product\/angle-valve\/#breadcrumb","itemListElement":[{"@type":"ListItem","position":1,"name":"Home","item":"https:\/\/cnkazev.com\/"},{"@type":"ListItem","position":2,"name":"Product","item":"https:\/\/cnkazev.com\/product\/"},{"@type":"ListItem","position":3,"name":"Angle Valve"}]},{"@type":"WebSite","@id":"https:\/\/cnkazev.com\/#website","url":"https:\/\/cnkazev.com\/","name":"Wenzhou Kaizheng Valve Technology Co., Ltd","description":"Wenzhou Kaizheng Valve Technology Co., Ltd","potentialAction":[{"@type":"SearchAction","target":{"@type":"EntryPoint","urlTemplate":"https:\/\/cnkazev.com\/?s={search_term_string}"},"query-input":{"@type":"PropertyValueSpecification","valueRequired":true,"valueName":"search_term_string"}}],"inLanguage":"pt-PT"}]}},"_links":{"self":[{"href":"https:\/\/cnkazev.com\/pt\/wp-json\/wp\/v2\/product\/510","targetHints":{"allow":["GET"]}}],"collection":[{"href":"https:\/\/cnkazev.com\/pt\/wp-json\/wp\/v2\/product"}],"about":[{"href":"https:\/\/cnkazev.com\/pt\/wp-json\/wp\/v2\/types\/product"}],"wp:featuredmedia":[{"embeddable":true,"href":"https:\/\/cnkazev.com\/pt\/wp-json\/wp\/v2\/media\/512"}],"wp:attachment":[{"href":"https:\/\/cnkazev.com\/pt\/wp-json\/wp\/v2\/media?parent=510"}],"wp:term":[{"taxonomy":"product_brand","embeddable":true,"href":"https:\/\/cnkazev.com\/pt\/wp-json\/wp\/v2\/product_brand?post=510"},{"taxonomy":"product_cat","embeddable":true,"href":"https:\/\/cnkazev.com\/pt\/wp-json\/wp\/v2\/product_cat?post=510"},{"taxonomy":"product_tag","embeddable":true,"href":"https:\/\/cnkazev.com\/pt\/wp-json\/wp\/v2\/product_tag?post=510"}],"curies":[{"name":"wp","href":"https:\/\/api.w.org\/{rel}","templated":true}]}}