{"id":493,"date":"2026-04-08T15:43:17","date_gmt":"2026-04-08T15:43:17","guid":{"rendered":"https:\/\/cnkazev.com\/?post_type=product&#038;p=493"},"modified":"2026-04-08T15:45:01","modified_gmt":"2026-04-08T15:45:01","slug":"butterfly-valve","status":"publish","type":"product","link":"https:\/\/cnkazev.com\/pt\/produto\/butterfly-valve\/","title":{"rendered":"V\u00e1lvula borboleta"},"content":{"rendered":"<p>Principais vantagens da v\u00e1lvula borboleta tipo wafer (dupla excentricidade + veda\u00e7\u00e3o suave)<br \/>\nVantagens em estrutura e instala\u00e7\u00e3o<br \/>\nEstrutura de dupla excentricidade: O eixo da v\u00e1lvula possui dupla excentricidade. Quando a borboleta \u00e9 aberta em aproximadamente 20\u00b0, ela se desprende da sede da v\u00e1lvula. Isso reduz significativamente o atrito, requer baixo torque e proporciona uma longa vida \u00fatil.<br \/>\nConex\u00e3o tipo grampo: Sem flange integrada. Estrutura compacta, leve, economiza espa\u00e7o e permite instala\u00e7\u00e3o r\u00e1pida.<br \/>\nF\u00e1cil de instalar, desmontar e reparar: A sede da v\u00e1lvula pode ser substitu\u00edda independentemente sem desmontar a placa borboleta ou o eixo da v\u00e1lvula, resultando em baixos custos de manuten\u00e7\u00e3o.<br \/>\nDestaques de veda\u00e7\u00e3o e desempenho<br \/>\nVeda\u00e7\u00e3o bidirecional sem vazamentos: Veda\u00e7\u00e3o macia (EPDM\/NBR\/PTFE) + veda\u00e7\u00e3o tipo l\u00e1bio\/assento flex\u00edvel, veda\u00e7\u00e3o de grau bolha<br \/>\nVeda\u00e7\u00e3o din\u00e2mica: Quanto mais firme a veda\u00e7\u00e3o, maior a press\u00e3o. Ela compensa as varia\u00e7\u00f5es de temperatura e press\u00e3o.<br \/>\nBaixa resist\u00eancia ao fluxo + Excelente regula\u00e7\u00e3o: Caracter\u00edstica de fluxo percentual aproximadamente igual, fun\u00e7\u00e3o dupla de corte e regula\u00e7\u00e3o.<br \/>\nSem travamentos durante a abertura e o fechamento: Baixo atrito, baixo torque, adequado para aplica\u00e7\u00f5es manuais\/turbinas\/pneum\u00e1ticas\/el\u00e9tricas.<br \/>\nMaterial adequado \u00e0s condi\u00e7\u00f5es de trabalho.<br \/>\nMateriais de alta qualidade: Corpo da v\u00e1lvula em WCB\/304\/316; Placa borboleta em a\u00e7o inoxid\u00e1vel; Sede da v\u00e1lvula dispon\u00edvel em diversos materiais el\u00e1sticos para sele\u00e7\u00e3o.<br \/>\nAmpla aplicabilidade: \u00e1gua, \u00f3leo, g\u00e1s, vapor, meios fracamente corrosivos; -30\u2103 ~ 180\u2103 (dependendo dos componentes de veda\u00e7\u00e3o)<br \/>\nAlta durabilidade: Suporta dezenas de milhares de opera\u00e7\u00f5es de abertura e fechamento sem qualquer perda, sendo adequado para condi\u00e7\u00f5es de comuta\u00e7\u00e3o frequente.<br \/>\nCusto e rela\u00e7\u00e3o custo-benef\u00edcio<br \/>\nLeve e com \u00f3timo custo-benef\u00edcio: A 30%+ \u00e9 mais leve que as v\u00e1lvulas borboleta flangeadas, reduzindo a carga na tubula\u00e7\u00e3o e os custos de instala\u00e7\u00e3o.<br \/>\nLonga vida \u00fatil + Manuten\u00e7\u00e3o f\u00e1cil: Reduz o tempo de inatividade e o consumo de pe\u00e7as de reposi\u00e7\u00e3o, al\u00e9m de apresentar um baixo custo total ao longo de todo o ciclo de vida.<\/p>\n<p><img loading=\"lazy\" decoding=\"async\" class=\"aligncenter size-full wp-image-501\" src=\"https:\/\/cnkazev.com\/wp-content\/uploads\/2026\/04\/DATA-FORM.webp\" alt=\"\" width=\"1000\" height=\"539\" srcset=\"https:\/\/cnkazev.com\/wp-content\/uploads\/2026\/04\/DATA-FORM.webp 1000w, https:\/\/cnkazev.com\/wp-content\/uploads\/2026\/04\/DATA-FORM-800x431.webp 800w, https:\/\/cnkazev.com\/wp-content\/uploads\/2026\/04\/DATA-FORM-500x270.webp 500w, https:\/\/cnkazev.com\/wp-content\/uploads\/2026\/04\/DATA-FORM-300x162.webp 300w, https:\/\/cnkazev.com\/wp-content\/uploads\/2026\/04\/DATA-FORM-768x414.webp 768w, https:\/\/cnkazev.com\/wp-content\/uploads\/2026\/04\/DATA-FORM-18x10.webp 18w, https:\/\/cnkazev.com\/wp-content\/uploads\/2026\/04\/DATA-FORM-139x75.webp 139w, https:\/\/cnkazev.com\/wp-content\/uploads\/2026\/04\/DATA-FORM-484x261.webp 484w\" sizes=\"auto, (max-width:767px) 484px, (max-width:1000px) 100vw, 1000px\" \/> <img loading=\"lazy\" decoding=\"async\" class=\"aligncenter size-full wp-image-500\" src=\"https:\/\/cnkazev.com\/wp-content\/uploads\/2026\/04\/Stainless-steel-cast-steel-butterfly-valve-6.webp\" alt=\"\" width=\"1000\" height=\"1000\" srcset=\"https:\/\/cnkazev.com\/wp-content\/uploads\/2026\/04\/Stainless-steel-cast-steel-butterfly-valve-6.webp 1000w, https:\/\/cnkazev.com\/wp-content\/uploads\/2026\/04\/Stainless-steel-cast-steel-butterfly-valve-6-800x800.webp 800w, https:\/\/cnkazev.com\/wp-content\/uploads\/2026\/04\/Stainless-steel-cast-steel-butterfly-valve-6-300x300.webp 300w, https:\/\/cnkazev.com\/wp-content\/uploads\/2026\/04\/Stainless-steel-cast-steel-butterfly-valve-6-500x500.webp 500w, https:\/\/cnkazev.com\/wp-content\/uploads\/2026\/04\/Stainless-steel-cast-steel-butterfly-valve-6-768x768.webp 768w, https:\/\/cnkazev.com\/wp-content\/uploads\/2026\/04\/Stainless-steel-cast-steel-butterfly-valve-6-12x12.webp 12w, https:\/\/cnkazev.com\/wp-content\/uploads\/2026\/04\/Stainless-steel-cast-steel-butterfly-valve-6-150x150.webp 150w, https:\/\/cnkazev.com\/wp-content\/uploads\/2026\/04\/Stainless-steel-cast-steel-butterfly-valve-6-75x75.webp 75w, https:\/\/cnkazev.com\/wp-content\/uploads\/2026\/04\/Stainless-steel-cast-steel-butterfly-valve-6-484x484.webp 484w\" sizes=\"auto, (max-width:767px) 484px, (max-width:1000px) 100vw, 1000px\" \/> <img loading=\"lazy\" decoding=\"async\" class=\"aligncenter size-full wp-image-499\" src=\"https:\/\/cnkazev.com\/wp-content\/uploads\/2026\/04\/Stainless-steel-cast-steel-butterfly-valve-5.webp\" alt=\"\" width=\"1000\" height=\"1000\" srcset=\"https:\/\/cnkazev.com\/wp-content\/uploads\/2026\/04\/Stainless-steel-cast-steel-butterfly-valve-5.webp 1000w, https:\/\/cnkazev.com\/wp-content\/uploads\/2026\/04\/Stainless-steel-cast-steel-butterfly-valve-5-800x800.webp 800w, https:\/\/cnkazev.com\/wp-content\/uploads\/2026\/04\/Stainless-steel-cast-steel-butterfly-valve-5-300x300.webp 300w, https:\/\/cnkazev.com\/wp-content\/uploads\/2026\/04\/Stainless-steel-cast-steel-butterfly-valve-5-500x500.webp 500w, https:\/\/cnkazev.com\/wp-content\/uploads\/2026\/04\/Stainless-steel-cast-steel-butterfly-valve-5-768x768.webp 768w, https:\/\/cnkazev.com\/wp-content\/uploads\/2026\/04\/Stainless-steel-cast-steel-butterfly-valve-5-12x12.webp 12w, https:\/\/cnkazev.com\/wp-content\/uploads\/2026\/04\/Stainless-steel-cast-steel-butterfly-valve-5-150x150.webp 150w, https:\/\/cnkazev.com\/wp-content\/uploads\/2026\/04\/Stainless-steel-cast-steel-butterfly-valve-5-75x75.webp 75w, https:\/\/cnkazev.com\/wp-content\/uploads\/2026\/04\/Stainless-steel-cast-steel-butterfly-valve-5-484x484.webp 484w\" sizes=\"auto, (max-width:767px) 484px, (max-width:1000px) 100vw, 1000px\" \/> <img loading=\"lazy\" decoding=\"async\" class=\"aligncenter size-full wp-image-498\" src=\"https:\/\/cnkazev.com\/wp-content\/uploads\/2026\/04\/Stainless-steel-cast-steel-butterfly-valve-4.webp\" alt=\"\" width=\"1000\" height=\"1000\" srcset=\"https:\/\/cnkazev.com\/wp-content\/uploads\/2026\/04\/Stainless-steel-cast-steel-butterfly-valve-4.webp 1000w, https:\/\/cnkazev.com\/wp-content\/uploads\/2026\/04\/Stainless-steel-cast-steel-butterfly-valve-4-800x800.webp 800w, https:\/\/cnkazev.com\/wp-content\/uploads\/2026\/04\/Stainless-steel-cast-steel-butterfly-valve-4-300x300.webp 300w, https:\/\/cnkazev.com\/wp-content\/uploads\/2026\/04\/Stainless-steel-cast-steel-butterfly-valve-4-500x500.webp 500w, https:\/\/cnkazev.com\/wp-content\/uploads\/2026\/04\/Stainless-steel-cast-steel-butterfly-valve-4-768x768.webp 768w, https:\/\/cnkazev.com\/wp-content\/uploads\/2026\/04\/Stainless-steel-cast-steel-butterfly-valve-4-12x12.webp 12w, https:\/\/cnkazev.com\/wp-content\/uploads\/2026\/04\/Stainless-steel-cast-steel-butterfly-valve-4-150x150.webp 150w, https:\/\/cnkazev.com\/wp-content\/uploads\/2026\/04\/Stainless-steel-cast-steel-butterfly-valve-4-75x75.webp 75w, https:\/\/cnkazev.com\/wp-content\/uploads\/2026\/04\/Stainless-steel-cast-steel-butterfly-valve-4-484x484.webp 484w\" sizes=\"auto, (max-width:767px) 484px, (max-width:1000px) 100vw, 1000px\" \/> <img loading=\"lazy\" decoding=\"async\" class=\"aligncenter size-full wp-image-497\" src=\"https:\/\/cnkazev.com\/wp-content\/uploads\/2026\/04\/Stainless-steel-cast-steel-butterfly-valve-3.webp\" alt=\"\" width=\"1000\" height=\"1000\" srcset=\"https:\/\/cnkazev.com\/wp-content\/uploads\/2026\/04\/Stainless-steel-cast-steel-butterfly-valve-3.webp 1000w, https:\/\/cnkazev.com\/wp-content\/uploads\/2026\/04\/Stainless-steel-cast-steel-butterfly-valve-3-800x800.webp 800w, https:\/\/cnkazev.com\/wp-content\/uploads\/2026\/04\/Stainless-steel-cast-steel-butterfly-valve-3-300x300.webp 300w, https:\/\/cnkazev.com\/wp-content\/uploads\/2026\/04\/Stainless-steel-cast-steel-butterfly-valve-3-500x500.webp 500w, https:\/\/cnkazev.com\/wp-content\/uploads\/2026\/04\/Stainless-steel-cast-steel-butterfly-valve-3-768x768.webp 768w, https:\/\/cnkazev.com\/wp-content\/uploads\/2026\/04\/Stainless-steel-cast-steel-butterfly-valve-3-12x12.webp 12w, https:\/\/cnkazev.com\/wp-content\/uploads\/2026\/04\/Stainless-steel-cast-steel-butterfly-valve-3-150x150.webp 150w, https:\/\/cnkazev.com\/wp-content\/uploads\/2026\/04\/Stainless-steel-cast-steel-butterfly-valve-3-75x75.webp 75w, https:\/\/cnkazev.com\/wp-content\/uploads\/2026\/04\/Stainless-steel-cast-steel-butterfly-valve-3-484x484.webp 484w\" sizes=\"auto, (max-width:767px) 484px, (max-width:1000px) 100vw, 1000px\" \/> <img loading=\"lazy\" decoding=\"async\" class=\"aligncenter size-full wp-image-496\" src=\"https:\/\/cnkazev.com\/wp-content\/uploads\/2026\/04\/Stainless-steel-cast-steel-butterfly-valve-2.webp\" alt=\"\" width=\"1000\" height=\"1000\" srcset=\"https:\/\/cnkazev.com\/wp-content\/uploads\/2026\/04\/Stainless-steel-cast-steel-butterfly-valve-2.webp 1000w, https:\/\/cnkazev.com\/wp-content\/uploads\/2026\/04\/Stainless-steel-cast-steel-butterfly-valve-2-800x800.webp 800w, https:\/\/cnkazev.com\/wp-content\/uploads\/2026\/04\/Stainless-steel-cast-steel-butterfly-valve-2-300x300.webp 300w, https:\/\/cnkazev.com\/wp-content\/uploads\/2026\/04\/Stainless-steel-cast-steel-butterfly-valve-2-500x500.webp 500w, https:\/\/cnkazev.com\/wp-content\/uploads\/2026\/04\/Stainless-steel-cast-steel-butterfly-valve-2-768x768.webp 768w, https:\/\/cnkazev.com\/wp-content\/uploads\/2026\/04\/Stainless-steel-cast-steel-butterfly-valve-2-12x12.webp 12w, https:\/\/cnkazev.com\/wp-content\/uploads\/2026\/04\/Stainless-steel-cast-steel-butterfly-valve-2-150x150.webp 150w, https:\/\/cnkazev.com\/wp-content\/uploads\/2026\/04\/Stainless-steel-cast-steel-butterfly-valve-2-75x75.webp 75w, https:\/\/cnkazev.com\/wp-content\/uploads\/2026\/04\/Stainless-steel-cast-steel-butterfly-valve-2-484x484.webp 484w\" sizes=\"auto, (max-width:767px) 484px, (max-width:1000px) 100vw, 1000px\" \/> <img loading=\"lazy\" decoding=\"async\" class=\"aligncenter size-full wp-image-495\" src=\"https:\/\/cnkazev.com\/wp-content\/uploads\/2026\/04\/Stainless-steel-cast-steel-butterfly-valve-1-1.webp\" alt=\"\" width=\"1000\" height=\"1000\" srcset=\"https:\/\/cnkazev.com\/wp-content\/uploads\/2026\/04\/Stainless-steel-cast-steel-butterfly-valve-1-1.webp 1000w, https:\/\/cnkazev.com\/wp-content\/uploads\/2026\/04\/Stainless-steel-cast-steel-butterfly-valve-1-1-800x800.webp 800w, https:\/\/cnkazev.com\/wp-content\/uploads\/2026\/04\/Stainless-steel-cast-steel-butterfly-valve-1-1-300x300.webp 300w, https:\/\/cnkazev.com\/wp-content\/uploads\/2026\/04\/Stainless-steel-cast-steel-butterfly-valve-1-1-500x500.webp 500w, https:\/\/cnkazev.com\/wp-content\/uploads\/2026\/04\/Stainless-steel-cast-steel-butterfly-valve-1-1-768x768.webp 768w, https:\/\/cnkazev.com\/wp-content\/uploads\/2026\/04\/Stainless-steel-cast-steel-butterfly-valve-1-1-12x12.webp 12w, https:\/\/cnkazev.com\/wp-content\/uploads\/2026\/04\/Stainless-steel-cast-steel-butterfly-valve-1-1-150x150.webp 150w, https:\/\/cnkazev.com\/wp-content\/uploads\/2026\/04\/Stainless-steel-cast-steel-butterfly-valve-1-1-75x75.webp 75w, https:\/\/cnkazev.com\/wp-content\/uploads\/2026\/04\/Stainless-steel-cast-steel-butterfly-valve-1-1-484x484.webp 484w\" sizes=\"auto, (max-width:767px) 484px, (max-width:1000px) 100vw, 1000px\" \/><\/p>\n<p>&nbsp;<\/p>","protected":false},"excerpt":{"rendered":"<p>The core selling points of the wafer butterfly valve (double eccentricity + soft seal) Advantages in Structure and Installation Double eccentric structure: The valve shaft is<span class=\"excerpt-hellip\"> [\u2026]<\/span><\/p>\n","protected":false},"featured_media":495,"template":"","meta":[],"product_brand":[],"product_cat":[40],"product_tag":[],"class_list":{"0":"post-493","1":"product","2":"type-product","3":"status-publish","4":"has-post-thumbnail","6":"product_cat-butterfly-valve","8":"first","9":"instock","10":"shipping-taxable","11":"product-type-external"},"yoast_head":"<!-- This site is optimized with the Yoast SEO plugin v26.6 - https:\/\/yoast.com\/wordpress\/plugins\/seo\/ -->\n<title>Butterfly Valve - Wenzhou Kaizheng Valve Technology Co., Ltd<\/title>\n<meta name=\"robots\" content=\"index, follow, max-snippet:-1, max-image-preview:large, max-video-preview:-1\" \/>\n<link rel=\"canonical\" href=\"https:\/\/cnkazev.com\/pt\/produto\/butterfly-valve\/\" \/>\n<meta property=\"og:locale\" content=\"pt_PT\" \/>\n<meta property=\"og:type\" content=\"article\" \/>\n<meta property=\"og:title\" content=\"Butterfly Valve - Wenzhou Kaizheng Valve Technology Co., Ltd\" \/>\n<meta property=\"og:description\" content=\"The core selling points of the wafer butterfly valve (double eccentricity + soft seal) Advantages in Structure and Installation Double eccentric structure: The valve shaft is [\u2026]\" \/>\n<meta property=\"og:url\" content=\"https:\/\/cnkazev.com\/pt\/produto\/butterfly-valve\/\" \/>\n<meta property=\"og:site_name\" content=\"Wenzhou Kaizheng Valve Technology Co., Ltd\" \/>\n<meta property=\"article:modified_time\" content=\"2026-04-08T15:45:01+00:00\" \/>\n<meta property=\"og:image\" content=\"https:\/\/cnkazev.com\/wp-content\/uploads\/2026\/04\/Stainless-steel-cast-steel-butterfly-valve-1-1.webp\" \/>\n\t<meta property=\"og:image:width\" content=\"1000\" \/>\n\t<meta property=\"og:image:height\" content=\"1000\" \/>\n\t<meta property=\"og:image:type\" content=\"image\/webp\" \/>\n<meta name=\"twitter:card\" content=\"summary_large_image\" \/>\n<meta name=\"twitter:label1\" content=\"Tempo estimado de leitura\" \/>\n\t<meta name=\"twitter:data1\" content=\"3 minutos\" \/>\n<script type=\"application\/ld+json\" class=\"yoast-schema-graph\">{\"@context\":\"https:\/\/schema.org\",\"@graph\":[{\"@type\":\"WebPage\",\"@id\":\"https:\/\/cnkazev.com\/product\/butterfly-valve\/\",\"url\":\"https:\/\/cnkazev.com\/product\/butterfly-valve\/\",\"name\":\"Butterfly Valve - Wenzhou Kaizheng Valve Technology Co., Ltd\",\"isPartOf\":{\"@id\":\"https:\/\/cnkazev.com\/#website\"},\"primaryImageOfPage\":{\"@id\":\"https:\/\/cnkazev.com\/product\/butterfly-valve\/#primaryimage\"},\"image\":{\"@id\":\"https:\/\/cnkazev.com\/product\/butterfly-valve\/#primaryimage\"},\"thumbnailUrl\":\"https:\/\/cnkazev.com\/wp-content\/uploads\/2026\/04\/Stainless-steel-cast-steel-butterfly-valve-1-1.webp\",\"datePublished\":\"2026-04-08T15:43:17+00:00\",\"dateModified\":\"2026-04-08T15:45:01+00:00\",\"breadcrumb\":{\"@id\":\"https:\/\/cnkazev.com\/product\/butterfly-valve\/#breadcrumb\"},\"inLanguage\":\"pt-PT\",\"potentialAction\":[{\"@type\":\"ReadAction\",\"target\":[\"https:\/\/cnkazev.com\/product\/butterfly-valve\/\"]}]},{\"@type\":\"ImageObject\",\"inLanguage\":\"pt-PT\",\"@id\":\"https:\/\/cnkazev.com\/product\/butterfly-valve\/#primaryimage\",\"url\":\"https:\/\/cnkazev.com\/wp-content\/uploads\/2026\/04\/Stainless-steel-cast-steel-butterfly-valve-1-1.webp\",\"contentUrl\":\"https:\/\/cnkazev.com\/wp-content\/uploads\/2026\/04\/Stainless-steel-cast-steel-butterfly-valve-1-1.webp\",\"width\":1000,\"height\":1000},{\"@type\":\"BreadcrumbList\",\"@id\":\"https:\/\/cnkazev.com\/product\/butterfly-valve\/#breadcrumb\",\"itemListElement\":[{\"@type\":\"ListItem\",\"position\":1,\"name\":\"Home\",\"item\":\"https:\/\/cnkazev.com\/\"},{\"@type\":\"ListItem\",\"position\":2,\"name\":\"Product\",\"item\":\"https:\/\/cnkazev.com\/product\/\"},{\"@type\":\"ListItem\",\"position\":3,\"name\":\"Butterfly Valve\"}]},{\"@type\":\"WebSite\",\"@id\":\"https:\/\/cnkazev.com\/#website\",\"url\":\"https:\/\/cnkazev.com\/\",\"name\":\"Wenzhou Kaizheng Valve Technology Co., Ltd\",\"description\":\"Wenzhou Kaizheng Valve Technology Co., Ltd\",\"potentialAction\":[{\"@type\":\"SearchAction\",\"target\":{\"@type\":\"EntryPoint\",\"urlTemplate\":\"https:\/\/cnkazev.com\/?s={search_term_string}\"},\"query-input\":{\"@type\":\"PropertyValueSpecification\",\"valueRequired\":true,\"valueName\":\"search_term_string\"}}],\"inLanguage\":\"pt-PT\"}]}<\/script>\n<!-- \/ Yoast SEO plugin. -->","yoast_head_json":{"title":"Butterfly Valve - Wenzhou Kaizheng Valve Technology Co., Ltd","robots":{"index":"index","follow":"follow","max-snippet":"max-snippet:-1","max-image-preview":"max-image-preview:large","max-video-preview":"max-video-preview:-1"},"canonical":"https:\/\/cnkazev.com\/pt\/produto\/butterfly-valve\/","og_locale":"pt_PT","og_type":"article","og_title":"Butterfly Valve - Wenzhou Kaizheng Valve Technology Co., Ltd","og_description":"The core selling points of the wafer butterfly valve (double eccentricity + soft seal) Advantages in Structure and Installation Double eccentric structure: The valve shaft is [\u2026]","og_url":"https:\/\/cnkazev.com\/pt\/produto\/butterfly-valve\/","og_site_name":"Wenzhou Kaizheng Valve Technology Co., Ltd","article_modified_time":"2026-04-08T15:45:01+00:00","og_image":[{"width":1000,"height":1000,"url":"https:\/\/cnkazev.com\/wp-content\/uploads\/2026\/04\/Stainless-steel-cast-steel-butterfly-valve-1-1.webp","type":"image\/webp"}],"twitter_card":"summary_large_image","twitter_misc":{"Tempo estimado de leitura":"3 minutos"},"schema":{"@context":"https:\/\/schema.org","@graph":[{"@type":"WebPage","@id":"https:\/\/cnkazev.com\/product\/butterfly-valve\/","url":"https:\/\/cnkazev.com\/product\/butterfly-valve\/","name":"Butterfly Valve - Wenzhou Kaizheng Valve Technology Co., Ltd","isPartOf":{"@id":"https:\/\/cnkazev.com\/#website"},"primaryImageOfPage":{"@id":"https:\/\/cnkazev.com\/product\/butterfly-valve\/#primaryimage"},"image":{"@id":"https:\/\/cnkazev.com\/product\/butterfly-valve\/#primaryimage"},"thumbnailUrl":"https:\/\/cnkazev.com\/wp-content\/uploads\/2026\/04\/Stainless-steel-cast-steel-butterfly-valve-1-1.webp","datePublished":"2026-04-08T15:43:17+00:00","dateModified":"2026-04-08T15:45:01+00:00","breadcrumb":{"@id":"https:\/\/cnkazev.com\/product\/butterfly-valve\/#breadcrumb"},"inLanguage":"pt-PT","potentialAction":[{"@type":"ReadAction","target":["https:\/\/cnkazev.com\/product\/butterfly-valve\/"]}]},{"@type":"ImageObject","inLanguage":"pt-PT","@id":"https:\/\/cnkazev.com\/product\/butterfly-valve\/#primaryimage","url":"https:\/\/cnkazev.com\/wp-content\/uploads\/2026\/04\/Stainless-steel-cast-steel-butterfly-valve-1-1.webp","contentUrl":"https:\/\/cnkazev.com\/wp-content\/uploads\/2026\/04\/Stainless-steel-cast-steel-butterfly-valve-1-1.webp","width":1000,"height":1000},{"@type":"BreadcrumbList","@id":"https:\/\/cnkazev.com\/product\/butterfly-valve\/#breadcrumb","itemListElement":[{"@type":"ListItem","position":1,"name":"Home","item":"https:\/\/cnkazev.com\/"},{"@type":"ListItem","position":2,"name":"Product","item":"https:\/\/cnkazev.com\/product\/"},{"@type":"ListItem","position":3,"name":"Butterfly Valve"}]},{"@type":"WebSite","@id":"https:\/\/cnkazev.com\/#website","url":"https:\/\/cnkazev.com\/","name":"Wenzhou Kaizheng Valve Technology Co., Ltd","description":"Wenzhou Kaizheng Valve Technology Co., Ltd","potentialAction":[{"@type":"SearchAction","target":{"@type":"EntryPoint","urlTemplate":"https:\/\/cnkazev.com\/?s={search_term_string}"},"query-input":{"@type":"PropertyValueSpecification","valueRequired":true,"valueName":"search_term_string"}}],"inLanguage":"pt-PT"}]}},"_links":{"self":[{"href":"https:\/\/cnkazev.com\/pt\/wp-json\/wp\/v2\/product\/493","targetHints":{"allow":["GET"]}}],"collection":[{"href":"https:\/\/cnkazev.com\/pt\/wp-json\/wp\/v2\/product"}],"about":[{"href":"https:\/\/cnkazev.com\/pt\/wp-json\/wp\/v2\/types\/product"}],"wp:featuredmedia":[{"embeddable":true,"href":"https:\/\/cnkazev.com\/pt\/wp-json\/wp\/v2\/media\/495"}],"wp:attachment":[{"href":"https:\/\/cnkazev.com\/pt\/wp-json\/wp\/v2\/media?parent=493"}],"wp:term":[{"taxonomy":"product_brand","embeddable":true,"href":"https:\/\/cnkazev.com\/pt\/wp-json\/wp\/v2\/product_brand?post=493"},{"taxonomy":"product_cat","embeddable":true,"href":"https:\/\/cnkazev.com\/pt\/wp-json\/wp\/v2\/product_cat?post=493"},{"taxonomy":"product_tag","embeddable":true,"href":"https:\/\/cnkazev.com\/pt\/wp-json\/wp\/v2\/product_tag?post=493"}],"curies":[{"name":"wp","href":"https:\/\/api.w.org\/{rel}","templated":true}]}}