{"id":502,"date":"2026-04-08T15:48:43","date_gmt":"2026-04-08T15:48:43","guid":{"rendered":"https:\/\/cnkazev.com\/?post_type=product&#038;p=502"},"modified":"2026-04-08T15:50:20","modified_gmt":"2026-04-08T15:50:20","slug":"globe-valve","status":"publish","type":"product","link":"https:\/\/cnkazev.com\/it\/prodotto\/globe-valve\/","title":{"rendered":"Globo Contact"},"content":{"rendered":"<p>La valvola a globo flangiata \u00e8 un tipo comune di valvola di intercettazione. Ecco una descrizione dettagliata:<\/p>\n<ul>\n<li>Metodo di connessione: Adotta una connessione flangiata, che garantisce una connessione robusta e un&#039;ottima tenuta. \u00c8 adatta a tubazioni di vari diametri nominali, generalmente compresi tra DN15 e DN300.<\/li>\n<li>Pressione nominale: La pressione nominale dei prodotti conformi agli standard americani varia da 150 LB a 1500 LB, mentre quella dei prodotti conformi agli standard cinesi \u00e8 generalmente compresa tra 1,6 MPa e 16,0 MPa.<\/li>\n<li>Intervallo di temperatura applicabile: L&#039;intervallo di temperatura di esercizio \u00e8 generalmente compreso tra -29\u2103 e 550\u2103, a seconda del materiale del corpo valvola e del materiale della superficie di tenuta.<\/li>\n<li>Materiale del corpo valvola: i materiali pi\u00f9 comuni includono WCB, acciaio al carbonio, acciaio fuso, acciaio inossidabile, ecc. La scelta del materiale pu\u00f2 essere effettuata in base ai diversi fluidi e alle condizioni di utilizzo.<\/li>\n<li>Fluidi applicabili: Adatto a diversi fluidi come acqua, olio, vapore, gas, ecc. \u00c8 ampiamente utilizzato in settori quali quello petrolifero, chimico, farmaceutico, dei fertilizzanti e della produzione di energia.<\/li>\n<li>Metodo di guida: I metodi di guida sono diversi e includono la guida manuale, con cambio, elettrica, pneumatica, ecc., in grado di soddisfare varie esigenze operative.<\/li>\n<li>Caratteristiche strutturali: L&#039;asse dello stelo della valvola \u00e8 perpendicolare alla superficie di tenuta della sede della valvola. Il disco della valvola ha una corsa breve, la superficie di tenuta \u00e8 meno soggetta a usura e le prestazioni di tenuta sono buone. Tuttavia, la resistenza al fluido \u00e8 elevata e anche la coppia di apertura e chiusura \u00e8 elevata.<\/li>\n<\/ul>\n<p><img loading=\"lazy\" decoding=\"async\" class=\"aligncenter size-full wp-image-509\" src=\"https:\/\/cnkazev.com\/wp-content\/uploads\/2026\/04\/Stainless-steel-and-carbon-steel-Globe-Valves-6.webp\" alt=\"\" width=\"1000\" height=\"1000\" srcset=\"https:\/\/cnkazev.com\/wp-content\/uploads\/2026\/04\/Stainless-steel-and-carbon-steel-Globe-Valves-6.webp 1000w, https:\/\/cnkazev.com\/wp-content\/uploads\/2026\/04\/Stainless-steel-and-carbon-steel-Globe-Valves-6-800x800.webp 800w, https:\/\/cnkazev.com\/wp-content\/uploads\/2026\/04\/Stainless-steel-and-carbon-steel-Globe-Valves-6-300x300.webp 300w, https:\/\/cnkazev.com\/wp-content\/uploads\/2026\/04\/Stainless-steel-and-carbon-steel-Globe-Valves-6-500x500.webp 500w, https:\/\/cnkazev.com\/wp-content\/uploads\/2026\/04\/Stainless-steel-and-carbon-steel-Globe-Valves-6-768x768.webp 768w, https:\/\/cnkazev.com\/wp-content\/uploads\/2026\/04\/Stainless-steel-and-carbon-steel-Globe-Valves-6-12x12.webp 12w, https:\/\/cnkazev.com\/wp-content\/uploads\/2026\/04\/Stainless-steel-and-carbon-steel-Globe-Valves-6-150x150.webp 150w, https:\/\/cnkazev.com\/wp-content\/uploads\/2026\/04\/Stainless-steel-and-carbon-steel-Globe-Valves-6-75x75.webp 75w, https:\/\/cnkazev.com\/wp-content\/uploads\/2026\/04\/Stainless-steel-and-carbon-steel-Globe-Valves-6-484x484.webp 484w\" sizes=\"auto, (max-width:767px) 484px, (max-width:1000px) 100vw, 1000px\" \/> <img loading=\"lazy\" decoding=\"async\" class=\"aligncenter size-full wp-image-508\" src=\"https:\/\/cnkazev.com\/wp-content\/uploads\/2026\/04\/Stainless-steel-and-carbon-steel-Globe-Valves-5.webp\" alt=\"\" width=\"1000\" height=\"1000\" srcset=\"https:\/\/cnkazev.com\/wp-content\/uploads\/2026\/04\/Stainless-steel-and-carbon-steel-Globe-Valves-5.webp 1000w, https:\/\/cnkazev.com\/wp-content\/uploads\/2026\/04\/Stainless-steel-and-carbon-steel-Globe-Valves-5-800x800.webp 800w, https:\/\/cnkazev.com\/wp-content\/uploads\/2026\/04\/Stainless-steel-and-carbon-steel-Globe-Valves-5-300x300.webp 300w, https:\/\/cnkazev.com\/wp-content\/uploads\/2026\/04\/Stainless-steel-and-carbon-steel-Globe-Valves-5-500x500.webp 500w, https:\/\/cnkazev.com\/wp-content\/uploads\/2026\/04\/Stainless-steel-and-carbon-steel-Globe-Valves-5-768x768.webp 768w, https:\/\/cnkazev.com\/wp-content\/uploads\/2026\/04\/Stainless-steel-and-carbon-steel-Globe-Valves-5-12x12.webp 12w, https:\/\/cnkazev.com\/wp-content\/uploads\/2026\/04\/Stainless-steel-and-carbon-steel-Globe-Valves-5-150x150.webp 150w, https:\/\/cnkazev.com\/wp-content\/uploads\/2026\/04\/Stainless-steel-and-carbon-steel-Globe-Valves-5-75x75.webp 75w, https:\/\/cnkazev.com\/wp-content\/uploads\/2026\/04\/Stainless-steel-and-carbon-steel-Globe-Valves-5-484x484.webp 484w\" sizes=\"auto, (max-width:767px) 484px, (max-width:1000px) 100vw, 1000px\" \/> <img loading=\"lazy\" decoding=\"async\" class=\"aligncenter size-full wp-image-507\" src=\"https:\/\/cnkazev.com\/wp-content\/uploads\/2026\/04\/Stainless-steel-and-carbon-steel-Globe-Valves-4.webp\" alt=\"\" width=\"1000\" height=\"1000\" srcset=\"https:\/\/cnkazev.com\/wp-content\/uploads\/2026\/04\/Stainless-steel-and-carbon-steel-Globe-Valves-4.webp 1000w, https:\/\/cnkazev.com\/wp-content\/uploads\/2026\/04\/Stainless-steel-and-carbon-steel-Globe-Valves-4-800x800.webp 800w, https:\/\/cnkazev.com\/wp-content\/uploads\/2026\/04\/Stainless-steel-and-carbon-steel-Globe-Valves-4-300x300.webp 300w, https:\/\/cnkazev.com\/wp-content\/uploads\/2026\/04\/Stainless-steel-and-carbon-steel-Globe-Valves-4-500x500.webp 500w, https:\/\/cnkazev.com\/wp-content\/uploads\/2026\/04\/Stainless-steel-and-carbon-steel-Globe-Valves-4-768x768.webp 768w, https:\/\/cnkazev.com\/wp-content\/uploads\/2026\/04\/Stainless-steel-and-carbon-steel-Globe-Valves-4-12x12.webp 12w, https:\/\/cnkazev.com\/wp-content\/uploads\/2026\/04\/Stainless-steel-and-carbon-steel-Globe-Valves-4-150x150.webp 150w, https:\/\/cnkazev.com\/wp-content\/uploads\/2026\/04\/Stainless-steel-and-carbon-steel-Globe-Valves-4-75x75.webp 75w, https:\/\/cnkazev.com\/wp-content\/uploads\/2026\/04\/Stainless-steel-and-carbon-steel-Globe-Valves-4-484x484.webp 484w\" sizes=\"auto, (max-width:767px) 484px, (max-width:1000px) 100vw, 1000px\" \/> <img loading=\"lazy\" decoding=\"async\" class=\"aligncenter size-full wp-image-506\" src=\"https:\/\/cnkazev.com\/wp-content\/uploads\/2026\/04\/Stainless-steel-and-carbon-steel-Globe-Valves-3.webp\" alt=\"\" width=\"1000\" height=\"1000\" srcset=\"https:\/\/cnkazev.com\/wp-content\/uploads\/2026\/04\/Stainless-steel-and-carbon-steel-Globe-Valves-3.webp 1000w, https:\/\/cnkazev.com\/wp-content\/uploads\/2026\/04\/Stainless-steel-and-carbon-steel-Globe-Valves-3-800x800.webp 800w, https:\/\/cnkazev.com\/wp-content\/uploads\/2026\/04\/Stainless-steel-and-carbon-steel-Globe-Valves-3-300x300.webp 300w, https:\/\/cnkazev.com\/wp-content\/uploads\/2026\/04\/Stainless-steel-and-carbon-steel-Globe-Valves-3-500x500.webp 500w, https:\/\/cnkazev.com\/wp-content\/uploads\/2026\/04\/Stainless-steel-and-carbon-steel-Globe-Valves-3-768x768.webp 768w, https:\/\/cnkazev.com\/wp-content\/uploads\/2026\/04\/Stainless-steel-and-carbon-steel-Globe-Valves-3-12x12.webp 12w, https:\/\/cnkazev.com\/wp-content\/uploads\/2026\/04\/Stainless-steel-and-carbon-steel-Globe-Valves-3-150x150.webp 150w, https:\/\/cnkazev.com\/wp-content\/uploads\/2026\/04\/Stainless-steel-and-carbon-steel-Globe-Valves-3-75x75.webp 75w, https:\/\/cnkazev.com\/wp-content\/uploads\/2026\/04\/Stainless-steel-and-carbon-steel-Globe-Valves-3-484x484.webp 484w\" sizes=\"auto, (max-width:767px) 484px, (max-width:1000px) 100vw, 1000px\" \/> <img loading=\"lazy\" decoding=\"async\" class=\"aligncenter size-full wp-image-505\" src=\"https:\/\/cnkazev.com\/wp-content\/uploads\/2026\/04\/Stainless-steel-and-carbon-steel-Globe-Valves-2.webp\" alt=\"\" width=\"1000\" height=\"1000\" srcset=\"https:\/\/cnkazev.com\/wp-content\/uploads\/2026\/04\/Stainless-steel-and-carbon-steel-Globe-Valves-2.webp 1000w, https:\/\/cnkazev.com\/wp-content\/uploads\/2026\/04\/Stainless-steel-and-carbon-steel-Globe-Valves-2-800x800.webp 800w, https:\/\/cnkazev.com\/wp-content\/uploads\/2026\/04\/Stainless-steel-and-carbon-steel-Globe-Valves-2-300x300.webp 300w, https:\/\/cnkazev.com\/wp-content\/uploads\/2026\/04\/Stainless-steel-and-carbon-steel-Globe-Valves-2-500x500.webp 500w, https:\/\/cnkazev.com\/wp-content\/uploads\/2026\/04\/Stainless-steel-and-carbon-steel-Globe-Valves-2-768x768.webp 768w, https:\/\/cnkazev.com\/wp-content\/uploads\/2026\/04\/Stainless-steel-and-carbon-steel-Globe-Valves-2-12x12.webp 12w, https:\/\/cnkazev.com\/wp-content\/uploads\/2026\/04\/Stainless-steel-and-carbon-steel-Globe-Valves-2-150x150.webp 150w, https:\/\/cnkazev.com\/wp-content\/uploads\/2026\/04\/Stainless-steel-and-carbon-steel-Globe-Valves-2-75x75.webp 75w, https:\/\/cnkazev.com\/wp-content\/uploads\/2026\/04\/Stainless-steel-and-carbon-steel-Globe-Valves-2-484x484.webp 484w\" sizes=\"auto, (max-width:767px) 484px, (max-width:1000px) 100vw, 1000px\" \/> <img loading=\"lazy\" decoding=\"async\" class=\"aligncenter size-full wp-image-504\" src=\"https:\/\/cnkazev.com\/wp-content\/uploads\/2026\/04\/Stainless-steel-and-carbon-steel-Globe-Valves-1-1.webp\" alt=\"\" width=\"1000\" height=\"1000\" srcset=\"https:\/\/cnkazev.com\/wp-content\/uploads\/2026\/04\/Stainless-steel-and-carbon-steel-Globe-Valves-1-1.webp 1000w, https:\/\/cnkazev.com\/wp-content\/uploads\/2026\/04\/Stainless-steel-and-carbon-steel-Globe-Valves-1-1-800x800.webp 800w, https:\/\/cnkazev.com\/wp-content\/uploads\/2026\/04\/Stainless-steel-and-carbon-steel-Globe-Valves-1-1-300x300.webp 300w, https:\/\/cnkazev.com\/wp-content\/uploads\/2026\/04\/Stainless-steel-and-carbon-steel-Globe-Valves-1-1-500x500.webp 500w, https:\/\/cnkazev.com\/wp-content\/uploads\/2026\/04\/Stainless-steel-and-carbon-steel-Globe-Valves-1-1-768x768.webp 768w, https:\/\/cnkazev.com\/wp-content\/uploads\/2026\/04\/Stainless-steel-and-carbon-steel-Globe-Valves-1-1-12x12.webp 12w, https:\/\/cnkazev.com\/wp-content\/uploads\/2026\/04\/Stainless-steel-and-carbon-steel-Globe-Valves-1-1-150x150.webp 150w, https:\/\/cnkazev.com\/wp-content\/uploads\/2026\/04\/Stainless-steel-and-carbon-steel-Globe-Valves-1-1-75x75.webp 75w, https:\/\/cnkazev.com\/wp-content\/uploads\/2026\/04\/Stainless-steel-and-carbon-steel-Globe-Valves-1-1-484x484.webp 484w\" sizes=\"auto, (max-width:767px) 484px, (max-width:1000px) 100vw, 1000px\" \/><\/p>","protected":false},"excerpt":{"rendered":"<p>The flange Globe\u00a0valve is a common type of shut-off valve. Here is a detailed introduction of it: Connection method: It adopts flange connection, featuring strong connection<span class=\"excerpt-hellip\"> [\u2026]<\/span><\/p>\n","protected":false},"featured_media":504,"template":"","meta":[],"product_brand":[],"product_cat":[39],"product_tag":[],"class_list":{"0":"post-502","1":"product","2":"type-product","3":"status-publish","4":"has-post-thumbnail","6":"product_cat-globe-valve","8":"first","9":"instock","10":"shipping-taxable","11":"product-type-external"},"yoast_head":"<!-- This site is optimized with the Yoast SEO plugin v26.6 - https:\/\/yoast.com\/wordpress\/plugins\/seo\/ -->\n<title>Globe Valve - Wenzhou Kaizheng Valve Technology Co., Ltd<\/title>\n<meta name=\"robots\" content=\"index, follow, max-snippet:-1, max-image-preview:large, max-video-preview:-1\" \/>\n<link rel=\"canonical\" href=\"https:\/\/cnkazev.com\/it\/prodotto\/globe-valve\/\" \/>\n<meta property=\"og:locale\" content=\"it_IT\" \/>\n<meta property=\"og:type\" content=\"article\" \/>\n<meta property=\"og:title\" content=\"Globe Valve - Wenzhou Kaizheng Valve Technology Co., Ltd\" \/>\n<meta property=\"og:description\" content=\"The flange Globe\u00a0valve is a common type of shut-off valve. Here is a detailed introduction of it: Connection method: It adopts flange connection, featuring strong connection [\u2026]\" \/>\n<meta property=\"og:url\" content=\"https:\/\/cnkazev.com\/it\/prodotto\/globe-valve\/\" \/>\n<meta property=\"og:site_name\" content=\"Wenzhou Kaizheng Valve Technology Co., Ltd\" \/>\n<meta property=\"article:modified_time\" content=\"2026-04-08T15:50:20+00:00\" \/>\n<meta property=\"og:image\" content=\"https:\/\/cnkazev.com\/wp-content\/uploads\/2026\/04\/Stainless-steel-and-carbon-steel-Globe-Valves-1-1.webp\" \/>\n\t<meta property=\"og:image:width\" content=\"1000\" \/>\n\t<meta property=\"og:image:height\" content=\"1000\" \/>\n\t<meta property=\"og:image:type\" content=\"image\/webp\" \/>\n<meta name=\"twitter:card\" content=\"summary_large_image\" \/>\n<meta name=\"twitter:label1\" content=\"Tempo di lettura stimato\" \/>\n\t<meta name=\"twitter:data1\" content=\"2 minuti\" \/>\n<script type=\"application\/ld+json\" class=\"yoast-schema-graph\">{\"@context\":\"https:\/\/schema.org\",\"@graph\":[{\"@type\":\"WebPage\",\"@id\":\"https:\/\/cnkazev.com\/product\/globe-valve\/\",\"url\":\"https:\/\/cnkazev.com\/product\/globe-valve\/\",\"name\":\"Globe Valve - Wenzhou Kaizheng Valve Technology Co., Ltd\",\"isPartOf\":{\"@id\":\"https:\/\/cnkazev.com\/#website\"},\"primaryImageOfPage\":{\"@id\":\"https:\/\/cnkazev.com\/product\/globe-valve\/#primaryimage\"},\"image\":{\"@id\":\"https:\/\/cnkazev.com\/product\/globe-valve\/#primaryimage\"},\"thumbnailUrl\":\"https:\/\/cnkazev.com\/wp-content\/uploads\/2026\/04\/Stainless-steel-and-carbon-steel-Globe-Valves-1-1.webp\",\"datePublished\":\"2026-04-08T15:48:43+00:00\",\"dateModified\":\"2026-04-08T15:50:20+00:00\",\"breadcrumb\":{\"@id\":\"https:\/\/cnkazev.com\/product\/globe-valve\/#breadcrumb\"},\"inLanguage\":\"it-IT\",\"potentialAction\":[{\"@type\":\"ReadAction\",\"target\":[\"https:\/\/cnkazev.com\/product\/globe-valve\/\"]}]},{\"@type\":\"ImageObject\",\"inLanguage\":\"it-IT\",\"@id\":\"https:\/\/cnkazev.com\/product\/globe-valve\/#primaryimage\",\"url\":\"https:\/\/cnkazev.com\/wp-content\/uploads\/2026\/04\/Stainless-steel-and-carbon-steel-Globe-Valves-1-1.webp\",\"contentUrl\":\"https:\/\/cnkazev.com\/wp-content\/uploads\/2026\/04\/Stainless-steel-and-carbon-steel-Globe-Valves-1-1.webp\",\"width\":1000,\"height\":1000},{\"@type\":\"BreadcrumbList\",\"@id\":\"https:\/\/cnkazev.com\/product\/globe-valve\/#breadcrumb\",\"itemListElement\":[{\"@type\":\"ListItem\",\"position\":1,\"name\":\"Home\",\"item\":\"https:\/\/cnkazev.com\/\"},{\"@type\":\"ListItem\",\"position\":2,\"name\":\"Product\",\"item\":\"https:\/\/cnkazev.com\/product\/\"},{\"@type\":\"ListItem\",\"position\":3,\"name\":\"Globe Valve\"}]},{\"@type\":\"WebSite\",\"@id\":\"https:\/\/cnkazev.com\/#website\",\"url\":\"https:\/\/cnkazev.com\/\",\"name\":\"Wenzhou Kaizheng Valve Technology Co., Ltd\",\"description\":\"Wenzhou Kaizheng Valve Technology Co., Ltd\",\"potentialAction\":[{\"@type\":\"SearchAction\",\"target\":{\"@type\":\"EntryPoint\",\"urlTemplate\":\"https:\/\/cnkazev.com\/?s={search_term_string}\"},\"query-input\":{\"@type\":\"PropertyValueSpecification\",\"valueRequired\":true,\"valueName\":\"search_term_string\"}}],\"inLanguage\":\"it-IT\"}]}<\/script>\n<!-- \/ Yoast SEO plugin. -->","yoast_head_json":{"title":"Globe Valve - Wenzhou Kaizheng Valve Technology Co., Ltd","robots":{"index":"index","follow":"follow","max-snippet":"max-snippet:-1","max-image-preview":"max-image-preview:large","max-video-preview":"max-video-preview:-1"},"canonical":"https:\/\/cnkazev.com\/it\/prodotto\/globe-valve\/","og_locale":"it_IT","og_type":"article","og_title":"Globe Valve - Wenzhou Kaizheng Valve Technology Co., Ltd","og_description":"The flange Globe\u00a0valve is a common type of shut-off valve. Here is a detailed introduction of it: Connection method: It adopts flange connection, featuring strong connection [\u2026]","og_url":"https:\/\/cnkazev.com\/it\/prodotto\/globe-valve\/","og_site_name":"Wenzhou Kaizheng Valve Technology Co., Ltd","article_modified_time":"2026-04-08T15:50:20+00:00","og_image":[{"width":1000,"height":1000,"url":"https:\/\/cnkazev.com\/wp-content\/uploads\/2026\/04\/Stainless-steel-and-carbon-steel-Globe-Valves-1-1.webp","type":"image\/webp"}],"twitter_card":"summary_large_image","twitter_misc":{"Tempo di lettura stimato":"2 minuti"},"schema":{"@context":"https:\/\/schema.org","@graph":[{"@type":"WebPage","@id":"https:\/\/cnkazev.com\/product\/globe-valve\/","url":"https:\/\/cnkazev.com\/product\/globe-valve\/","name":"Globe Valve - Wenzhou Kaizheng Valve Technology Co., Ltd","isPartOf":{"@id":"https:\/\/cnkazev.com\/#website"},"primaryImageOfPage":{"@id":"https:\/\/cnkazev.com\/product\/globe-valve\/#primaryimage"},"image":{"@id":"https:\/\/cnkazev.com\/product\/globe-valve\/#primaryimage"},"thumbnailUrl":"https:\/\/cnkazev.com\/wp-content\/uploads\/2026\/04\/Stainless-steel-and-carbon-steel-Globe-Valves-1-1.webp","datePublished":"2026-04-08T15:48:43+00:00","dateModified":"2026-04-08T15:50:20+00:00","breadcrumb":{"@id":"https:\/\/cnkazev.com\/product\/globe-valve\/#breadcrumb"},"inLanguage":"it-IT","potentialAction":[{"@type":"ReadAction","target":["https:\/\/cnkazev.com\/product\/globe-valve\/"]}]},{"@type":"ImageObject","inLanguage":"it-IT","@id":"https:\/\/cnkazev.com\/product\/globe-valve\/#primaryimage","url":"https:\/\/cnkazev.com\/wp-content\/uploads\/2026\/04\/Stainless-steel-and-carbon-steel-Globe-Valves-1-1.webp","contentUrl":"https:\/\/cnkazev.com\/wp-content\/uploads\/2026\/04\/Stainless-steel-and-carbon-steel-Globe-Valves-1-1.webp","width":1000,"height":1000},{"@type":"BreadcrumbList","@id":"https:\/\/cnkazev.com\/product\/globe-valve\/#breadcrumb","itemListElement":[{"@type":"ListItem","position":1,"name":"Home","item":"https:\/\/cnkazev.com\/"},{"@type":"ListItem","position":2,"name":"Product","item":"https:\/\/cnkazev.com\/product\/"},{"@type":"ListItem","position":3,"name":"Globe Valve"}]},{"@type":"WebSite","@id":"https:\/\/cnkazev.com\/#website","url":"https:\/\/cnkazev.com\/","name":"Wenzhou Kaizheng Valve Technology Co., Ltd","description":"Wenzhou Kaizheng Valve Technology Co., Ltd","potentialAction":[{"@type":"SearchAction","target":{"@type":"EntryPoint","urlTemplate":"https:\/\/cnkazev.com\/?s={search_term_string}"},"query-input":{"@type":"PropertyValueSpecification","valueRequired":true,"valueName":"search_term_string"}}],"inLanguage":"it-IT"}]}},"_links":{"self":[{"href":"https:\/\/cnkazev.com\/it\/wp-json\/wp\/v2\/product\/502","targetHints":{"allow":["GET"]}}],"collection":[{"href":"https:\/\/cnkazev.com\/it\/wp-json\/wp\/v2\/product"}],"about":[{"href":"https:\/\/cnkazev.com\/it\/wp-json\/wp\/v2\/types\/product"}],"wp:featuredmedia":[{"embeddable":true,"href":"https:\/\/cnkazev.com\/it\/wp-json\/wp\/v2\/media\/504"}],"wp:attachment":[{"href":"https:\/\/cnkazev.com\/it\/wp-json\/wp\/v2\/media?parent=502"}],"wp:term":[{"taxonomy":"product_brand","embeddable":true,"href":"https:\/\/cnkazev.com\/it\/wp-json\/wp\/v2\/product_brand?post=502"},{"taxonomy":"product_cat","embeddable":true,"href":"https:\/\/cnkazev.com\/it\/wp-json\/wp\/v2\/product_cat?post=502"},{"taxonomy":"product_tag","embeddable":true,"href":"https:\/\/cnkazev.com\/it\/wp-json\/wp\/v2\/product_tag?post=502"}],"curies":[{"name":"wp","href":"https:\/\/api.w.org\/{rel}","templated":true}]}}