{"id":545,"date":"2026-04-08T16:02:20","date_gmt":"2026-04-08T16:02:20","guid":{"rendered":"https:\/\/cnkazev.com\/?post_type=product&#038;p=545"},"modified":"2026-04-08T16:03:30","modified_gmt":"2026-04-08T16:03:30","slug":"gate-valve","status":"publish","type":"product","link":"https:\/\/cnkazev.com\/fr\/produit\/gate-valve\/","title":{"rendered":"Vanne \u00e0 guillotine"},"content":{"rendered":"<p>Cette vanne \u00e0 opercule \u00e0 brides est un type courant de vanne d&#039;arr\u00eat. Voici une pr\u00e9sentation d\u00e9taill\u00e9e\u00a0:<\/p>\n<ul>\n<li>M\u00e9thode de raccordement\u00a0: Le raccordement se fait par brides, assurant une liaison robuste et une excellente \u00e9tanch\u00e9it\u00e9. Le diam\u00e8tre nominal est g\u00e9n\u00e9ralement compris entre DN15 et DN1000.<\/li>\n<li>Pression nominale\u00a0: La plage de pression se situe g\u00e9n\u00e9ralement entre 1,6\u00a0MPa et 16,0\u00a0MPa, ce qui permet de r\u00e9pondre aux exigences de diverses conditions de pression. \u2022 Plage de temp\u00e9rature d\u2019utilisation\u00a0: La plage de temp\u00e9rature de fonctionnement est g\u00e9n\u00e9ralement de -29\u00a0\u00b0C \u00e0 550\u00a0\u00b0C, selon le mat\u00e9riau du corps de vanne et celui de la surface d\u2019\u00e9tanch\u00e9it\u00e9.<\/li>\n<li>Mat\u00e9riau du corps de vanne\u00a0: Les mat\u00e9riaux couramment disponibles comprennent le WCB, l\u2019acier moul\u00e9, l\u2019acier au carbone, l\u2019acier inoxydable, l\u2019acier au chrome-molybd\u00e8ne, etc. Le choix du mat\u00e9riau peut \u00eatre fait en fonction des diff\u00e9rents fluides et conditions d\u2019utilisation.<\/li>\n<li>Milieux compatibles\u00a0: Convient \u00e0 l\u2019eau, aux produits p\u00e9troliers, \u00e0 la vapeur, ainsi qu\u2019aux acides, aux bases, \u00e0 l\u2019ammoniac, \u00e0 l\u2019ur\u00e9e, au gaz naturel soufr\u00e9 et \u00e0 divers autres milieux. Largement utilis\u00e9 dans des secteurs tels que le p\u00e9trole, la chimie, l\u2019hydro\u00e9lectricit\u00e9 et la production d\u2019\u00e9nergie thermique.<\/li>\n<li>Modes de conduite : Les modes de conduite sont divers, notamment manuels, \u00e0 transmission par engrenages, \u00e9lectriques, pneumatiques, hydrauliques, etc., ce qui permet de r\u00e9pondre \u00e0 diverses exigences op\u00e9rationnelles.<\/li>\n<li>Caract\u00e9ristiques structurelles\u00a0: Le joint d\u2019\u00e9tanch\u00e9it\u00e9 est parfaitement adapt\u00e9 et tr\u00e8s performant. Les surfaces d\u2019\u00e9tanch\u00e9it\u00e9 du clapet et du si\u00e8ge de soupape sont r\u00e9alis\u00e9es par superposition d\u2019alliages durs \u00e0 base de cobalt rev\u00eatus de Samte, de duret\u00e9s diff\u00e9rentes. L\u2019\u00e9tanch\u00e9it\u00e9 est fiable et offre une duret\u00e9 \u00e9lev\u00e9e, une excellente r\u00e9sistance \u00e0 l\u2019usure, aux hautes temp\u00e9ratures et \u00e0 la corrosion. La tige de soupape subit un traitement de trempe et de nitruration superficielle, lui conf\u00e9rant une r\u00e9sistance exceptionnelle \u00e0 la corrosion, \u00e0 l\u2019abrasion et \u00e0 l\u2019usure.<img loading=\"lazy\" decoding=\"async\" class=\"aligncenter size-full wp-image-544\" src=\"https:\/\/cnkazev.com\/wp-content\/uploads\/2026\/04\/DATA-FORM-2.webp\" alt=\"\" width=\"1000\" height=\"1000\" srcset=\"https:\/\/cnkazev.com\/wp-content\/uploads\/2026\/04\/DATA-FORM-2.webp 1000w, https:\/\/cnkazev.com\/wp-content\/uploads\/2026\/04\/DATA-FORM-2-500x500.webp 500w, https:\/\/cnkazev.com\/wp-content\/uploads\/2026\/04\/DATA-FORM-2-300x300.webp 300w, https:\/\/cnkazev.com\/wp-content\/uploads\/2026\/04\/DATA-FORM-2-768x768.webp 768w, https:\/\/cnkazev.com\/wp-content\/uploads\/2026\/04\/DATA-FORM-2-12x12.webp 12w, https:\/\/cnkazev.com\/wp-content\/uploads\/2026\/04\/DATA-FORM-2-150x150.webp 150w, https:\/\/cnkazev.com\/wp-content\/uploads\/2026\/04\/DATA-FORM-2-75x75.webp 75w, https:\/\/cnkazev.com\/wp-content\/uploads\/2026\/04\/DATA-FORM-2-484x484.webp 484w, https:\/\/cnkazev.com\/wp-content\/uploads\/2026\/04\/DATA-FORM-2-800x800.webp 800w\" sizes=\"auto, (max-width:767px) 484px, (max-width:1000px) 100vw, 1000px\" \/> <img loading=\"lazy\" decoding=\"async\" class=\"aligncenter size-full wp-image-542\" src=\"https:\/\/cnkazev.com\/wp-content\/uploads\/2026\/04\/Stainless-steel-and-carbon-steel-gate-valves5.webp\" alt=\"\" width=\"1000\" height=\"1000\" srcset=\"https:\/\/cnkazev.com\/wp-content\/uploads\/2026\/04\/Stainless-steel-and-carbon-steel-gate-valves5.webp 1000w, https:\/\/cnkazev.com\/wp-content\/uploads\/2026\/04\/Stainless-steel-and-carbon-steel-gate-valves5-500x500.webp 500w, https:\/\/cnkazev.com\/wp-content\/uploads\/2026\/04\/Stainless-steel-and-carbon-steel-gate-valves5-300x300.webp 300w, https:\/\/cnkazev.com\/wp-content\/uploads\/2026\/04\/Stainless-steel-and-carbon-steel-gate-valves5-768x768.webp 768w, https:\/\/cnkazev.com\/wp-content\/uploads\/2026\/04\/Stainless-steel-and-carbon-steel-gate-valves5-12x12.webp 12w, https:\/\/cnkazev.com\/wp-content\/uploads\/2026\/04\/Stainless-steel-and-carbon-steel-gate-valves5-150x150.webp 150w, https:\/\/cnkazev.com\/wp-content\/uploads\/2026\/04\/Stainless-steel-and-carbon-steel-gate-valves5-75x75.webp 75w, https:\/\/cnkazev.com\/wp-content\/uploads\/2026\/04\/Stainless-steel-and-carbon-steel-gate-valves5-484x484.webp 484w, https:\/\/cnkazev.com\/wp-content\/uploads\/2026\/04\/Stainless-steel-and-carbon-steel-gate-valves5-800x800.webp 800w\" sizes=\"auto, (max-width:767px) 484px, (max-width:1000px) 100vw, 1000px\" \/> <img loading=\"lazy\" decoding=\"async\" class=\"aligncenter size-full wp-image-541\" src=\"https:\/\/cnkazev.com\/wp-content\/uploads\/2026\/04\/Stainless-steel-and-carbon-steel-gate-valves4.webp\" alt=\"\" width=\"1000\" height=\"1000\" srcset=\"https:\/\/cnkazev.com\/wp-content\/uploads\/2026\/04\/Stainless-steel-and-carbon-steel-gate-valves4.webp 1000w, https:\/\/cnkazev.com\/wp-content\/uploads\/2026\/04\/Stainless-steel-and-carbon-steel-gate-valves4-500x500.webp 500w, https:\/\/cnkazev.com\/wp-content\/uploads\/2026\/04\/Stainless-steel-and-carbon-steel-gate-valves4-300x300.webp 300w, https:\/\/cnkazev.com\/wp-content\/uploads\/2026\/04\/Stainless-steel-and-carbon-steel-gate-valves4-768x768.webp 768w, https:\/\/cnkazev.com\/wp-content\/uploads\/2026\/04\/Stainless-steel-and-carbon-steel-gate-valves4-12x12.webp 12w, https:\/\/cnkazev.com\/wp-content\/uploads\/2026\/04\/Stainless-steel-and-carbon-steel-gate-valves4-150x150.webp 150w, https:\/\/cnkazev.com\/wp-content\/uploads\/2026\/04\/Stainless-steel-and-carbon-steel-gate-valves4-75x75.webp 75w, https:\/\/cnkazev.com\/wp-content\/uploads\/2026\/04\/Stainless-steel-and-carbon-steel-gate-valves4-484x484.webp 484w, https:\/\/cnkazev.com\/wp-content\/uploads\/2026\/04\/Stainless-steel-and-carbon-steel-gate-valves4-800x800.webp 800w\" sizes=\"auto, (max-width:767px) 484px, (max-width:1000px) 100vw, 1000px\" \/> <img loading=\"lazy\" decoding=\"async\" class=\"aligncenter size-full wp-image-540\" src=\"https:\/\/cnkazev.com\/wp-content\/uploads\/2026\/04\/Stainless-steel-and-carbon-steel-gate-valves3.webp\" alt=\"\" width=\"1000\" height=\"1000\" srcset=\"https:\/\/cnkazev.com\/wp-content\/uploads\/2026\/04\/Stainless-steel-and-carbon-steel-gate-valves3.webp 1000w, https:\/\/cnkazev.com\/wp-content\/uploads\/2026\/04\/Stainless-steel-and-carbon-steel-gate-valves3-500x500.webp 500w, https:\/\/cnkazev.com\/wp-content\/uploads\/2026\/04\/Stainless-steel-and-carbon-steel-gate-valves3-300x300.webp 300w, https:\/\/cnkazev.com\/wp-content\/uploads\/2026\/04\/Stainless-steel-and-carbon-steel-gate-valves3-768x768.webp 768w, https:\/\/cnkazev.com\/wp-content\/uploads\/2026\/04\/Stainless-steel-and-carbon-steel-gate-valves3-12x12.webp 12w, https:\/\/cnkazev.com\/wp-content\/uploads\/2026\/04\/Stainless-steel-and-carbon-steel-gate-valves3-150x150.webp 150w, https:\/\/cnkazev.com\/wp-content\/uploads\/2026\/04\/Stainless-steel-and-carbon-steel-gate-valves3-75x75.webp 75w, https:\/\/cnkazev.com\/wp-content\/uploads\/2026\/04\/Stainless-steel-and-carbon-steel-gate-valves3-484x484.webp 484w, https:\/\/cnkazev.com\/wp-content\/uploads\/2026\/04\/Stainless-steel-and-carbon-steel-gate-valves3-800x800.webp 800w\" sizes=\"auto, (max-width:767px) 484px, (max-width:1000px) 100vw, 1000px\" \/> <img loading=\"lazy\" decoding=\"async\" class=\"aligncenter size-full wp-image-539\" src=\"https:\/\/cnkazev.com\/wp-content\/uploads\/2026\/04\/Stainless-steel-and-carbon-steel-gate-valves2.webp\" alt=\"\" width=\"1000\" height=\"1000\" srcset=\"https:\/\/cnkazev.com\/wp-content\/uploads\/2026\/04\/Stainless-steel-and-carbon-steel-gate-valves2.webp 1000w, https:\/\/cnkazev.com\/wp-content\/uploads\/2026\/04\/Stainless-steel-and-carbon-steel-gate-valves2-500x500.webp 500w, https:\/\/cnkazev.com\/wp-content\/uploads\/2026\/04\/Stainless-steel-and-carbon-steel-gate-valves2-300x300.webp 300w, https:\/\/cnkazev.com\/wp-content\/uploads\/2026\/04\/Stainless-steel-and-carbon-steel-gate-valves2-768x768.webp 768w, https:\/\/cnkazev.com\/wp-content\/uploads\/2026\/04\/Stainless-steel-and-carbon-steel-gate-valves2-12x12.webp 12w, https:\/\/cnkazev.com\/wp-content\/uploads\/2026\/04\/Stainless-steel-and-carbon-steel-gate-valves2-150x150.webp 150w, https:\/\/cnkazev.com\/wp-content\/uploads\/2026\/04\/Stainless-steel-and-carbon-steel-gate-valves2-75x75.webp 75w, https:\/\/cnkazev.com\/wp-content\/uploads\/2026\/04\/Stainless-steel-and-carbon-steel-gate-valves2-484x484.webp 484w, https:\/\/cnkazev.com\/wp-content\/uploads\/2026\/04\/Stainless-steel-and-carbon-steel-gate-valves2-800x800.webp 800w\" sizes=\"auto, (max-width:767px) 484px, (max-width:1000px) 100vw, 1000px\" \/> <img loading=\"lazy\" decoding=\"async\" class=\"aligncenter size-full wp-image-538\" src=\"https:\/\/cnkazev.com\/wp-content\/uploads\/2026\/04\/Stainless-steel-and-carbon-steel-gate-valves1.webp\" alt=\"\" width=\"1000\" height=\"1000\" srcset=\"https:\/\/cnkazev.com\/wp-content\/uploads\/2026\/04\/Stainless-steel-and-carbon-steel-gate-valves1.webp 1000w, https:\/\/cnkazev.com\/wp-content\/uploads\/2026\/04\/Stainless-steel-and-carbon-steel-gate-valves1-500x500.webp 500w, https:\/\/cnkazev.com\/wp-content\/uploads\/2026\/04\/Stainless-steel-and-carbon-steel-gate-valves1-300x300.webp 300w, https:\/\/cnkazev.com\/wp-content\/uploads\/2026\/04\/Stainless-steel-and-carbon-steel-gate-valves1-768x768.webp 768w, https:\/\/cnkazev.com\/wp-content\/uploads\/2026\/04\/Stainless-steel-and-carbon-steel-gate-valves1-12x12.webp 12w, https:\/\/cnkazev.com\/wp-content\/uploads\/2026\/04\/Stainless-steel-and-carbon-steel-gate-valves1-150x150.webp 150w, https:\/\/cnkazev.com\/wp-content\/uploads\/2026\/04\/Stainless-steel-and-carbon-steel-gate-valves1-75x75.webp 75w, https:\/\/cnkazev.com\/wp-content\/uploads\/2026\/04\/Stainless-steel-and-carbon-steel-gate-valves1-484x484.webp 484w, https:\/\/cnkazev.com\/wp-content\/uploads\/2026\/04\/Stainless-steel-and-carbon-steel-gate-valves1-800x800.webp 800w\" sizes=\"auto, (max-width:767px) 484px, (max-width:1000px) 100vw, 1000px\" \/><\/li>\n<\/ul>","protected":false},"excerpt":{"rendered":"<p>This flanged gate valve is a common type of shut-off valve. Here is a detailed introduction of it: Connection method: It adopts flange connection, featuring strong<span class=\"excerpt-hellip\"> [\u2026]<\/span><\/p>\n","protected":false},"featured_media":538,"template":"","meta":[],"product_brand":[],"product_cat":[24],"product_tag":[],"class_list":{"0":"post-545","1":"product","2":"type-product","3":"status-publish","4":"has-post-thumbnail","6":"product_cat-gate-valve","8":"first","9":"instock","10":"shipping-taxable","11":"product-type-external"},"yoast_head":"<!-- This site is optimized with the Yoast SEO plugin v26.6 - https:\/\/yoast.com\/wordpress\/plugins\/seo\/ -->\n<title>Gate Valve - Wenzhou Kaizheng Valve Technology Co., Ltd<\/title>\n<meta name=\"robots\" content=\"index, follow, max-snippet:-1, max-image-preview:large, max-video-preview:-1\" \/>\n<link rel=\"canonical\" href=\"https:\/\/cnkazev.com\/fr\/produit\/gate-valve\/\" \/>\n<meta property=\"og:locale\" content=\"fr_FR\" \/>\n<meta property=\"og:type\" content=\"article\" \/>\n<meta property=\"og:title\" content=\"Gate Valve - Wenzhou Kaizheng Valve Technology Co., Ltd\" \/>\n<meta property=\"og:description\" content=\"This flanged gate valve is a common type of shut-off valve. Here is a detailed introduction of it: Connection method: It adopts flange connection, featuring strong [\u2026]\" \/>\n<meta property=\"og:url\" content=\"https:\/\/cnkazev.com\/fr\/produit\/gate-valve\/\" \/>\n<meta property=\"og:site_name\" content=\"Wenzhou Kaizheng Valve Technology Co., Ltd\" \/>\n<meta property=\"article:modified_time\" content=\"2026-04-08T16:03:30+00:00\" \/>\n<meta property=\"og:image\" content=\"https:\/\/cnkazev.com\/wp-content\/uploads\/2026\/04\/Stainless-steel-and-carbon-steel-gate-valves1.webp\" \/>\n\t<meta property=\"og:image:width\" content=\"1000\" \/>\n\t<meta property=\"og:image:height\" content=\"1000\" \/>\n\t<meta property=\"og:image:type\" content=\"image\/webp\" \/>\n<meta name=\"twitter:card\" content=\"summary_large_image\" \/>\n<meta name=\"twitter:label1\" content=\"Dur\u00e9e de lecture estim\u00e9e\" \/>\n\t<meta name=\"twitter:data1\" content=\"3 minutes\" \/>\n<script type=\"application\/ld+json\" class=\"yoast-schema-graph\">{\"@context\":\"https:\/\/schema.org\",\"@graph\":[{\"@type\":\"WebPage\",\"@id\":\"https:\/\/cnkazev.com\/product\/gate-valve\/\",\"url\":\"https:\/\/cnkazev.com\/product\/gate-valve\/\",\"name\":\"Gate Valve - Wenzhou Kaizheng Valve Technology Co., Ltd\",\"isPartOf\":{\"@id\":\"https:\/\/cnkazev.com\/#website\"},\"primaryImageOfPage\":{\"@id\":\"https:\/\/cnkazev.com\/product\/gate-valve\/#primaryimage\"},\"image\":{\"@id\":\"https:\/\/cnkazev.com\/product\/gate-valve\/#primaryimage\"},\"thumbnailUrl\":\"https:\/\/cnkazev.com\/wp-content\/uploads\/2026\/04\/Stainless-steel-and-carbon-steel-gate-valves1.webp\",\"datePublished\":\"2026-04-08T16:02:20+00:00\",\"dateModified\":\"2026-04-08T16:03:30+00:00\",\"breadcrumb\":{\"@id\":\"https:\/\/cnkazev.com\/product\/gate-valve\/#breadcrumb\"},\"inLanguage\":\"fr-FR\",\"potentialAction\":[{\"@type\":\"ReadAction\",\"target\":[\"https:\/\/cnkazev.com\/product\/gate-valve\/\"]}]},{\"@type\":\"ImageObject\",\"inLanguage\":\"fr-FR\",\"@id\":\"https:\/\/cnkazev.com\/product\/gate-valve\/#primaryimage\",\"url\":\"https:\/\/cnkazev.com\/wp-content\/uploads\/2026\/04\/Stainless-steel-and-carbon-steel-gate-valves1.webp\",\"contentUrl\":\"https:\/\/cnkazev.com\/wp-content\/uploads\/2026\/04\/Stainless-steel-and-carbon-steel-gate-valves1.webp\",\"width\":1000,\"height\":1000},{\"@type\":\"BreadcrumbList\",\"@id\":\"https:\/\/cnkazev.com\/product\/gate-valve\/#breadcrumb\",\"itemListElement\":[{\"@type\":\"ListItem\",\"position\":1,\"name\":\"Home\",\"item\":\"https:\/\/cnkazev.com\/\"},{\"@type\":\"ListItem\",\"position\":2,\"name\":\"Product\",\"item\":\"https:\/\/cnkazev.com\/product\/\"},{\"@type\":\"ListItem\",\"position\":3,\"name\":\"Gate Valve\"}]},{\"@type\":\"WebSite\",\"@id\":\"https:\/\/cnkazev.com\/#website\",\"url\":\"https:\/\/cnkazev.com\/\",\"name\":\"Wenzhou Kaizheng Valve Technology Co., Ltd\",\"description\":\"Wenzhou Kaizheng Valve Technology Co., Ltd\",\"potentialAction\":[{\"@type\":\"SearchAction\",\"target\":{\"@type\":\"EntryPoint\",\"urlTemplate\":\"https:\/\/cnkazev.com\/?s={search_term_string}\"},\"query-input\":{\"@type\":\"PropertyValueSpecification\",\"valueRequired\":true,\"valueName\":\"search_term_string\"}}],\"inLanguage\":\"fr-FR\"}]}<\/script>\n<!-- \/ Yoast SEO plugin. -->","yoast_head_json":{"title":"Gate Valve - Wenzhou Kaizheng Valve Technology Co., Ltd","robots":{"index":"index","follow":"follow","max-snippet":"max-snippet:-1","max-image-preview":"max-image-preview:large","max-video-preview":"max-video-preview:-1"},"canonical":"https:\/\/cnkazev.com\/fr\/produit\/gate-valve\/","og_locale":"fr_FR","og_type":"article","og_title":"Gate Valve - Wenzhou Kaizheng Valve Technology Co., Ltd","og_description":"This flanged gate valve is a common type of shut-off valve. Here is a detailed introduction of it: Connection method: It adopts flange connection, featuring strong [\u2026]","og_url":"https:\/\/cnkazev.com\/fr\/produit\/gate-valve\/","og_site_name":"Wenzhou Kaizheng Valve Technology Co., Ltd","article_modified_time":"2026-04-08T16:03:30+00:00","og_image":[{"width":1000,"height":1000,"url":"https:\/\/cnkazev.com\/wp-content\/uploads\/2026\/04\/Stainless-steel-and-carbon-steel-gate-valves1.webp","type":"image\/webp"}],"twitter_card":"summary_large_image","twitter_misc":{"Dur\u00e9e de lecture estim\u00e9e":"3 minutes"},"schema":{"@context":"https:\/\/schema.org","@graph":[{"@type":"WebPage","@id":"https:\/\/cnkazev.com\/product\/gate-valve\/","url":"https:\/\/cnkazev.com\/product\/gate-valve\/","name":"Gate Valve - Wenzhou Kaizheng Valve Technology Co., Ltd","isPartOf":{"@id":"https:\/\/cnkazev.com\/#website"},"primaryImageOfPage":{"@id":"https:\/\/cnkazev.com\/product\/gate-valve\/#primaryimage"},"image":{"@id":"https:\/\/cnkazev.com\/product\/gate-valve\/#primaryimage"},"thumbnailUrl":"https:\/\/cnkazev.com\/wp-content\/uploads\/2026\/04\/Stainless-steel-and-carbon-steel-gate-valves1.webp","datePublished":"2026-04-08T16:02:20+00:00","dateModified":"2026-04-08T16:03:30+00:00","breadcrumb":{"@id":"https:\/\/cnkazev.com\/product\/gate-valve\/#breadcrumb"},"inLanguage":"fr-FR","potentialAction":[{"@type":"ReadAction","target":["https:\/\/cnkazev.com\/product\/gate-valve\/"]}]},{"@type":"ImageObject","inLanguage":"fr-FR","@id":"https:\/\/cnkazev.com\/product\/gate-valve\/#primaryimage","url":"https:\/\/cnkazev.com\/wp-content\/uploads\/2026\/04\/Stainless-steel-and-carbon-steel-gate-valves1.webp","contentUrl":"https:\/\/cnkazev.com\/wp-content\/uploads\/2026\/04\/Stainless-steel-and-carbon-steel-gate-valves1.webp","width":1000,"height":1000},{"@type":"BreadcrumbList","@id":"https:\/\/cnkazev.com\/product\/gate-valve\/#breadcrumb","itemListElement":[{"@type":"ListItem","position":1,"name":"Home","item":"https:\/\/cnkazev.com\/"},{"@type":"ListItem","position":2,"name":"Product","item":"https:\/\/cnkazev.com\/product\/"},{"@type":"ListItem","position":3,"name":"Gate Valve"}]},{"@type":"WebSite","@id":"https:\/\/cnkazev.com\/#website","url":"https:\/\/cnkazev.com\/","name":"Wenzhou Kaizheng Valve Technology Co., Ltd","description":"Wenzhou Kaizheng Valve Technology Co., Ltd","potentialAction":[{"@type":"SearchAction","target":{"@type":"EntryPoint","urlTemplate":"https:\/\/cnkazev.com\/?s={search_term_string}"},"query-input":{"@type":"PropertyValueSpecification","valueRequired":true,"valueName":"search_term_string"}}],"inLanguage":"fr-FR"}]}},"_links":{"self":[{"href":"https:\/\/cnkazev.com\/fr\/wp-json\/wp\/v2\/product\/545","targetHints":{"allow":["GET"]}}],"collection":[{"href":"https:\/\/cnkazev.com\/fr\/wp-json\/wp\/v2\/product"}],"about":[{"href":"https:\/\/cnkazev.com\/fr\/wp-json\/wp\/v2\/types\/product"}],"wp:featuredmedia":[{"embeddable":true,"href":"https:\/\/cnkazev.com\/fr\/wp-json\/wp\/v2\/media\/538"}],"wp:attachment":[{"href":"https:\/\/cnkazev.com\/fr\/wp-json\/wp\/v2\/media?parent=545"}],"wp:term":[{"taxonomy":"product_brand","embeddable":true,"href":"https:\/\/cnkazev.com\/fr\/wp-json\/wp\/v2\/product_brand?post=545"},{"taxonomy":"product_cat","embeddable":true,"href":"https:\/\/cnkazev.com\/fr\/wp-json\/wp\/v2\/product_cat?post=545"},{"taxonomy":"product_tag","embeddable":true,"href":"https:\/\/cnkazev.com\/fr\/wp-json\/wp\/v2\/product_tag?post=545"}],"curies":[{"name":"wp","href":"https:\/\/api.w.org\/{rel}","templated":true}]}}