{"id":510,"date":"2026-04-08T15:50:29","date_gmt":"2026-04-08T15:50:29","guid":{"rendered":"https:\/\/cnkazev.com\/?post_type=product&#038;p=510"},"modified":"2026-04-08T15:55:40","modified_gmt":"2026-04-08T15:55:40","slug":"angle-valve","status":"publish","type":"product","link":"https:\/\/cnkazev.com\/fr\/produit\/angle-valve\/","title":{"rendered":"Vanne d&#039;angle"},"content":{"rendered":"<p>La vanne d&#039;angle pneumatique filet\u00e9e est une vanne \u00e0 si\u00e8ge inclin\u00e9 command\u00e9e par un actionneur pneumatique. Elle utilise un raccord filet\u00e9 (filetage interne) et se caract\u00e9rise par une structure compacte et un d\u00e9bit \u00e9lev\u00e9. Elle est largement utilis\u00e9e dans le secteur industriel. Voici une pr\u00e9sentation d\u00e9taill\u00e9e\u00a0: \u2022 Principe de fonctionnement\u00a0: La vanne d&#039;angle pneumatique filet\u00e9e \u00e0 simple effet s&#039;ouvre et se ferme par rappel par ressort. Elle existe en version normalement ouverte et normalement ferm\u00e9e. La vanne d&#039;angle \u00e0 double effet est command\u00e9e par un gaz comprim\u00e9. \u2022 Caract\u00e9ristiques structurelles\u00a0: G\u00e9n\u00e9ralement de conception en Y, elle augmente la section de passage du fluide dans la chambre de la vanne, ce qui am\u00e9liore la fluidit\u00e9 et le d\u00e9bit par rapport aux vannes d&#039;arr\u00eat classiques. La tige de la vanne est g\u00e9n\u00e9ralement en acier inoxydable 316L et le joint est en PTFE de forme triangulaire. Elle offre une correction automatique, une lubrification automatique et ne n\u00e9cessite aucun entretien. \u2022 Principaux param\u00e8tres\u00a0: Le diam\u00e8tre nominal est g\u00e9n\u00e9ralement compris entre DN10 et DN100, la pression nominale entre PN16 et PN25, le corps de vanne est principalement en acier inoxydable CF8M, CF8 ou autre, le joint est g\u00e9n\u00e9ralement en polyt\u00e9trafluoro\u00e9thyl\u00e8ne (PTFE), et les fluides compatibles incluent l\u2019eau, les gaz et liquides neutres, l\u2019alcool, l\u2019huile, etc. La temp\u00e9rature du fluide varie selon le joint, g\u00e9n\u00e9ralement de -20\u00a0\u00b0C \u00e0 180\u00a0\u00b0C. \u2022 Domaines d\u2019application\u00a0: Largement utilis\u00e9e dans divers secteurs industriels tels que les \u00e9quipements de remplissage, la production de bi\u00e8re et de boissons, l\u2019impression et la teinture textile, les dispositifs m\u00e9dicaux, les produits biopharmaceutiques, la d\u00e9sinfection et la st\u00e9rilisation, et l\u2019industrie agroalimentaire. \u2022 Installation et maintenance\u00a0: La canalisation doit \u00eatre propre et exempte de toute contamination. L\u2019installation doit \u00eatre effectu\u00e9e conform\u00e9ment aux exigences, en veillant \u00e0 orienter l\u2019actionneur vers le haut et \u00e0 respecter le sens d\u2019\u00e9coulement. Avant toute ouverture ou r\u00e9paration de cette vanne d\u2019angle, il convient de couper l\u2019arriv\u00e9e de fluide et d\u2019air comprim\u00e9 et de r\u00e9duire la pression dans le syst\u00e8me de canalisation.<\/p>\n<p>Param\u00e8tres de la vanne d&#039;angle\u00a0:<\/p>\n<p>Interface : Corps de vanne DN10 \u2013 DN100<\/p>\n<p>Mat\u00e9riau : Acier inoxydable 304<\/p>\n<p>Forme pneumatique\u00a0: Tous les mod\u00e8les de t\u00eates sont disponibles en acier inoxydable (304) et en plastique.<\/p>\n<p>Joint d&#039;\u00e9tanch\u00e9it\u00e9 du noyau de la valve : PTFE<\/p>\n<p>Joint de tige de soupape : PTFE\/FKM<\/p>\n<p>Joint de piston : FKM\/NBR<\/p>\n<p>Milieux compatibles\u00a0: eau, gaz ou liquide neutre, alcool, huile, solvants organiques, vapeur d\u2019eau, solutions d\u2019acides ou de bases faibles<\/p>\n<p>Temp\u00e9rature moyenne : PTFE : -10\u2103 \u00e0 +180\u2103<\/p>\n<p>Temp\u00e9rature ambiante : -10\u2103 \u00e0 +60\u2103<\/p>\n<p>Viscosit\u00e9 : jusqu&#039;\u00e0 600 mm\u00b2\/s<\/p>\n<p>Fluide de commande\u00a0: Air\/gaz neutre Plage de pression de commande\u00a0: 0,3 \u2013 1 MPa Installation\u00a0: Installer selon les besoins, de pr\u00e9f\u00e9rence avec l\u2019actionneur orient\u00e9 vers le haut<\/p>\n<p>Caract\u00e9ristiques : D\u00e9bit \u00e9lev\u00e9, longue dur\u00e9e de vie, sans entretien, grande fiabilit\u00e9 de fonctionnement. Applications r\u00e9pandues : Industrie brassicole et des boissons, teinture et blanchiment des textiles, \u00e9quipements pharmaceutiques et m\u00e9dicaux, transformation des aliments, machines en caoutchouc, traitement de l&#039;eau et des eaux us\u00e9es, industrie chimique organique ou inorganique, nettoyage et d\u00e9sinfection, st\u00e9rilisation \u00e0 haute temp\u00e9rature.<\/p>\n<p><img loading=\"lazy\" decoding=\"async\" class=\"aligncenter size-full wp-image-521\" src=\"https:\/\/cnkazev.com\/wp-content\/uploads\/2026\/04\/434342.webp\" alt=\"\" width=\"1000\" height=\"916\" srcset=\"https:\/\/cnkazev.com\/wp-content\/uploads\/2026\/04\/434342.webp 1000w, https:\/\/cnkazev.com\/wp-content\/uploads\/2026\/04\/434342-500x458.webp 500w, https:\/\/cnkazev.com\/wp-content\/uploads\/2026\/04\/434342-300x275.webp 300w, https:\/\/cnkazev.com\/wp-content\/uploads\/2026\/04\/434342-768x703.webp 768w, https:\/\/cnkazev.com\/wp-content\/uploads\/2026\/04\/434342-13x12.webp 13w, https:\/\/cnkazev.com\/wp-content\/uploads\/2026\/04\/434342-82x75.webp 82w, https:\/\/cnkazev.com\/wp-content\/uploads\/2026\/04\/434342-484x443.webp 484w, https:\/\/cnkazev.com\/wp-content\/uploads\/2026\/04\/434342-800x733.webp 800w\" sizes=\"auto, (max-width:767px) 484px, (max-width:1000px) 100vw, 1000px\" \/> <img loading=\"lazy\" decoding=\"async\" class=\"aligncenter size-full wp-image-516\" src=\"https:\/\/cnkazev.com\/wp-content\/uploads\/2026\/04\/Stainless-steel-angle-seat-valve-4.webp\" alt=\"\" width=\"1000\" height=\"973\" srcset=\"https:\/\/cnkazev.com\/wp-content\/uploads\/2026\/04\/Stainless-steel-angle-seat-valve-4.webp 1000w, https:\/\/cnkazev.com\/wp-content\/uploads\/2026\/04\/Stainless-steel-angle-seat-valve-4-800x778.webp 800w, https:\/\/cnkazev.com\/wp-content\/uploads\/2026\/04\/Stainless-steel-angle-seat-valve-4-500x487.webp 500w, https:\/\/cnkazev.com\/wp-content\/uploads\/2026\/04\/Stainless-steel-angle-seat-valve-4-300x292.webp 300w, https:\/\/cnkazev.com\/wp-content\/uploads\/2026\/04\/Stainless-steel-angle-seat-valve-4-768x747.webp 768w, https:\/\/cnkazev.com\/wp-content\/uploads\/2026\/04\/Stainless-steel-angle-seat-valve-4-12x12.webp 12w, https:\/\/cnkazev.com\/wp-content\/uploads\/2026\/04\/Stainless-steel-angle-seat-valve-4-77x75.webp 77w, https:\/\/cnkazev.com\/wp-content\/uploads\/2026\/04\/Stainless-steel-angle-seat-valve-4-484x471.webp 484w\" sizes=\"auto, (max-width:767px) 484px, (max-width:1000px) 100vw, 1000px\" \/> <img loading=\"lazy\" decoding=\"async\" class=\"aligncenter size-full wp-image-515\" src=\"https:\/\/cnkazev.com\/wp-content\/uploads\/2026\/04\/Stainless-steel-angle-seat-valve-5.webp\" alt=\"\" width=\"1000\" height=\"1000\" srcset=\"https:\/\/cnkazev.com\/wp-content\/uploads\/2026\/04\/Stainless-steel-angle-seat-valve-5.webp 1000w, https:\/\/cnkazev.com\/wp-content\/uploads\/2026\/04\/Stainless-steel-angle-seat-valve-5-800x800.webp 800w, https:\/\/cnkazev.com\/wp-content\/uploads\/2026\/04\/Stainless-steel-angle-seat-valve-5-300x300.webp 300w, https:\/\/cnkazev.com\/wp-content\/uploads\/2026\/04\/Stainless-steel-angle-seat-valve-5-500x500.webp 500w, https:\/\/cnkazev.com\/wp-content\/uploads\/2026\/04\/Stainless-steel-angle-seat-valve-5-768x768.webp 768w, https:\/\/cnkazev.com\/wp-content\/uploads\/2026\/04\/Stainless-steel-angle-seat-valve-5-12x12.webp 12w, https:\/\/cnkazev.com\/wp-content\/uploads\/2026\/04\/Stainless-steel-angle-seat-valve-5-150x150.webp 150w, https:\/\/cnkazev.com\/wp-content\/uploads\/2026\/04\/Stainless-steel-angle-seat-valve-5-75x75.webp 75w, https:\/\/cnkazev.com\/wp-content\/uploads\/2026\/04\/Stainless-steel-angle-seat-valve-5-484x484.webp 484w\" sizes=\"auto, (max-width:767px) 484px, (max-width:1000px) 100vw, 1000px\" \/> <img loading=\"lazy\" decoding=\"async\" class=\"aligncenter size-full wp-image-514\" src=\"https:\/\/cnkazev.com\/wp-content\/uploads\/2026\/04\/Stainless-steel-angle-seat-valve-3.webp\" alt=\"\" width=\"1000\" height=\"1000\" srcset=\"https:\/\/cnkazev.com\/wp-content\/uploads\/2026\/04\/Stainless-steel-angle-seat-valve-3.webp 1000w, https:\/\/cnkazev.com\/wp-content\/uploads\/2026\/04\/Stainless-steel-angle-seat-valve-3-800x800.webp 800w, https:\/\/cnkazev.com\/wp-content\/uploads\/2026\/04\/Stainless-steel-angle-seat-valve-3-300x300.webp 300w, https:\/\/cnkazev.com\/wp-content\/uploads\/2026\/04\/Stainless-steel-angle-seat-valve-3-500x500.webp 500w, https:\/\/cnkazev.com\/wp-content\/uploads\/2026\/04\/Stainless-steel-angle-seat-valve-3-768x768.webp 768w, https:\/\/cnkazev.com\/wp-content\/uploads\/2026\/04\/Stainless-steel-angle-seat-valve-3-12x12.webp 12w, https:\/\/cnkazev.com\/wp-content\/uploads\/2026\/04\/Stainless-steel-angle-seat-valve-3-150x150.webp 150w, https:\/\/cnkazev.com\/wp-content\/uploads\/2026\/04\/Stainless-steel-angle-seat-valve-3-75x75.webp 75w, https:\/\/cnkazev.com\/wp-content\/uploads\/2026\/04\/Stainless-steel-angle-seat-valve-3-484x484.webp 484w\" sizes=\"auto, (max-width:767px) 484px, (max-width:1000px) 100vw, 1000px\" \/> <img loading=\"lazy\" decoding=\"async\" class=\"aligncenter size-full wp-image-513\" src=\"https:\/\/cnkazev.com\/wp-content\/uploads\/2026\/04\/Stainless-steel-angle-valve2.webp\" alt=\"\" width=\"1000\" height=\"1000\" srcset=\"https:\/\/cnkazev.com\/wp-content\/uploads\/2026\/04\/Stainless-steel-angle-valve2.webp 1000w, https:\/\/cnkazev.com\/wp-content\/uploads\/2026\/04\/Stainless-steel-angle-valve2-800x800.webp 800w, https:\/\/cnkazev.com\/wp-content\/uploads\/2026\/04\/Stainless-steel-angle-valve2-300x300.webp 300w, https:\/\/cnkazev.com\/wp-content\/uploads\/2026\/04\/Stainless-steel-angle-valve2-500x500.webp 500w, https:\/\/cnkazev.com\/wp-content\/uploads\/2026\/04\/Stainless-steel-angle-valve2-768x768.webp 768w, https:\/\/cnkazev.com\/wp-content\/uploads\/2026\/04\/Stainless-steel-angle-valve2-12x12.webp 12w, https:\/\/cnkazev.com\/wp-content\/uploads\/2026\/04\/Stainless-steel-angle-valve2-150x150.webp 150w, https:\/\/cnkazev.com\/wp-content\/uploads\/2026\/04\/Stainless-steel-angle-valve2-75x75.webp 75w, https:\/\/cnkazev.com\/wp-content\/uploads\/2026\/04\/Stainless-steel-angle-valve2-484x484.webp 484w\" sizes=\"auto, (max-width:767px) 484px, (max-width:1000px) 100vw, 1000px\" \/> <img loading=\"lazy\" decoding=\"async\" class=\"aligncenter size-full wp-image-512\" src=\"https:\/\/cnkazev.com\/wp-content\/uploads\/2026\/04\/Stainless-steel-angle-valve-1-1.webp\" alt=\"\" width=\"1000\" height=\"1000\" srcset=\"https:\/\/cnkazev.com\/wp-content\/uploads\/2026\/04\/Stainless-steel-angle-valve-1-1.webp 1000w, https:\/\/cnkazev.com\/wp-content\/uploads\/2026\/04\/Stainless-steel-angle-valve-1-1-800x800.webp 800w, https:\/\/cnkazev.com\/wp-content\/uploads\/2026\/04\/Stainless-steel-angle-valve-1-1-300x300.webp 300w, https:\/\/cnkazev.com\/wp-content\/uploads\/2026\/04\/Stainless-steel-angle-valve-1-1-500x500.webp 500w, https:\/\/cnkazev.com\/wp-content\/uploads\/2026\/04\/Stainless-steel-angle-valve-1-1-768x768.webp 768w, https:\/\/cnkazev.com\/wp-content\/uploads\/2026\/04\/Stainless-steel-angle-valve-1-1-12x12.webp 12w, https:\/\/cnkazev.com\/wp-content\/uploads\/2026\/04\/Stainless-steel-angle-valve-1-1-150x150.webp 150w, https:\/\/cnkazev.com\/wp-content\/uploads\/2026\/04\/Stainless-steel-angle-valve-1-1-75x75.webp 75w, https:\/\/cnkazev.com\/wp-content\/uploads\/2026\/04\/Stainless-steel-angle-valve-1-1-484x484.webp 484w\" sizes=\"auto, (max-width:767px) 484px, (max-width:1000px) 100vw, 1000px\" \/><\/p>","protected":false},"excerpt":{"rendered":"<p>The pneumatic threaded angle valve is an angle seat valve controlled by an air actuator. It adopts a threaded (internal thread) connection method and features a<span class=\"excerpt-hellip\"> [\u2026]<\/span><\/p>\n","protected":false},"featured_media":512,"template":"","meta":[],"product_brand":[],"product_cat":[38],"product_tag":[],"class_list":{"0":"post-510","1":"product","2":"type-product","3":"status-publish","4":"has-post-thumbnail","6":"product_cat-angle-valve","8":"first","9":"instock","10":"shipping-taxable","11":"product-type-external"},"yoast_head":"<!-- This site is optimized with the Yoast SEO plugin v26.6 - https:\/\/yoast.com\/wordpress\/plugins\/seo\/ -->\n<title>Angle Valve - Wenzhou Kaizheng Valve Technology Co., Ltd<\/title>\n<meta name=\"robots\" content=\"index, follow, max-snippet:-1, max-image-preview:large, max-video-preview:-1\" \/>\n<link rel=\"canonical\" href=\"https:\/\/cnkazev.com\/fr\/produit\/angle-valve\/\" \/>\n<meta property=\"og:locale\" content=\"fr_FR\" \/>\n<meta property=\"og:type\" content=\"article\" \/>\n<meta property=\"og:title\" content=\"Angle Valve - Wenzhou Kaizheng Valve Technology Co., Ltd\" \/>\n<meta property=\"og:description\" content=\"The pneumatic threaded angle valve is an angle seat valve controlled by an air actuator. It adopts a threaded (internal thread) connection method and features a [\u2026]\" \/>\n<meta property=\"og:url\" content=\"https:\/\/cnkazev.com\/fr\/produit\/angle-valve\/\" \/>\n<meta property=\"og:site_name\" content=\"Wenzhou Kaizheng Valve Technology Co., Ltd\" \/>\n<meta property=\"article:modified_time\" content=\"2026-04-08T15:55:40+00:00\" \/>\n<meta property=\"og:image\" content=\"https:\/\/cnkazev.com\/wp-content\/uploads\/2026\/04\/Stainless-steel-angle-valve-1-1.webp\" \/>\n\t<meta property=\"og:image:width\" content=\"1000\" \/>\n\t<meta property=\"og:image:height\" content=\"1000\" \/>\n\t<meta property=\"og:image:type\" content=\"image\/webp\" \/>\n<meta name=\"twitter:card\" content=\"summary_large_image\" \/>\n<meta name=\"twitter:label1\" content=\"Dur\u00e9e de lecture estim\u00e9e\" \/>\n\t<meta name=\"twitter:data1\" content=\"4 minutes\" \/>\n<script type=\"application\/ld+json\" class=\"yoast-schema-graph\">{\"@context\":\"https:\/\/schema.org\",\"@graph\":[{\"@type\":\"WebPage\",\"@id\":\"https:\/\/cnkazev.com\/product\/angle-valve\/\",\"url\":\"https:\/\/cnkazev.com\/product\/angle-valve\/\",\"name\":\"Angle Valve - Wenzhou Kaizheng Valve Technology Co., Ltd\",\"isPartOf\":{\"@id\":\"https:\/\/cnkazev.com\/#website\"},\"primaryImageOfPage\":{\"@id\":\"https:\/\/cnkazev.com\/product\/angle-valve\/#primaryimage\"},\"image\":{\"@id\":\"https:\/\/cnkazev.com\/product\/angle-valve\/#primaryimage\"},\"thumbnailUrl\":\"https:\/\/cnkazev.com\/wp-content\/uploads\/2026\/04\/Stainless-steel-angle-valve-1-1.webp\",\"datePublished\":\"2026-04-08T15:50:29+00:00\",\"dateModified\":\"2026-04-08T15:55:40+00:00\",\"breadcrumb\":{\"@id\":\"https:\/\/cnkazev.com\/product\/angle-valve\/#breadcrumb\"},\"inLanguage\":\"fr-FR\",\"potentialAction\":[{\"@type\":\"ReadAction\",\"target\":[\"https:\/\/cnkazev.com\/product\/angle-valve\/\"]}]},{\"@type\":\"ImageObject\",\"inLanguage\":\"fr-FR\",\"@id\":\"https:\/\/cnkazev.com\/product\/angle-valve\/#primaryimage\",\"url\":\"https:\/\/cnkazev.com\/wp-content\/uploads\/2026\/04\/Stainless-steel-angle-valve-1-1.webp\",\"contentUrl\":\"https:\/\/cnkazev.com\/wp-content\/uploads\/2026\/04\/Stainless-steel-angle-valve-1-1.webp\",\"width\":1000,\"height\":1000},{\"@type\":\"BreadcrumbList\",\"@id\":\"https:\/\/cnkazev.com\/product\/angle-valve\/#breadcrumb\",\"itemListElement\":[{\"@type\":\"ListItem\",\"position\":1,\"name\":\"Home\",\"item\":\"https:\/\/cnkazev.com\/\"},{\"@type\":\"ListItem\",\"position\":2,\"name\":\"Product\",\"item\":\"https:\/\/cnkazev.com\/product\/\"},{\"@type\":\"ListItem\",\"position\":3,\"name\":\"Angle Valve\"}]},{\"@type\":\"WebSite\",\"@id\":\"https:\/\/cnkazev.com\/#website\",\"url\":\"https:\/\/cnkazev.com\/\",\"name\":\"Wenzhou Kaizheng Valve Technology Co., Ltd\",\"description\":\"Wenzhou Kaizheng Valve Technology Co., Ltd\",\"potentialAction\":[{\"@type\":\"SearchAction\",\"target\":{\"@type\":\"EntryPoint\",\"urlTemplate\":\"https:\/\/cnkazev.com\/?s={search_term_string}\"},\"query-input\":{\"@type\":\"PropertyValueSpecification\",\"valueRequired\":true,\"valueName\":\"search_term_string\"}}],\"inLanguage\":\"fr-FR\"}]}<\/script>\n<!-- \/ Yoast SEO plugin. -->","yoast_head_json":{"title":"Angle Valve - Wenzhou Kaizheng Valve Technology Co., Ltd","robots":{"index":"index","follow":"follow","max-snippet":"max-snippet:-1","max-image-preview":"max-image-preview:large","max-video-preview":"max-video-preview:-1"},"canonical":"https:\/\/cnkazev.com\/fr\/produit\/angle-valve\/","og_locale":"fr_FR","og_type":"article","og_title":"Angle Valve - Wenzhou Kaizheng Valve Technology Co., Ltd","og_description":"The pneumatic threaded angle valve is an angle seat valve controlled by an air actuator. It adopts a threaded (internal thread) connection method and features a [\u2026]","og_url":"https:\/\/cnkazev.com\/fr\/produit\/angle-valve\/","og_site_name":"Wenzhou Kaizheng Valve Technology Co., Ltd","article_modified_time":"2026-04-08T15:55:40+00:00","og_image":[{"width":1000,"height":1000,"url":"https:\/\/cnkazev.com\/wp-content\/uploads\/2026\/04\/Stainless-steel-angle-valve-1-1.webp","type":"image\/webp"}],"twitter_card":"summary_large_image","twitter_misc":{"Dur\u00e9e de lecture estim\u00e9e":"4 minutes"},"schema":{"@context":"https:\/\/schema.org","@graph":[{"@type":"WebPage","@id":"https:\/\/cnkazev.com\/product\/angle-valve\/","url":"https:\/\/cnkazev.com\/product\/angle-valve\/","name":"Angle Valve - Wenzhou Kaizheng Valve Technology Co., Ltd","isPartOf":{"@id":"https:\/\/cnkazev.com\/#website"},"primaryImageOfPage":{"@id":"https:\/\/cnkazev.com\/product\/angle-valve\/#primaryimage"},"image":{"@id":"https:\/\/cnkazev.com\/product\/angle-valve\/#primaryimage"},"thumbnailUrl":"https:\/\/cnkazev.com\/wp-content\/uploads\/2026\/04\/Stainless-steel-angle-valve-1-1.webp","datePublished":"2026-04-08T15:50:29+00:00","dateModified":"2026-04-08T15:55:40+00:00","breadcrumb":{"@id":"https:\/\/cnkazev.com\/product\/angle-valve\/#breadcrumb"},"inLanguage":"fr-FR","potentialAction":[{"@type":"ReadAction","target":["https:\/\/cnkazev.com\/product\/angle-valve\/"]}]},{"@type":"ImageObject","inLanguage":"fr-FR","@id":"https:\/\/cnkazev.com\/product\/angle-valve\/#primaryimage","url":"https:\/\/cnkazev.com\/wp-content\/uploads\/2026\/04\/Stainless-steel-angle-valve-1-1.webp","contentUrl":"https:\/\/cnkazev.com\/wp-content\/uploads\/2026\/04\/Stainless-steel-angle-valve-1-1.webp","width":1000,"height":1000},{"@type":"BreadcrumbList","@id":"https:\/\/cnkazev.com\/product\/angle-valve\/#breadcrumb","itemListElement":[{"@type":"ListItem","position":1,"name":"Home","item":"https:\/\/cnkazev.com\/"},{"@type":"ListItem","position":2,"name":"Product","item":"https:\/\/cnkazev.com\/product\/"},{"@type":"ListItem","position":3,"name":"Angle Valve"}]},{"@type":"WebSite","@id":"https:\/\/cnkazev.com\/#website","url":"https:\/\/cnkazev.com\/","name":"Wenzhou Kaizheng Valve Technology Co., Ltd","description":"Wenzhou Kaizheng Valve Technology Co., Ltd","potentialAction":[{"@type":"SearchAction","target":{"@type":"EntryPoint","urlTemplate":"https:\/\/cnkazev.com\/?s={search_term_string}"},"query-input":{"@type":"PropertyValueSpecification","valueRequired":true,"valueName":"search_term_string"}}],"inLanguage":"fr-FR"}]}},"_links":{"self":[{"href":"https:\/\/cnkazev.com\/fr\/wp-json\/wp\/v2\/product\/510","targetHints":{"allow":["GET"]}}],"collection":[{"href":"https:\/\/cnkazev.com\/fr\/wp-json\/wp\/v2\/product"}],"about":[{"href":"https:\/\/cnkazev.com\/fr\/wp-json\/wp\/v2\/types\/product"}],"wp:featuredmedia":[{"embeddable":true,"href":"https:\/\/cnkazev.com\/fr\/wp-json\/wp\/v2\/media\/512"}],"wp:attachment":[{"href":"https:\/\/cnkazev.com\/fr\/wp-json\/wp\/v2\/media?parent=510"}],"wp:term":[{"taxonomy":"product_brand","embeddable":true,"href":"https:\/\/cnkazev.com\/fr\/wp-json\/wp\/v2\/product_brand?post=510"},{"taxonomy":"product_cat","embeddable":true,"href":"https:\/\/cnkazev.com\/fr\/wp-json\/wp\/v2\/product_cat?post=510"},{"taxonomy":"product_tag","embeddable":true,"href":"https:\/\/cnkazev.com\/fr\/wp-json\/wp\/v2\/product_tag?post=510"}],"curies":[{"name":"wp","href":"https:\/\/api.w.org\/{rel}","templated":true}]}}