{"id":502,"date":"2026-04-08T15:48:43","date_gmt":"2026-04-08T15:48:43","guid":{"rendered":"https:\/\/cnkazev.com\/?post_type=product&#038;p=502"},"modified":"2026-04-08T15:50:20","modified_gmt":"2026-04-08T15:50:20","slug":"globe-valve","status":"publish","type":"product","link":"https:\/\/cnkazev.com\/fr\/produit\/globe-valve\/","title":{"rendered":"Valve \u00e0 globe"},"content":{"rendered":"<p>La vanne \u00e0 globe \u00e0 bride est un type courant de vanne d&#039;arr\u00eat. Voici une pr\u00e9sentation d\u00e9taill\u00e9e\u00a0:<\/p>\n<ul>\n<li>M\u00e9thode de raccordement\u00a0: Le raccordement par brides assure une fixation robuste et une excellente \u00e9tanch\u00e9it\u00e9. Il convient aux canalisations de diff\u00e9rents diam\u00e8tres nominaux, g\u00e9n\u00e9ralement compris entre DN15 et DN300.<\/li>\n<li>Pression nominale\u00a0: La pression nominale des produits aux normes am\u00e9ricaines varie de 150\u00a0LB \u00e0 1\u00a0500\u00a0LB, tandis que celle des produits aux normes chinoises est g\u00e9n\u00e9ralement comprise entre 1,6\u00a0MPa et 16,0\u00a0MPa.<\/li>\n<li>Plage de temp\u00e9ratures applicables : La plage de temp\u00e9ratures de fonctionnement est g\u00e9n\u00e9ralement de -29\u2103 \u00e0 550\u2103, en fonction du mat\u00e9riau du corps de la vanne et du mat\u00e9riau de la surface d&#039;\u00e9tanch\u00e9it\u00e9.<\/li>\n<li>Mat\u00e9riau du corps de vanne\u00a0: Les mat\u00e9riaux courants comprennent le WCB, l\u2019acier au carbone, l\u2019acier moul\u00e9, l\u2019acier inoxydable, etc. Le choix du mat\u00e9riau peut \u00eatre fait en fonction du fluide et des conditions d\u2019utilisation.<\/li>\n<li>Milieux d&#039;application\u00a0: Convient \u00e0 divers milieux tels que l&#039;eau, l&#039;huile, la vapeur, le gaz, etc. Il est largement utilis\u00e9 dans des industries telles que le p\u00e9trole, le g\u00e9nie chimique, les produits pharmaceutiques, les engrais et la production d&#039;\u00e9nergie.<\/li>\n<li>Modes de conduite : Les modes de conduite sont divers, notamment manuels, \u00e0 transmission par engrenages, \u00e9lectriques, pneumatiques, etc., ce qui permet de r\u00e9pondre \u00e0 diverses exigences op\u00e9rationnelles.<\/li>\n<li>Caract\u00e9ristiques structurelles\u00a0: L\u2019axe de la tige de soupape est perpendiculaire \u00e0 la surface d\u2019\u00e9tanch\u00e9it\u00e9 du si\u00e8ge de soupape. Le disque de soupape a une course courte, la surface d\u2019\u00e9tanch\u00e9it\u00e9 est moins sujette \u00e0 l\u2019usure et l\u2019\u00e9tanch\u00e9it\u00e9 est performante. Cependant, la r\u00e9sistance au fluide est \u00e9lev\u00e9e et le couple d\u2019ouverture et de fermeture est \u00e9galement important.<\/li>\n<\/ul>\n<p><img loading=\"lazy\" decoding=\"async\" class=\"aligncenter size-full wp-image-509\" src=\"https:\/\/cnkazev.com\/wp-content\/uploads\/2026\/04\/Stainless-steel-and-carbon-steel-Globe-Valves-6.webp\" alt=\"\" width=\"1000\" height=\"1000\" srcset=\"https:\/\/cnkazev.com\/wp-content\/uploads\/2026\/04\/Stainless-steel-and-carbon-steel-Globe-Valves-6.webp 1000w, https:\/\/cnkazev.com\/wp-content\/uploads\/2026\/04\/Stainless-steel-and-carbon-steel-Globe-Valves-6-800x800.webp 800w, https:\/\/cnkazev.com\/wp-content\/uploads\/2026\/04\/Stainless-steel-and-carbon-steel-Globe-Valves-6-300x300.webp 300w, https:\/\/cnkazev.com\/wp-content\/uploads\/2026\/04\/Stainless-steel-and-carbon-steel-Globe-Valves-6-500x500.webp 500w, https:\/\/cnkazev.com\/wp-content\/uploads\/2026\/04\/Stainless-steel-and-carbon-steel-Globe-Valves-6-768x768.webp 768w, https:\/\/cnkazev.com\/wp-content\/uploads\/2026\/04\/Stainless-steel-and-carbon-steel-Globe-Valves-6-12x12.webp 12w, https:\/\/cnkazev.com\/wp-content\/uploads\/2026\/04\/Stainless-steel-and-carbon-steel-Globe-Valves-6-150x150.webp 150w, https:\/\/cnkazev.com\/wp-content\/uploads\/2026\/04\/Stainless-steel-and-carbon-steel-Globe-Valves-6-75x75.webp 75w, https:\/\/cnkazev.com\/wp-content\/uploads\/2026\/04\/Stainless-steel-and-carbon-steel-Globe-Valves-6-484x484.webp 484w\" sizes=\"auto, (max-width:767px) 484px, (max-width:1000px) 100vw, 1000px\" \/> <img loading=\"lazy\" decoding=\"async\" class=\"aligncenter size-full wp-image-508\" src=\"https:\/\/cnkazev.com\/wp-content\/uploads\/2026\/04\/Stainless-steel-and-carbon-steel-Globe-Valves-5.webp\" alt=\"\" width=\"1000\" height=\"1000\" srcset=\"https:\/\/cnkazev.com\/wp-content\/uploads\/2026\/04\/Stainless-steel-and-carbon-steel-Globe-Valves-5.webp 1000w, https:\/\/cnkazev.com\/wp-content\/uploads\/2026\/04\/Stainless-steel-and-carbon-steel-Globe-Valves-5-800x800.webp 800w, https:\/\/cnkazev.com\/wp-content\/uploads\/2026\/04\/Stainless-steel-and-carbon-steel-Globe-Valves-5-300x300.webp 300w, https:\/\/cnkazev.com\/wp-content\/uploads\/2026\/04\/Stainless-steel-and-carbon-steel-Globe-Valves-5-500x500.webp 500w, https:\/\/cnkazev.com\/wp-content\/uploads\/2026\/04\/Stainless-steel-and-carbon-steel-Globe-Valves-5-768x768.webp 768w, https:\/\/cnkazev.com\/wp-content\/uploads\/2026\/04\/Stainless-steel-and-carbon-steel-Globe-Valves-5-12x12.webp 12w, https:\/\/cnkazev.com\/wp-content\/uploads\/2026\/04\/Stainless-steel-and-carbon-steel-Globe-Valves-5-150x150.webp 150w, https:\/\/cnkazev.com\/wp-content\/uploads\/2026\/04\/Stainless-steel-and-carbon-steel-Globe-Valves-5-75x75.webp 75w, https:\/\/cnkazev.com\/wp-content\/uploads\/2026\/04\/Stainless-steel-and-carbon-steel-Globe-Valves-5-484x484.webp 484w\" sizes=\"auto, (max-width:767px) 484px, (max-width:1000px) 100vw, 1000px\" \/> <img loading=\"lazy\" decoding=\"async\" class=\"aligncenter size-full wp-image-507\" src=\"https:\/\/cnkazev.com\/wp-content\/uploads\/2026\/04\/Stainless-steel-and-carbon-steel-Globe-Valves-4.webp\" alt=\"\" width=\"1000\" height=\"1000\" srcset=\"https:\/\/cnkazev.com\/wp-content\/uploads\/2026\/04\/Stainless-steel-and-carbon-steel-Globe-Valves-4.webp 1000w, https:\/\/cnkazev.com\/wp-content\/uploads\/2026\/04\/Stainless-steel-and-carbon-steel-Globe-Valves-4-800x800.webp 800w, https:\/\/cnkazev.com\/wp-content\/uploads\/2026\/04\/Stainless-steel-and-carbon-steel-Globe-Valves-4-300x300.webp 300w, https:\/\/cnkazev.com\/wp-content\/uploads\/2026\/04\/Stainless-steel-and-carbon-steel-Globe-Valves-4-500x500.webp 500w, https:\/\/cnkazev.com\/wp-content\/uploads\/2026\/04\/Stainless-steel-and-carbon-steel-Globe-Valves-4-768x768.webp 768w, https:\/\/cnkazev.com\/wp-content\/uploads\/2026\/04\/Stainless-steel-and-carbon-steel-Globe-Valves-4-12x12.webp 12w, https:\/\/cnkazev.com\/wp-content\/uploads\/2026\/04\/Stainless-steel-and-carbon-steel-Globe-Valves-4-150x150.webp 150w, https:\/\/cnkazev.com\/wp-content\/uploads\/2026\/04\/Stainless-steel-and-carbon-steel-Globe-Valves-4-75x75.webp 75w, https:\/\/cnkazev.com\/wp-content\/uploads\/2026\/04\/Stainless-steel-and-carbon-steel-Globe-Valves-4-484x484.webp 484w\" sizes=\"auto, (max-width:767px) 484px, (max-width:1000px) 100vw, 1000px\" \/> <img loading=\"lazy\" decoding=\"async\" class=\"aligncenter size-full wp-image-506\" src=\"https:\/\/cnkazev.com\/wp-content\/uploads\/2026\/04\/Stainless-steel-and-carbon-steel-Globe-Valves-3.webp\" alt=\"\" width=\"1000\" height=\"1000\" srcset=\"https:\/\/cnkazev.com\/wp-content\/uploads\/2026\/04\/Stainless-steel-and-carbon-steel-Globe-Valves-3.webp 1000w, https:\/\/cnkazev.com\/wp-content\/uploads\/2026\/04\/Stainless-steel-and-carbon-steel-Globe-Valves-3-800x800.webp 800w, https:\/\/cnkazev.com\/wp-content\/uploads\/2026\/04\/Stainless-steel-and-carbon-steel-Globe-Valves-3-300x300.webp 300w, https:\/\/cnkazev.com\/wp-content\/uploads\/2026\/04\/Stainless-steel-and-carbon-steel-Globe-Valves-3-500x500.webp 500w, https:\/\/cnkazev.com\/wp-content\/uploads\/2026\/04\/Stainless-steel-and-carbon-steel-Globe-Valves-3-768x768.webp 768w, https:\/\/cnkazev.com\/wp-content\/uploads\/2026\/04\/Stainless-steel-and-carbon-steel-Globe-Valves-3-12x12.webp 12w, https:\/\/cnkazev.com\/wp-content\/uploads\/2026\/04\/Stainless-steel-and-carbon-steel-Globe-Valves-3-150x150.webp 150w, https:\/\/cnkazev.com\/wp-content\/uploads\/2026\/04\/Stainless-steel-and-carbon-steel-Globe-Valves-3-75x75.webp 75w, https:\/\/cnkazev.com\/wp-content\/uploads\/2026\/04\/Stainless-steel-and-carbon-steel-Globe-Valves-3-484x484.webp 484w\" sizes=\"auto, (max-width:767px) 484px, (max-width:1000px) 100vw, 1000px\" \/> <img loading=\"lazy\" decoding=\"async\" class=\"aligncenter size-full wp-image-505\" src=\"https:\/\/cnkazev.com\/wp-content\/uploads\/2026\/04\/Stainless-steel-and-carbon-steel-Globe-Valves-2.webp\" alt=\"\" width=\"1000\" height=\"1000\" srcset=\"https:\/\/cnkazev.com\/wp-content\/uploads\/2026\/04\/Stainless-steel-and-carbon-steel-Globe-Valves-2.webp 1000w, https:\/\/cnkazev.com\/wp-content\/uploads\/2026\/04\/Stainless-steel-and-carbon-steel-Globe-Valves-2-800x800.webp 800w, https:\/\/cnkazev.com\/wp-content\/uploads\/2026\/04\/Stainless-steel-and-carbon-steel-Globe-Valves-2-300x300.webp 300w, https:\/\/cnkazev.com\/wp-content\/uploads\/2026\/04\/Stainless-steel-and-carbon-steel-Globe-Valves-2-500x500.webp 500w, https:\/\/cnkazev.com\/wp-content\/uploads\/2026\/04\/Stainless-steel-and-carbon-steel-Globe-Valves-2-768x768.webp 768w, https:\/\/cnkazev.com\/wp-content\/uploads\/2026\/04\/Stainless-steel-and-carbon-steel-Globe-Valves-2-12x12.webp 12w, https:\/\/cnkazev.com\/wp-content\/uploads\/2026\/04\/Stainless-steel-and-carbon-steel-Globe-Valves-2-150x150.webp 150w, https:\/\/cnkazev.com\/wp-content\/uploads\/2026\/04\/Stainless-steel-and-carbon-steel-Globe-Valves-2-75x75.webp 75w, https:\/\/cnkazev.com\/wp-content\/uploads\/2026\/04\/Stainless-steel-and-carbon-steel-Globe-Valves-2-484x484.webp 484w\" sizes=\"auto, (max-width:767px) 484px, (max-width:1000px) 100vw, 1000px\" \/> <img loading=\"lazy\" decoding=\"async\" class=\"aligncenter size-full wp-image-504\" src=\"https:\/\/cnkazev.com\/wp-content\/uploads\/2026\/04\/Stainless-steel-and-carbon-steel-Globe-Valves-1-1.webp\" alt=\"\" width=\"1000\" height=\"1000\" srcset=\"https:\/\/cnkazev.com\/wp-content\/uploads\/2026\/04\/Stainless-steel-and-carbon-steel-Globe-Valves-1-1.webp 1000w, https:\/\/cnkazev.com\/wp-content\/uploads\/2026\/04\/Stainless-steel-and-carbon-steel-Globe-Valves-1-1-800x800.webp 800w, https:\/\/cnkazev.com\/wp-content\/uploads\/2026\/04\/Stainless-steel-and-carbon-steel-Globe-Valves-1-1-300x300.webp 300w, https:\/\/cnkazev.com\/wp-content\/uploads\/2026\/04\/Stainless-steel-and-carbon-steel-Globe-Valves-1-1-500x500.webp 500w, https:\/\/cnkazev.com\/wp-content\/uploads\/2026\/04\/Stainless-steel-and-carbon-steel-Globe-Valves-1-1-768x768.webp 768w, https:\/\/cnkazev.com\/wp-content\/uploads\/2026\/04\/Stainless-steel-and-carbon-steel-Globe-Valves-1-1-12x12.webp 12w, https:\/\/cnkazev.com\/wp-content\/uploads\/2026\/04\/Stainless-steel-and-carbon-steel-Globe-Valves-1-1-150x150.webp 150w, https:\/\/cnkazev.com\/wp-content\/uploads\/2026\/04\/Stainless-steel-and-carbon-steel-Globe-Valves-1-1-75x75.webp 75w, https:\/\/cnkazev.com\/wp-content\/uploads\/2026\/04\/Stainless-steel-and-carbon-steel-Globe-Valves-1-1-484x484.webp 484w\" sizes=\"auto, (max-width:767px) 484px, (max-width:1000px) 100vw, 1000px\" \/><\/p>","protected":false},"excerpt":{"rendered":"<p>The flange Globe\u00a0valve is a common type of shut-off valve. Here is a detailed introduction of it: Connection method: It adopts flange connection, featuring strong connection<span class=\"excerpt-hellip\"> [\u2026]<\/span><\/p>\n","protected":false},"featured_media":504,"template":"","meta":[],"product_brand":[],"product_cat":[39],"product_tag":[],"class_list":{"0":"post-502","1":"product","2":"type-product","3":"status-publish","4":"has-post-thumbnail","6":"product_cat-globe-valve","8":"first","9":"instock","10":"shipping-taxable","11":"product-type-external"},"yoast_head":"<!-- This site is optimized with the Yoast SEO plugin v26.6 - https:\/\/yoast.com\/wordpress\/plugins\/seo\/ -->\n<title>Globe Valve - Wenzhou Kaizheng Valve Technology Co., Ltd<\/title>\n<meta name=\"robots\" content=\"index, follow, max-snippet:-1, max-image-preview:large, max-video-preview:-1\" \/>\n<link rel=\"canonical\" href=\"https:\/\/cnkazev.com\/fr\/produit\/globe-valve\/\" \/>\n<meta property=\"og:locale\" content=\"fr_FR\" \/>\n<meta property=\"og:type\" content=\"article\" \/>\n<meta property=\"og:title\" content=\"Globe Valve - Wenzhou Kaizheng Valve Technology Co., Ltd\" \/>\n<meta property=\"og:description\" content=\"The flange Globe\u00a0valve is a common type of shut-off valve. Here is a detailed introduction of it: Connection method: It adopts flange connection, featuring strong connection [\u2026]\" \/>\n<meta property=\"og:url\" content=\"https:\/\/cnkazev.com\/fr\/produit\/globe-valve\/\" \/>\n<meta property=\"og:site_name\" content=\"Wenzhou Kaizheng Valve Technology Co., Ltd\" \/>\n<meta property=\"article:modified_time\" content=\"2026-04-08T15:50:20+00:00\" \/>\n<meta property=\"og:image\" content=\"https:\/\/cnkazev.com\/wp-content\/uploads\/2026\/04\/Stainless-steel-and-carbon-steel-Globe-Valves-1-1.webp\" \/>\n\t<meta property=\"og:image:width\" content=\"1000\" \/>\n\t<meta property=\"og:image:height\" content=\"1000\" \/>\n\t<meta property=\"og:image:type\" content=\"image\/webp\" \/>\n<meta name=\"twitter:card\" content=\"summary_large_image\" \/>\n<meta name=\"twitter:label1\" content=\"Dur\u00e9e de lecture estim\u00e9e\" \/>\n\t<meta name=\"twitter:data1\" content=\"2 minutes\" \/>\n<script type=\"application\/ld+json\" class=\"yoast-schema-graph\">{\"@context\":\"https:\/\/schema.org\",\"@graph\":[{\"@type\":\"WebPage\",\"@id\":\"https:\/\/cnkazev.com\/product\/globe-valve\/\",\"url\":\"https:\/\/cnkazev.com\/product\/globe-valve\/\",\"name\":\"Globe Valve - Wenzhou Kaizheng Valve Technology Co., Ltd\",\"isPartOf\":{\"@id\":\"https:\/\/cnkazev.com\/#website\"},\"primaryImageOfPage\":{\"@id\":\"https:\/\/cnkazev.com\/product\/globe-valve\/#primaryimage\"},\"image\":{\"@id\":\"https:\/\/cnkazev.com\/product\/globe-valve\/#primaryimage\"},\"thumbnailUrl\":\"https:\/\/cnkazev.com\/wp-content\/uploads\/2026\/04\/Stainless-steel-and-carbon-steel-Globe-Valves-1-1.webp\",\"datePublished\":\"2026-04-08T15:48:43+00:00\",\"dateModified\":\"2026-04-08T15:50:20+00:00\",\"breadcrumb\":{\"@id\":\"https:\/\/cnkazev.com\/product\/globe-valve\/#breadcrumb\"},\"inLanguage\":\"fr-FR\",\"potentialAction\":[{\"@type\":\"ReadAction\",\"target\":[\"https:\/\/cnkazev.com\/product\/globe-valve\/\"]}]},{\"@type\":\"ImageObject\",\"inLanguage\":\"fr-FR\",\"@id\":\"https:\/\/cnkazev.com\/product\/globe-valve\/#primaryimage\",\"url\":\"https:\/\/cnkazev.com\/wp-content\/uploads\/2026\/04\/Stainless-steel-and-carbon-steel-Globe-Valves-1-1.webp\",\"contentUrl\":\"https:\/\/cnkazev.com\/wp-content\/uploads\/2026\/04\/Stainless-steel-and-carbon-steel-Globe-Valves-1-1.webp\",\"width\":1000,\"height\":1000},{\"@type\":\"BreadcrumbList\",\"@id\":\"https:\/\/cnkazev.com\/product\/globe-valve\/#breadcrumb\",\"itemListElement\":[{\"@type\":\"ListItem\",\"position\":1,\"name\":\"Home\",\"item\":\"https:\/\/cnkazev.com\/\"},{\"@type\":\"ListItem\",\"position\":2,\"name\":\"Product\",\"item\":\"https:\/\/cnkazev.com\/product\/\"},{\"@type\":\"ListItem\",\"position\":3,\"name\":\"Globe Valve\"}]},{\"@type\":\"WebSite\",\"@id\":\"https:\/\/cnkazev.com\/#website\",\"url\":\"https:\/\/cnkazev.com\/\",\"name\":\"Wenzhou Kaizheng Valve Technology Co., Ltd\",\"description\":\"Wenzhou Kaizheng Valve Technology Co., Ltd\",\"potentialAction\":[{\"@type\":\"SearchAction\",\"target\":{\"@type\":\"EntryPoint\",\"urlTemplate\":\"https:\/\/cnkazev.com\/?s={search_term_string}\"},\"query-input\":{\"@type\":\"PropertyValueSpecification\",\"valueRequired\":true,\"valueName\":\"search_term_string\"}}],\"inLanguage\":\"fr-FR\"}]}<\/script>\n<!-- \/ Yoast SEO plugin. -->","yoast_head_json":{"title":"Globe Valve - Wenzhou Kaizheng Valve Technology Co., Ltd","robots":{"index":"index","follow":"follow","max-snippet":"max-snippet:-1","max-image-preview":"max-image-preview:large","max-video-preview":"max-video-preview:-1"},"canonical":"https:\/\/cnkazev.com\/fr\/produit\/globe-valve\/","og_locale":"fr_FR","og_type":"article","og_title":"Globe Valve - Wenzhou Kaizheng Valve Technology Co., Ltd","og_description":"The flange Globe\u00a0valve is a common type of shut-off valve. Here is a detailed introduction of it: Connection method: It adopts flange connection, featuring strong connection [\u2026]","og_url":"https:\/\/cnkazev.com\/fr\/produit\/globe-valve\/","og_site_name":"Wenzhou Kaizheng Valve Technology Co., Ltd","article_modified_time":"2026-04-08T15:50:20+00:00","og_image":[{"width":1000,"height":1000,"url":"https:\/\/cnkazev.com\/wp-content\/uploads\/2026\/04\/Stainless-steel-and-carbon-steel-Globe-Valves-1-1.webp","type":"image\/webp"}],"twitter_card":"summary_large_image","twitter_misc":{"Dur\u00e9e de lecture estim\u00e9e":"2 minutes"},"schema":{"@context":"https:\/\/schema.org","@graph":[{"@type":"WebPage","@id":"https:\/\/cnkazev.com\/product\/globe-valve\/","url":"https:\/\/cnkazev.com\/product\/globe-valve\/","name":"Globe Valve - Wenzhou Kaizheng Valve Technology Co., Ltd","isPartOf":{"@id":"https:\/\/cnkazev.com\/#website"},"primaryImageOfPage":{"@id":"https:\/\/cnkazev.com\/product\/globe-valve\/#primaryimage"},"image":{"@id":"https:\/\/cnkazev.com\/product\/globe-valve\/#primaryimage"},"thumbnailUrl":"https:\/\/cnkazev.com\/wp-content\/uploads\/2026\/04\/Stainless-steel-and-carbon-steel-Globe-Valves-1-1.webp","datePublished":"2026-04-08T15:48:43+00:00","dateModified":"2026-04-08T15:50:20+00:00","breadcrumb":{"@id":"https:\/\/cnkazev.com\/product\/globe-valve\/#breadcrumb"},"inLanguage":"fr-FR","potentialAction":[{"@type":"ReadAction","target":["https:\/\/cnkazev.com\/product\/globe-valve\/"]}]},{"@type":"ImageObject","inLanguage":"fr-FR","@id":"https:\/\/cnkazev.com\/product\/globe-valve\/#primaryimage","url":"https:\/\/cnkazev.com\/wp-content\/uploads\/2026\/04\/Stainless-steel-and-carbon-steel-Globe-Valves-1-1.webp","contentUrl":"https:\/\/cnkazev.com\/wp-content\/uploads\/2026\/04\/Stainless-steel-and-carbon-steel-Globe-Valves-1-1.webp","width":1000,"height":1000},{"@type":"BreadcrumbList","@id":"https:\/\/cnkazev.com\/product\/globe-valve\/#breadcrumb","itemListElement":[{"@type":"ListItem","position":1,"name":"Home","item":"https:\/\/cnkazev.com\/"},{"@type":"ListItem","position":2,"name":"Product","item":"https:\/\/cnkazev.com\/product\/"},{"@type":"ListItem","position":3,"name":"Globe Valve"}]},{"@type":"WebSite","@id":"https:\/\/cnkazev.com\/#website","url":"https:\/\/cnkazev.com\/","name":"Wenzhou Kaizheng Valve Technology Co., Ltd","description":"Wenzhou Kaizheng Valve Technology Co., Ltd","potentialAction":[{"@type":"SearchAction","target":{"@type":"EntryPoint","urlTemplate":"https:\/\/cnkazev.com\/?s={search_term_string}"},"query-input":{"@type":"PropertyValueSpecification","valueRequired":true,"valueName":"search_term_string"}}],"inLanguage":"fr-FR"}]}},"_links":{"self":[{"href":"https:\/\/cnkazev.com\/fr\/wp-json\/wp\/v2\/product\/502","targetHints":{"allow":["GET"]}}],"collection":[{"href":"https:\/\/cnkazev.com\/fr\/wp-json\/wp\/v2\/product"}],"about":[{"href":"https:\/\/cnkazev.com\/fr\/wp-json\/wp\/v2\/types\/product"}],"wp:featuredmedia":[{"embeddable":true,"href":"https:\/\/cnkazev.com\/fr\/wp-json\/wp\/v2\/media\/504"}],"wp:attachment":[{"href":"https:\/\/cnkazev.com\/fr\/wp-json\/wp\/v2\/media?parent=502"}],"wp:term":[{"taxonomy":"product_brand","embeddable":true,"href":"https:\/\/cnkazev.com\/fr\/wp-json\/wp\/v2\/product_brand?post=502"},{"taxonomy":"product_cat","embeddable":true,"href":"https:\/\/cnkazev.com\/fr\/wp-json\/wp\/v2\/product_cat?post=502"},{"taxonomy":"product_tag","embeddable":true,"href":"https:\/\/cnkazev.com\/fr\/wp-json\/wp\/v2\/product_tag?post=502"}],"curies":[{"name":"wp","href":"https:\/\/api.w.org\/{rel}","templated":true}]}}