{"id":493,"date":"2026-04-08T15:43:17","date_gmt":"2026-04-08T15:43:17","guid":{"rendered":"https:\/\/cnkazev.com\/?post_type=product&#038;p=493"},"modified":"2026-04-08T15:45:01","modified_gmt":"2026-04-08T15:45:01","slug":"butterfly-valve","status":"publish","type":"product","link":"https:\/\/cnkazev.com\/fr\/produit\/butterfly-valve\/","title":{"rendered":"vanne papillon"},"content":{"rendered":"<p>Les principaux arguments de vente de la vanne papillon \u00e0 plaquette (double excentricit\u00e9 + joint souple)<br \/>\nAvantages en mati\u00e8re de structure et d&#039;installation<br \/>\nStructure \u00e0 double excentration\u00a0: l\u2019axe de la soupape pr\u00e9sente un double excentrage. Lorsque le papillon s\u2019ouvre d\u2019environ 20\u00b0, il se d\u00e9tache de son si\u00e8ge. Ceci r\u00e9duit consid\u00e9rablement les frottements, n\u00e9cessite un faible couple et assure une longue dur\u00e9e de vie.<br \/>\nRaccordement par bride\u00a0: sans bride int\u00e9gr\u00e9e. Structure compacte, poids l\u00e9ger, gain de place et installation rapide.<br \/>\nFacile \u00e0 installer, \u00e0 d\u00e9monter et \u00e0 r\u00e9parer : le si\u00e8ge de soupape peut \u00eatre remplac\u00e9 ind\u00e9pendamment sans d\u00e9monter le papillon ni la tige de soupape, ce qui r\u00e9duit les co\u00fbts d&#039;entretien.<br \/>\nPoints forts en mati\u00e8re d&#039;\u00e9tanch\u00e9it\u00e9 et de performance<br \/>\n\u00c9tanch\u00e9it\u00e9 bidirectionnelle parfaite\u00a0: joint souple (EPDM\/NBR\/PTFE) + si\u00e8ge \u00e0 l\u00e8vre\/flexible, joint \u00e0 bulles<br \/>\n\u00c9tanch\u00e9it\u00e9 dynamique\u00a0: plus le joint est \u00e9tanche, plus la pression est \u00e9lev\u00e9e. Elle compense les variations de temp\u00e9rature et de pression.<br \/>\nFaible r\u00e9sistance \u00e0 l&#039;\u00e9coulement + Excellente r\u00e9gulation\u00a0: D\u00e9bit \u00e0 pourcentage quasi identique, double fonction de coupure et de r\u00e9gulation<br \/>\nAucun blocage \u00e0 l&#039;ouverture et \u00e0 la fermeture\u00a0: faible friction, faible couple, convient aux applications manuelles\/turbin\u00e9es\/pneumatiques\/\u00e9lectriques<br \/>\nMat\u00e9riaux adapt\u00e9s aux conditions de travail<br \/>\nMat\u00e9riaux de haute qualit\u00e9\u00a0: Corps de vanne WCB\/304\/316\u00a0; papillon en acier inoxydable\u00a0; si\u00e8ge de vanne disponible en plusieurs mat\u00e9riaux \u00e9lastiques.<br \/>\nLarge champ d&#039;application\u00a0: eau, huile, gaz, vapeur, milieux faiblement corrosifs\u00a0; -30\u00a0\u00b0C \u00e0 180\u00a0\u00b0C (selon les composants d&#039;\u00e9tanch\u00e9it\u00e9)<br \/>\nHaute durabilit\u00e9 : peut supporter des dizaines de milliers de cycles d&#039;ouverture et de fermeture sans aucune perte, convient aux conditions de commutation fr\u00e9quentes.<br \/>\nCo\u00fbt et rapport qualit\u00e9-prix<br \/>\nL\u00e9g\u00e8re et \u00e9conomique\u00a0: plus l\u00e9g\u00e8re que les vannes papillon \u00e0 brides classiques (mod\u00e8le 30%+), la vanne 30%+ r\u00e9duit la charge sur la canalisation et les co\u00fbts d\u2019installation.<br \/>\nLongue dur\u00e9e de vie + Maintenance facile : R\u00e9duit les temps d&#039;arr\u00eat et la consommation de pi\u00e8ces de rechange, et pr\u00e9sente un faible co\u00fbt total sur l&#039;ensemble du cycle de vie.<\/p>\n<p><img loading=\"lazy\" decoding=\"async\" class=\"aligncenter size-full wp-image-501\" src=\"https:\/\/cnkazev.com\/wp-content\/uploads\/2026\/04\/DATA-FORM.webp\" alt=\"\" width=\"1000\" height=\"539\" srcset=\"https:\/\/cnkazev.com\/wp-content\/uploads\/2026\/04\/DATA-FORM.webp 1000w, https:\/\/cnkazev.com\/wp-content\/uploads\/2026\/04\/DATA-FORM-800x431.webp 800w, https:\/\/cnkazev.com\/wp-content\/uploads\/2026\/04\/DATA-FORM-500x270.webp 500w, https:\/\/cnkazev.com\/wp-content\/uploads\/2026\/04\/DATA-FORM-300x162.webp 300w, https:\/\/cnkazev.com\/wp-content\/uploads\/2026\/04\/DATA-FORM-768x414.webp 768w, https:\/\/cnkazev.com\/wp-content\/uploads\/2026\/04\/DATA-FORM-18x10.webp 18w, https:\/\/cnkazev.com\/wp-content\/uploads\/2026\/04\/DATA-FORM-139x75.webp 139w, https:\/\/cnkazev.com\/wp-content\/uploads\/2026\/04\/DATA-FORM-484x261.webp 484w\" sizes=\"auto, (max-width:767px) 484px, (max-width:1000px) 100vw, 1000px\" \/> <img loading=\"lazy\" decoding=\"async\" class=\"aligncenter size-full wp-image-500\" src=\"https:\/\/cnkazev.com\/wp-content\/uploads\/2026\/04\/Stainless-steel-cast-steel-butterfly-valve-6.webp\" alt=\"\" width=\"1000\" height=\"1000\" srcset=\"https:\/\/cnkazev.com\/wp-content\/uploads\/2026\/04\/Stainless-steel-cast-steel-butterfly-valve-6.webp 1000w, https:\/\/cnkazev.com\/wp-content\/uploads\/2026\/04\/Stainless-steel-cast-steel-butterfly-valve-6-800x800.webp 800w, https:\/\/cnkazev.com\/wp-content\/uploads\/2026\/04\/Stainless-steel-cast-steel-butterfly-valve-6-300x300.webp 300w, https:\/\/cnkazev.com\/wp-content\/uploads\/2026\/04\/Stainless-steel-cast-steel-butterfly-valve-6-500x500.webp 500w, https:\/\/cnkazev.com\/wp-content\/uploads\/2026\/04\/Stainless-steel-cast-steel-butterfly-valve-6-768x768.webp 768w, https:\/\/cnkazev.com\/wp-content\/uploads\/2026\/04\/Stainless-steel-cast-steel-butterfly-valve-6-12x12.webp 12w, https:\/\/cnkazev.com\/wp-content\/uploads\/2026\/04\/Stainless-steel-cast-steel-butterfly-valve-6-150x150.webp 150w, https:\/\/cnkazev.com\/wp-content\/uploads\/2026\/04\/Stainless-steel-cast-steel-butterfly-valve-6-75x75.webp 75w, https:\/\/cnkazev.com\/wp-content\/uploads\/2026\/04\/Stainless-steel-cast-steel-butterfly-valve-6-484x484.webp 484w\" sizes=\"auto, (max-width:767px) 484px, (max-width:1000px) 100vw, 1000px\" \/> <img loading=\"lazy\" decoding=\"async\" class=\"aligncenter size-full wp-image-499\" src=\"https:\/\/cnkazev.com\/wp-content\/uploads\/2026\/04\/Stainless-steel-cast-steel-butterfly-valve-5.webp\" alt=\"\" width=\"1000\" height=\"1000\" srcset=\"https:\/\/cnkazev.com\/wp-content\/uploads\/2026\/04\/Stainless-steel-cast-steel-butterfly-valve-5.webp 1000w, https:\/\/cnkazev.com\/wp-content\/uploads\/2026\/04\/Stainless-steel-cast-steel-butterfly-valve-5-800x800.webp 800w, https:\/\/cnkazev.com\/wp-content\/uploads\/2026\/04\/Stainless-steel-cast-steel-butterfly-valve-5-300x300.webp 300w, https:\/\/cnkazev.com\/wp-content\/uploads\/2026\/04\/Stainless-steel-cast-steel-butterfly-valve-5-500x500.webp 500w, https:\/\/cnkazev.com\/wp-content\/uploads\/2026\/04\/Stainless-steel-cast-steel-butterfly-valve-5-768x768.webp 768w, https:\/\/cnkazev.com\/wp-content\/uploads\/2026\/04\/Stainless-steel-cast-steel-butterfly-valve-5-12x12.webp 12w, https:\/\/cnkazev.com\/wp-content\/uploads\/2026\/04\/Stainless-steel-cast-steel-butterfly-valve-5-150x150.webp 150w, https:\/\/cnkazev.com\/wp-content\/uploads\/2026\/04\/Stainless-steel-cast-steel-butterfly-valve-5-75x75.webp 75w, https:\/\/cnkazev.com\/wp-content\/uploads\/2026\/04\/Stainless-steel-cast-steel-butterfly-valve-5-484x484.webp 484w\" sizes=\"auto, (max-width:767px) 484px, (max-width:1000px) 100vw, 1000px\" \/> <img loading=\"lazy\" decoding=\"async\" class=\"aligncenter size-full wp-image-498\" src=\"https:\/\/cnkazev.com\/wp-content\/uploads\/2026\/04\/Stainless-steel-cast-steel-butterfly-valve-4.webp\" alt=\"\" width=\"1000\" height=\"1000\" srcset=\"https:\/\/cnkazev.com\/wp-content\/uploads\/2026\/04\/Stainless-steel-cast-steel-butterfly-valve-4.webp 1000w, https:\/\/cnkazev.com\/wp-content\/uploads\/2026\/04\/Stainless-steel-cast-steel-butterfly-valve-4-800x800.webp 800w, https:\/\/cnkazev.com\/wp-content\/uploads\/2026\/04\/Stainless-steel-cast-steel-butterfly-valve-4-300x300.webp 300w, https:\/\/cnkazev.com\/wp-content\/uploads\/2026\/04\/Stainless-steel-cast-steel-butterfly-valve-4-500x500.webp 500w, https:\/\/cnkazev.com\/wp-content\/uploads\/2026\/04\/Stainless-steel-cast-steel-butterfly-valve-4-768x768.webp 768w, https:\/\/cnkazev.com\/wp-content\/uploads\/2026\/04\/Stainless-steel-cast-steel-butterfly-valve-4-12x12.webp 12w, https:\/\/cnkazev.com\/wp-content\/uploads\/2026\/04\/Stainless-steel-cast-steel-butterfly-valve-4-150x150.webp 150w, https:\/\/cnkazev.com\/wp-content\/uploads\/2026\/04\/Stainless-steel-cast-steel-butterfly-valve-4-75x75.webp 75w, https:\/\/cnkazev.com\/wp-content\/uploads\/2026\/04\/Stainless-steel-cast-steel-butterfly-valve-4-484x484.webp 484w\" sizes=\"auto, (max-width:767px) 484px, (max-width:1000px) 100vw, 1000px\" \/> <img loading=\"lazy\" decoding=\"async\" class=\"aligncenter size-full wp-image-497\" src=\"https:\/\/cnkazev.com\/wp-content\/uploads\/2026\/04\/Stainless-steel-cast-steel-butterfly-valve-3.webp\" alt=\"\" width=\"1000\" height=\"1000\" srcset=\"https:\/\/cnkazev.com\/wp-content\/uploads\/2026\/04\/Stainless-steel-cast-steel-butterfly-valve-3.webp 1000w, https:\/\/cnkazev.com\/wp-content\/uploads\/2026\/04\/Stainless-steel-cast-steel-butterfly-valve-3-800x800.webp 800w, https:\/\/cnkazev.com\/wp-content\/uploads\/2026\/04\/Stainless-steel-cast-steel-butterfly-valve-3-300x300.webp 300w, https:\/\/cnkazev.com\/wp-content\/uploads\/2026\/04\/Stainless-steel-cast-steel-butterfly-valve-3-500x500.webp 500w, https:\/\/cnkazev.com\/wp-content\/uploads\/2026\/04\/Stainless-steel-cast-steel-butterfly-valve-3-768x768.webp 768w, https:\/\/cnkazev.com\/wp-content\/uploads\/2026\/04\/Stainless-steel-cast-steel-butterfly-valve-3-12x12.webp 12w, https:\/\/cnkazev.com\/wp-content\/uploads\/2026\/04\/Stainless-steel-cast-steel-butterfly-valve-3-150x150.webp 150w, https:\/\/cnkazev.com\/wp-content\/uploads\/2026\/04\/Stainless-steel-cast-steel-butterfly-valve-3-75x75.webp 75w, https:\/\/cnkazev.com\/wp-content\/uploads\/2026\/04\/Stainless-steel-cast-steel-butterfly-valve-3-484x484.webp 484w\" sizes=\"auto, (max-width:767px) 484px, (max-width:1000px) 100vw, 1000px\" \/> <img loading=\"lazy\" decoding=\"async\" class=\"aligncenter size-full wp-image-496\" src=\"https:\/\/cnkazev.com\/wp-content\/uploads\/2026\/04\/Stainless-steel-cast-steel-butterfly-valve-2.webp\" alt=\"\" width=\"1000\" height=\"1000\" srcset=\"https:\/\/cnkazev.com\/wp-content\/uploads\/2026\/04\/Stainless-steel-cast-steel-butterfly-valve-2.webp 1000w, https:\/\/cnkazev.com\/wp-content\/uploads\/2026\/04\/Stainless-steel-cast-steel-butterfly-valve-2-800x800.webp 800w, https:\/\/cnkazev.com\/wp-content\/uploads\/2026\/04\/Stainless-steel-cast-steel-butterfly-valve-2-300x300.webp 300w, https:\/\/cnkazev.com\/wp-content\/uploads\/2026\/04\/Stainless-steel-cast-steel-butterfly-valve-2-500x500.webp 500w, https:\/\/cnkazev.com\/wp-content\/uploads\/2026\/04\/Stainless-steel-cast-steel-butterfly-valve-2-768x768.webp 768w, https:\/\/cnkazev.com\/wp-content\/uploads\/2026\/04\/Stainless-steel-cast-steel-butterfly-valve-2-12x12.webp 12w, https:\/\/cnkazev.com\/wp-content\/uploads\/2026\/04\/Stainless-steel-cast-steel-butterfly-valve-2-150x150.webp 150w, https:\/\/cnkazev.com\/wp-content\/uploads\/2026\/04\/Stainless-steel-cast-steel-butterfly-valve-2-75x75.webp 75w, https:\/\/cnkazev.com\/wp-content\/uploads\/2026\/04\/Stainless-steel-cast-steel-butterfly-valve-2-484x484.webp 484w\" sizes=\"auto, (max-width:767px) 484px, (max-width:1000px) 100vw, 1000px\" \/> <img loading=\"lazy\" decoding=\"async\" class=\"aligncenter size-full wp-image-495\" src=\"https:\/\/cnkazev.com\/wp-content\/uploads\/2026\/04\/Stainless-steel-cast-steel-butterfly-valve-1-1.webp\" alt=\"\" width=\"1000\" height=\"1000\" srcset=\"https:\/\/cnkazev.com\/wp-content\/uploads\/2026\/04\/Stainless-steel-cast-steel-butterfly-valve-1-1.webp 1000w, https:\/\/cnkazev.com\/wp-content\/uploads\/2026\/04\/Stainless-steel-cast-steel-butterfly-valve-1-1-800x800.webp 800w, https:\/\/cnkazev.com\/wp-content\/uploads\/2026\/04\/Stainless-steel-cast-steel-butterfly-valve-1-1-300x300.webp 300w, https:\/\/cnkazev.com\/wp-content\/uploads\/2026\/04\/Stainless-steel-cast-steel-butterfly-valve-1-1-500x500.webp 500w, https:\/\/cnkazev.com\/wp-content\/uploads\/2026\/04\/Stainless-steel-cast-steel-butterfly-valve-1-1-768x768.webp 768w, https:\/\/cnkazev.com\/wp-content\/uploads\/2026\/04\/Stainless-steel-cast-steel-butterfly-valve-1-1-12x12.webp 12w, https:\/\/cnkazev.com\/wp-content\/uploads\/2026\/04\/Stainless-steel-cast-steel-butterfly-valve-1-1-150x150.webp 150w, https:\/\/cnkazev.com\/wp-content\/uploads\/2026\/04\/Stainless-steel-cast-steel-butterfly-valve-1-1-75x75.webp 75w, https:\/\/cnkazev.com\/wp-content\/uploads\/2026\/04\/Stainless-steel-cast-steel-butterfly-valve-1-1-484x484.webp 484w\" sizes=\"auto, (max-width:767px) 484px, (max-width:1000px) 100vw, 1000px\" \/><\/p>\n<p>&nbsp;<\/p>","protected":false},"excerpt":{"rendered":"<p>The core selling points of the wafer butterfly valve (double eccentricity + soft seal) Advantages in Structure and Installation Double eccentric structure: The valve shaft is<span class=\"excerpt-hellip\"> [\u2026]<\/span><\/p>\n","protected":false},"featured_media":495,"template":"","meta":[],"product_brand":[],"product_cat":[40],"product_tag":[],"class_list":{"0":"post-493","1":"product","2":"type-product","3":"status-publish","4":"has-post-thumbnail","6":"product_cat-butterfly-valve","8":"first","9":"instock","10":"shipping-taxable","11":"product-type-external"},"yoast_head":"<!-- This site is optimized with the Yoast SEO plugin v26.6 - https:\/\/yoast.com\/wordpress\/plugins\/seo\/ -->\n<title>Butterfly Valve - Wenzhou Kaizheng Valve Technology Co., Ltd<\/title>\n<meta name=\"robots\" content=\"index, follow, max-snippet:-1, max-image-preview:large, max-video-preview:-1\" \/>\n<link rel=\"canonical\" href=\"https:\/\/cnkazev.com\/fr\/produit\/butterfly-valve\/\" \/>\n<meta property=\"og:locale\" content=\"fr_FR\" \/>\n<meta property=\"og:type\" content=\"article\" \/>\n<meta property=\"og:title\" content=\"Butterfly Valve - Wenzhou Kaizheng Valve Technology Co., Ltd\" \/>\n<meta property=\"og:description\" content=\"The core selling points of the wafer butterfly valve (double eccentricity + soft seal) Advantages in Structure and Installation Double eccentric structure: The valve shaft is [\u2026]\" \/>\n<meta property=\"og:url\" content=\"https:\/\/cnkazev.com\/fr\/produit\/butterfly-valve\/\" \/>\n<meta property=\"og:site_name\" content=\"Wenzhou Kaizheng Valve Technology Co., Ltd\" \/>\n<meta property=\"article:modified_time\" content=\"2026-04-08T15:45:01+00:00\" \/>\n<meta property=\"og:image\" content=\"https:\/\/cnkazev.com\/wp-content\/uploads\/2026\/04\/Stainless-steel-cast-steel-butterfly-valve-1-1.webp\" \/>\n\t<meta property=\"og:image:width\" content=\"1000\" \/>\n\t<meta property=\"og:image:height\" content=\"1000\" \/>\n\t<meta property=\"og:image:type\" content=\"image\/webp\" \/>\n<meta name=\"twitter:card\" content=\"summary_large_image\" \/>\n<meta name=\"twitter:label1\" content=\"Dur\u00e9e de lecture estim\u00e9e\" \/>\n\t<meta name=\"twitter:data1\" content=\"3 minutes\" \/>\n<script type=\"application\/ld+json\" class=\"yoast-schema-graph\">{\"@context\":\"https:\/\/schema.org\",\"@graph\":[{\"@type\":\"WebPage\",\"@id\":\"https:\/\/cnkazev.com\/product\/butterfly-valve\/\",\"url\":\"https:\/\/cnkazev.com\/product\/butterfly-valve\/\",\"name\":\"Butterfly Valve - Wenzhou Kaizheng Valve Technology Co., Ltd\",\"isPartOf\":{\"@id\":\"https:\/\/cnkazev.com\/#website\"},\"primaryImageOfPage\":{\"@id\":\"https:\/\/cnkazev.com\/product\/butterfly-valve\/#primaryimage\"},\"image\":{\"@id\":\"https:\/\/cnkazev.com\/product\/butterfly-valve\/#primaryimage\"},\"thumbnailUrl\":\"https:\/\/cnkazev.com\/wp-content\/uploads\/2026\/04\/Stainless-steel-cast-steel-butterfly-valve-1-1.webp\",\"datePublished\":\"2026-04-08T15:43:17+00:00\",\"dateModified\":\"2026-04-08T15:45:01+00:00\",\"breadcrumb\":{\"@id\":\"https:\/\/cnkazev.com\/product\/butterfly-valve\/#breadcrumb\"},\"inLanguage\":\"fr-FR\",\"potentialAction\":[{\"@type\":\"ReadAction\",\"target\":[\"https:\/\/cnkazev.com\/product\/butterfly-valve\/\"]}]},{\"@type\":\"ImageObject\",\"inLanguage\":\"fr-FR\",\"@id\":\"https:\/\/cnkazev.com\/product\/butterfly-valve\/#primaryimage\",\"url\":\"https:\/\/cnkazev.com\/wp-content\/uploads\/2026\/04\/Stainless-steel-cast-steel-butterfly-valve-1-1.webp\",\"contentUrl\":\"https:\/\/cnkazev.com\/wp-content\/uploads\/2026\/04\/Stainless-steel-cast-steel-butterfly-valve-1-1.webp\",\"width\":1000,\"height\":1000},{\"@type\":\"BreadcrumbList\",\"@id\":\"https:\/\/cnkazev.com\/product\/butterfly-valve\/#breadcrumb\",\"itemListElement\":[{\"@type\":\"ListItem\",\"position\":1,\"name\":\"Home\",\"item\":\"https:\/\/cnkazev.com\/\"},{\"@type\":\"ListItem\",\"position\":2,\"name\":\"Product\",\"item\":\"https:\/\/cnkazev.com\/product\/\"},{\"@type\":\"ListItem\",\"position\":3,\"name\":\"Butterfly Valve\"}]},{\"@type\":\"WebSite\",\"@id\":\"https:\/\/cnkazev.com\/#website\",\"url\":\"https:\/\/cnkazev.com\/\",\"name\":\"Wenzhou Kaizheng Valve Technology Co., Ltd\",\"description\":\"Wenzhou Kaizheng Valve Technology Co., Ltd\",\"potentialAction\":[{\"@type\":\"SearchAction\",\"target\":{\"@type\":\"EntryPoint\",\"urlTemplate\":\"https:\/\/cnkazev.com\/?s={search_term_string}\"},\"query-input\":{\"@type\":\"PropertyValueSpecification\",\"valueRequired\":true,\"valueName\":\"search_term_string\"}}],\"inLanguage\":\"fr-FR\"}]}<\/script>\n<!-- \/ Yoast SEO plugin. -->","yoast_head_json":{"title":"Butterfly Valve - Wenzhou Kaizheng Valve Technology Co., Ltd","robots":{"index":"index","follow":"follow","max-snippet":"max-snippet:-1","max-image-preview":"max-image-preview:large","max-video-preview":"max-video-preview:-1"},"canonical":"https:\/\/cnkazev.com\/fr\/produit\/butterfly-valve\/","og_locale":"fr_FR","og_type":"article","og_title":"Butterfly Valve - Wenzhou Kaizheng Valve Technology Co., Ltd","og_description":"The core selling points of the wafer butterfly valve (double eccentricity + soft seal) Advantages in Structure and Installation Double eccentric structure: The valve shaft is [\u2026]","og_url":"https:\/\/cnkazev.com\/fr\/produit\/butterfly-valve\/","og_site_name":"Wenzhou Kaizheng Valve Technology Co., Ltd","article_modified_time":"2026-04-08T15:45:01+00:00","og_image":[{"width":1000,"height":1000,"url":"https:\/\/cnkazev.com\/wp-content\/uploads\/2026\/04\/Stainless-steel-cast-steel-butterfly-valve-1-1.webp","type":"image\/webp"}],"twitter_card":"summary_large_image","twitter_misc":{"Dur\u00e9e de lecture estim\u00e9e":"3 minutes"},"schema":{"@context":"https:\/\/schema.org","@graph":[{"@type":"WebPage","@id":"https:\/\/cnkazev.com\/product\/butterfly-valve\/","url":"https:\/\/cnkazev.com\/product\/butterfly-valve\/","name":"Butterfly Valve - Wenzhou Kaizheng Valve Technology Co., Ltd","isPartOf":{"@id":"https:\/\/cnkazev.com\/#website"},"primaryImageOfPage":{"@id":"https:\/\/cnkazev.com\/product\/butterfly-valve\/#primaryimage"},"image":{"@id":"https:\/\/cnkazev.com\/product\/butterfly-valve\/#primaryimage"},"thumbnailUrl":"https:\/\/cnkazev.com\/wp-content\/uploads\/2026\/04\/Stainless-steel-cast-steel-butterfly-valve-1-1.webp","datePublished":"2026-04-08T15:43:17+00:00","dateModified":"2026-04-08T15:45:01+00:00","breadcrumb":{"@id":"https:\/\/cnkazev.com\/product\/butterfly-valve\/#breadcrumb"},"inLanguage":"fr-FR","potentialAction":[{"@type":"ReadAction","target":["https:\/\/cnkazev.com\/product\/butterfly-valve\/"]}]},{"@type":"ImageObject","inLanguage":"fr-FR","@id":"https:\/\/cnkazev.com\/product\/butterfly-valve\/#primaryimage","url":"https:\/\/cnkazev.com\/wp-content\/uploads\/2026\/04\/Stainless-steel-cast-steel-butterfly-valve-1-1.webp","contentUrl":"https:\/\/cnkazev.com\/wp-content\/uploads\/2026\/04\/Stainless-steel-cast-steel-butterfly-valve-1-1.webp","width":1000,"height":1000},{"@type":"BreadcrumbList","@id":"https:\/\/cnkazev.com\/product\/butterfly-valve\/#breadcrumb","itemListElement":[{"@type":"ListItem","position":1,"name":"Home","item":"https:\/\/cnkazev.com\/"},{"@type":"ListItem","position":2,"name":"Product","item":"https:\/\/cnkazev.com\/product\/"},{"@type":"ListItem","position":3,"name":"Butterfly Valve"}]},{"@type":"WebSite","@id":"https:\/\/cnkazev.com\/#website","url":"https:\/\/cnkazev.com\/","name":"Wenzhou Kaizheng Valve Technology Co., Ltd","description":"Wenzhou Kaizheng Valve Technology Co., Ltd","potentialAction":[{"@type":"SearchAction","target":{"@type":"EntryPoint","urlTemplate":"https:\/\/cnkazev.com\/?s={search_term_string}"},"query-input":{"@type":"PropertyValueSpecification","valueRequired":true,"valueName":"search_term_string"}}],"inLanguage":"fr-FR"}]}},"_links":{"self":[{"href":"https:\/\/cnkazev.com\/fr\/wp-json\/wp\/v2\/product\/493","targetHints":{"allow":["GET"]}}],"collection":[{"href":"https:\/\/cnkazev.com\/fr\/wp-json\/wp\/v2\/product"}],"about":[{"href":"https:\/\/cnkazev.com\/fr\/wp-json\/wp\/v2\/types\/product"}],"wp:featuredmedia":[{"embeddable":true,"href":"https:\/\/cnkazev.com\/fr\/wp-json\/wp\/v2\/media\/495"}],"wp:attachment":[{"href":"https:\/\/cnkazev.com\/fr\/wp-json\/wp\/v2\/media?parent=493"}],"wp:term":[{"taxonomy":"product_brand","embeddable":true,"href":"https:\/\/cnkazev.com\/fr\/wp-json\/wp\/v2\/product_brand?post=493"},{"taxonomy":"product_cat","embeddable":true,"href":"https:\/\/cnkazev.com\/fr\/wp-json\/wp\/v2\/product_cat?post=493"},{"taxonomy":"product_tag","embeddable":true,"href":"https:\/\/cnkazev.com\/fr\/wp-json\/wp\/v2\/product_tag?post=493"}],"curies":[{"name":"wp","href":"https:\/\/api.w.org\/{rel}","templated":true}]}}