{"id":292,"date":"2026-03-03T09:17:12","date_gmt":"2026-03-03T09:17:12","guid":{"rendered":"https:\/\/cnkazev.com\/?post_type=product&#038;p=292"},"modified":"2026-04-08T15:29:05","modified_gmt":"2026-04-08T15:29:05","slug":"triangle-house","status":"publish","type":"product","link":"https:\/\/cnkazev.com\/de\/produkt\/triangle-house\/","title":{"rendered":"Intelligentes Ventil"},"content":{"rendered":"<p>Kernverkaufsargumente des elektrisch schnell zu installierenden Dreiwege-Kugelhahns f\u00fcr Sanit\u00e4ranlagen,<\/p>\n<p>sauber und ohne tote Winkel<\/p>\n<p>Ventilk\u00f6rper aus hochglanzpoliertem Edelstahl 304\/316L, ohne Totraum, ohne unzug\u00e4ngliche Ecken<\/p>\n<p>Einhaltung der Hygieneanforderungen f\u00fcr Lebensmittel, Milchprodukte, Arzneimittel und Kosmetika. Unterst\u00fctzt die Online-Reinigung und Sterilisation mittels CIP\/SIP.<\/p>\n<ol start=\"2\">\n<li>Die Schnellmontage-Klemmverbindung erm\u00f6glicht eine \u00e4u\u00dferst komfortable Installation. Dank der Schnellmontage-Spannvorrichtung lassen sich Montage und Demontage in Sekundenschnelle durchf\u00fchren. Werkzeug oder Schwei\u00dfen sind nicht erforderlich, was die Wartungseffizienz erheblich steigert. Renovierung, Wartung und Austausch vor Ort sind besonders einfach.<\/li>\n<li>Elektrische Steuerung, sorgenfrei und m\u00fchelos. Elektrisch angetriebener Stellantrieb, Fern-\/Automatiksteuerung. Ausgestattet mit einem Schalter oder einem Regelventil (4\u201320 mA). Ersetzt manuelle Ventile, reduziert den Aufwand vor Ort und senkt das Fehlerrisiko.<\/li>\n<li>Dreiwege-Durchflusskanaldesign, ein Ventil mit vielf\u00e4ltigen Einsatzm\u00f6glichkeiten<\/li>\n<\/ol>\n<p>Typ L (Q984): Richtung \u00e4ndern, Flussrichtung umschalten<\/p>\n<p>T-Typ (Q985): Umleitung, Zusammenfluss, Dreiwege-Verbindung. Ein Ventil \u00fcbernimmt die Funktion von zwei Zweiwegeventilen und spart so Platz, Kosten und Rohrleitungen.<\/p>\n<ol start=\"5\">\n<li>Zuverl\u00e4ssige Abdichtung und lange Lebensdauer dank PTFE\/lebensmittelechter Silikondichtung, korrosionsbest\u00e4ndig und mit hervorragender Dichtungsleistung. Der Kugelkern ist pr\u00e4zisionsgeschliffen und gew\u00e4hrleistet so einen reibungslosen Betrieb ohne Blockieren. Geeignet f\u00fcr den langfristigen und h\u00e4ufigen Einsatz, stabil und langlebig.<\/li>\n<li>Breites Anwendungsspektrum und hohe Vielseitigkeit. Druck: 1,0 MPa. Temperatur: -20 \u00b0C bis 180 \u00b0C.<\/li>\n<\/ol>\n<p>Durchmesser: DN15 \u2013 DN100 komplett. Geeignet f\u00fcr Wasser, Getr\u00e4nke, So\u00dfen, Suspensionen und chemische Medien.<\/p>\n<div id=\"gtx-anchor\" style=\"position: absolute; visibility: hidden; left: 10px; top: 25.4297px; width: 220.141px; height: 29.5px;\"><\/div>\n<div class=\"jfk-bubble gtx-bubble\" style=\"visibility: visible; left: 105px; top: 65px; opacity: 1;\" role=\"alertdialog\" aria-describedby=\"bubble-2\">\n<div id=\"bubble-2\" class=\"jfk-bubble-content-id\">\n<div id=\"gtx-host\" style=\"min-width: 200px; max-width: 400px;\"><\/div>\n<\/div>\n<div class=\"jfk-bubble-closebtn-id jfk-bubble-closebtn\" tabindex=\"0\" role=\"button\" aria-label=\"Schlie\u00dfen\"><\/div>\n<div class=\"jfk-bubble-arrow-id jfk-bubble-arrow jfk-bubble-arrowup\" style=\"left: 110px;\">\n<div class=\"jfk-bubble-arrowimplbefore\"><\/div>\n<div class=\"jfk-bubble-arrowimplafter\"><\/div>\n<\/div>\n<\/div>\n<p><img loading=\"lazy\" decoding=\"async\" class=\"aligncenter size-full wp-image-459\" src=\"https:\/\/cnkazev.com\/wp-content\/uploads\/2026\/03\/DATA-FORM-scaled.webp\" alt=\"\" width=\"980\" height=\"2560\" srcset=\"https:\/\/cnkazev.com\/wp-content\/uploads\/2026\/03\/DATA-FORM-scaled.webp 980w, https:\/\/cnkazev.com\/wp-content\/uploads\/2026\/03\/DATA-FORM-scaled-800x2090.webp 800w, https:\/\/cnkazev.com\/wp-content\/uploads\/2026\/03\/DATA-FORM-191x500.webp 191w, https:\/\/cnkazev.com\/wp-content\/uploads\/2026\/03\/DATA-FORM-459x1200.webp 459w, https:\/\/cnkazev.com\/wp-content\/uploads\/2026\/03\/DATA-FORM-115x300.webp 115w, https:\/\/cnkazev.com\/wp-content\/uploads\/2026\/03\/DATA-FORM-768x2006.webp 768w, https:\/\/cnkazev.com\/wp-content\/uploads\/2026\/03\/DATA-FORM-588x1536.webp 588w, https:\/\/cnkazev.com\/wp-content\/uploads\/2026\/03\/DATA-FORM-784x2048.webp 784w, https:\/\/cnkazev.com\/wp-content\/uploads\/2026\/03\/DATA-FORM-5x12.webp 5w, https:\/\/cnkazev.com\/wp-content\/uploads\/2026\/03\/DATA-FORM-29x75.webp 29w, https:\/\/cnkazev.com\/wp-content\/uploads\/2026\/03\/DATA-FORM-371x968.webp 371w\" sizes=\"auto, (max-width:767px) 484px, (max-width:980px) 100vw, 980px\" \/> <img loading=\"lazy\" decoding=\"async\" class=\"aligncenter size-full wp-image-452\" src=\"https:\/\/cnkazev.com\/wp-content\/uploads\/2026\/03\/Stainless-steel-electric-pneumatic-valve-1.webp\" alt=\"\" width=\"1000\" height=\"1000\" srcset=\"https:\/\/cnkazev.com\/wp-content\/uploads\/2026\/03\/Stainless-steel-electric-pneumatic-valve-1.webp 1000w, https:\/\/cnkazev.com\/wp-content\/uploads\/2026\/03\/Stainless-steel-electric-pneumatic-valve-1-800x800.webp 800w, https:\/\/cnkazev.com\/wp-content\/uploads\/2026\/03\/Stainless-steel-electric-pneumatic-valve-1-300x300.webp 300w, https:\/\/cnkazev.com\/wp-content\/uploads\/2026\/03\/Stainless-steel-electric-pneumatic-valve-1-500x500.webp 500w, https:\/\/cnkazev.com\/wp-content\/uploads\/2026\/03\/Stainless-steel-electric-pneumatic-valve-1-768x768.webp 768w, https:\/\/cnkazev.com\/wp-content\/uploads\/2026\/03\/Stainless-steel-electric-pneumatic-valve-1-12x12.webp 12w, https:\/\/cnkazev.com\/wp-content\/uploads\/2026\/03\/Stainless-steel-electric-pneumatic-valve-1-150x150.webp 150w, https:\/\/cnkazev.com\/wp-content\/uploads\/2026\/03\/Stainless-steel-electric-pneumatic-valve-1-75x75.webp 75w, https:\/\/cnkazev.com\/wp-content\/uploads\/2026\/03\/Stainless-steel-electric-pneumatic-valve-1-484x484.webp 484w\" sizes=\"auto, (max-width:767px) 484px, (max-width:1000px) 100vw, 1000px\" \/> <img loading=\"lazy\" decoding=\"async\" class=\"aligncenter size-full wp-image-458\" src=\"https:\/\/cnkazev.com\/wp-content\/uploads\/2026\/03\/Stainless-steel-electric-pneumatic-valve-6.webp\" alt=\"\" width=\"1000\" height=\"1000\" srcset=\"https:\/\/cnkazev.com\/wp-content\/uploads\/2026\/03\/Stainless-steel-electric-pneumatic-valve-6.webp 1000w, https:\/\/cnkazev.com\/wp-content\/uploads\/2026\/03\/Stainless-steel-electric-pneumatic-valve-6-800x800.webp 800w, https:\/\/cnkazev.com\/wp-content\/uploads\/2026\/03\/Stainless-steel-electric-pneumatic-valve-6-300x300.webp 300w, https:\/\/cnkazev.com\/wp-content\/uploads\/2026\/03\/Stainless-steel-electric-pneumatic-valve-6-500x500.webp 500w, https:\/\/cnkazev.com\/wp-content\/uploads\/2026\/03\/Stainless-steel-electric-pneumatic-valve-6-768x768.webp 768w, https:\/\/cnkazev.com\/wp-content\/uploads\/2026\/03\/Stainless-steel-electric-pneumatic-valve-6-12x12.webp 12w, https:\/\/cnkazev.com\/wp-content\/uploads\/2026\/03\/Stainless-steel-electric-pneumatic-valve-6-150x150.webp 150w, https:\/\/cnkazev.com\/wp-content\/uploads\/2026\/03\/Stainless-steel-electric-pneumatic-valve-6-75x75.webp 75w, https:\/\/cnkazev.com\/wp-content\/uploads\/2026\/03\/Stainless-steel-electric-pneumatic-valve-6-484x484.webp 484w\" sizes=\"auto, (max-width:767px) 484px, (max-width:1000px) 100vw, 1000px\" \/> <img loading=\"lazy\" decoding=\"async\" class=\"aligncenter size-full wp-image-457\" src=\"https:\/\/cnkazev.com\/wp-content\/uploads\/2026\/03\/Stainless-steel-electric-pneumatic-valve-5.webp\" alt=\"\" width=\"1000\" height=\"1000\" srcset=\"https:\/\/cnkazev.com\/wp-content\/uploads\/2026\/03\/Stainless-steel-electric-pneumatic-valve-5.webp 1000w, https:\/\/cnkazev.com\/wp-content\/uploads\/2026\/03\/Stainless-steel-electric-pneumatic-valve-5-800x800.webp 800w, https:\/\/cnkazev.com\/wp-content\/uploads\/2026\/03\/Stainless-steel-electric-pneumatic-valve-5-300x300.webp 300w, https:\/\/cnkazev.com\/wp-content\/uploads\/2026\/03\/Stainless-steel-electric-pneumatic-valve-5-500x500.webp 500w, https:\/\/cnkazev.com\/wp-content\/uploads\/2026\/03\/Stainless-steel-electric-pneumatic-valve-5-768x768.webp 768w, https:\/\/cnkazev.com\/wp-content\/uploads\/2026\/03\/Stainless-steel-electric-pneumatic-valve-5-12x12.webp 12w, https:\/\/cnkazev.com\/wp-content\/uploads\/2026\/03\/Stainless-steel-electric-pneumatic-valve-5-150x150.webp 150w, https:\/\/cnkazev.com\/wp-content\/uploads\/2026\/03\/Stainless-steel-electric-pneumatic-valve-5-75x75.webp 75w, https:\/\/cnkazev.com\/wp-content\/uploads\/2026\/03\/Stainless-steel-electric-pneumatic-valve-5-484x484.webp 484w\" sizes=\"auto, (max-width:767px) 484px, (max-width:1000px) 100vw, 1000px\" \/> <img loading=\"lazy\" decoding=\"async\" class=\"aligncenter size-full wp-image-456\" src=\"https:\/\/cnkazev.com\/wp-content\/uploads\/2026\/03\/Stainless-steel-electric-pneumatic-valve-4.webp\" alt=\"\" width=\"1000\" height=\"1000\" srcset=\"https:\/\/cnkazev.com\/wp-content\/uploads\/2026\/03\/Stainless-steel-electric-pneumatic-valve-4.webp 1000w, https:\/\/cnkazev.com\/wp-content\/uploads\/2026\/03\/Stainless-steel-electric-pneumatic-valve-4-800x800.webp 800w, https:\/\/cnkazev.com\/wp-content\/uploads\/2026\/03\/Stainless-steel-electric-pneumatic-valve-4-300x300.webp 300w, https:\/\/cnkazev.com\/wp-content\/uploads\/2026\/03\/Stainless-steel-electric-pneumatic-valve-4-500x500.webp 500w, https:\/\/cnkazev.com\/wp-content\/uploads\/2026\/03\/Stainless-steel-electric-pneumatic-valve-4-768x768.webp 768w, https:\/\/cnkazev.com\/wp-content\/uploads\/2026\/03\/Stainless-steel-electric-pneumatic-valve-4-12x12.webp 12w, https:\/\/cnkazev.com\/wp-content\/uploads\/2026\/03\/Stainless-steel-electric-pneumatic-valve-4-150x150.webp 150w, https:\/\/cnkazev.com\/wp-content\/uploads\/2026\/03\/Stainless-steel-electric-pneumatic-valve-4-75x75.webp 75w, https:\/\/cnkazev.com\/wp-content\/uploads\/2026\/03\/Stainless-steel-electric-pneumatic-valve-4-484x484.webp 484w\" sizes=\"auto, (max-width:767px) 484px, (max-width:1000px) 100vw, 1000px\" \/> <img loading=\"lazy\" decoding=\"async\" class=\"aligncenter size-full wp-image-455\" src=\"https:\/\/cnkazev.com\/wp-content\/uploads\/2026\/03\/Stainless-steel-electric-pneumatic-valve.webp\" alt=\"\" width=\"1000\" height=\"1000\" srcset=\"https:\/\/cnkazev.com\/wp-content\/uploads\/2026\/03\/Stainless-steel-electric-pneumatic-valve.webp 1000w, https:\/\/cnkazev.com\/wp-content\/uploads\/2026\/03\/Stainless-steel-electric-pneumatic-valve-800x800.webp 800w, https:\/\/cnkazev.com\/wp-content\/uploads\/2026\/03\/Stainless-steel-electric-pneumatic-valve-300x300.webp 300w, https:\/\/cnkazev.com\/wp-content\/uploads\/2026\/03\/Stainless-steel-electric-pneumatic-valve-500x500.webp 500w, https:\/\/cnkazev.com\/wp-content\/uploads\/2026\/03\/Stainless-steel-electric-pneumatic-valve-768x768.webp 768w, https:\/\/cnkazev.com\/wp-content\/uploads\/2026\/03\/Stainless-steel-electric-pneumatic-valve-12x12.webp 12w, https:\/\/cnkazev.com\/wp-content\/uploads\/2026\/03\/Stainless-steel-electric-pneumatic-valve-150x150.webp 150w, https:\/\/cnkazev.com\/wp-content\/uploads\/2026\/03\/Stainless-steel-electric-pneumatic-valve-75x75.webp 75w, https:\/\/cnkazev.com\/wp-content\/uploads\/2026\/03\/Stainless-steel-electric-pneumatic-valve-484x484.webp 484w\" sizes=\"auto, (max-width:767px) 484px, (max-width:1000px) 100vw, 1000px\" \/> <img loading=\"lazy\" decoding=\"async\" class=\"aligncenter size-full wp-image-454\" src=\"https:\/\/cnkazev.com\/wp-content\/uploads\/2026\/03\/Stainless-steel-electric-pneumatic-valve-3.webp\" alt=\"\" width=\"1000\" height=\"1000\" srcset=\"https:\/\/cnkazev.com\/wp-content\/uploads\/2026\/03\/Stainless-steel-electric-pneumatic-valve-3.webp 1000w, https:\/\/cnkazev.com\/wp-content\/uploads\/2026\/03\/Stainless-steel-electric-pneumatic-valve-3-800x800.webp 800w, https:\/\/cnkazev.com\/wp-content\/uploads\/2026\/03\/Stainless-steel-electric-pneumatic-valve-3-300x300.webp 300w, https:\/\/cnkazev.com\/wp-content\/uploads\/2026\/03\/Stainless-steel-electric-pneumatic-valve-3-500x500.webp 500w, https:\/\/cnkazev.com\/wp-content\/uploads\/2026\/03\/Stainless-steel-electric-pneumatic-valve-3-768x768.webp 768w, https:\/\/cnkazev.com\/wp-content\/uploads\/2026\/03\/Stainless-steel-electric-pneumatic-valve-3-12x12.webp 12w, https:\/\/cnkazev.com\/wp-content\/uploads\/2026\/03\/Stainless-steel-electric-pneumatic-valve-3-150x150.webp 150w, https:\/\/cnkazev.com\/wp-content\/uploads\/2026\/03\/Stainless-steel-electric-pneumatic-valve-3-75x75.webp 75w, https:\/\/cnkazev.com\/wp-content\/uploads\/2026\/03\/Stainless-steel-electric-pneumatic-valve-3-484x484.webp 484w\" sizes=\"auto, (max-width:767px) 484px, (max-width:1000px) 100vw, 1000px\" \/> <img loading=\"lazy\" decoding=\"async\" class=\"aligncenter size-full wp-image-453\" src=\"https:\/\/cnkazev.com\/wp-content\/uploads\/2026\/03\/Stainless-steel-electric-pneumatic-valve-2.webp\" alt=\"\" width=\"1000\" height=\"1000\" srcset=\"https:\/\/cnkazev.com\/wp-content\/uploads\/2026\/03\/Stainless-steel-electric-pneumatic-valve-2.webp 1000w, https:\/\/cnkazev.com\/wp-content\/uploads\/2026\/03\/Stainless-steel-electric-pneumatic-valve-2-800x800.webp 800w, https:\/\/cnkazev.com\/wp-content\/uploads\/2026\/03\/Stainless-steel-electric-pneumatic-valve-2-300x300.webp 300w, https:\/\/cnkazev.com\/wp-content\/uploads\/2026\/03\/Stainless-steel-electric-pneumatic-valve-2-500x500.webp 500w, https:\/\/cnkazev.com\/wp-content\/uploads\/2026\/03\/Stainless-steel-electric-pneumatic-valve-2-768x768.webp 768w, https:\/\/cnkazev.com\/wp-content\/uploads\/2026\/03\/Stainless-steel-electric-pneumatic-valve-2-12x12.webp 12w, https:\/\/cnkazev.com\/wp-content\/uploads\/2026\/03\/Stainless-steel-electric-pneumatic-valve-2-150x150.webp 150w, https:\/\/cnkazev.com\/wp-content\/uploads\/2026\/03\/Stainless-steel-electric-pneumatic-valve-2-75x75.webp 75w, https:\/\/cnkazev.com\/wp-content\/uploads\/2026\/03\/Stainless-steel-electric-pneumatic-valve-2-484x484.webp 484w\" sizes=\"auto, (max-width:767px) 484px, (max-width:1000px) 100vw, 1000px\" \/><\/p>","protected":false},"excerpt":{"rendered":"<p>Core selling points of the electric quick-installation three way ball valve Sanitary structure, clean with no dead corners 304\/316L mirror polished valve body, no dead space,<span class=\"excerpt-hellip\"> [\u2026]<\/span><\/p>\n","protected":false},"featured_media":452,"template":"","meta":[],"product_brand":[],"product_cat":[43],"product_tag":[],"class_list":{"0":"post-292","1":"product","2":"type-product","3":"status-publish","4":"has-post-thumbnail","6":"product_cat-intelligent-valve","8":"first","9":"instock","10":"shipping-taxable","11":"product-type-external"},"yoast_head":"<!-- This site is optimized with the Yoast SEO plugin v26.6 - https:\/\/yoast.com\/wordpress\/plugins\/seo\/ -->\n<title>Intelligent valve - Wenzhou Kaizheng Valve Technology Co., Ltd<\/title>\n<meta name=\"robots\" content=\"index, follow, max-snippet:-1, max-image-preview:large, max-video-preview:-1\" \/>\n<link rel=\"canonical\" href=\"https:\/\/cnkazev.com\/de\/produkt\/triangle-house\/\" \/>\n<meta property=\"og:locale\" content=\"de_DE\" \/>\n<meta property=\"og:type\" content=\"article\" \/>\n<meta property=\"og:title\" content=\"Intelligent valve - Wenzhou Kaizheng Valve Technology Co., Ltd\" \/>\n<meta property=\"og:description\" content=\"Core selling points of the electric quick-installation three way ball valve Sanitary structure, clean with no dead corners 304\/316L mirror polished valve body, no dead space, [\u2026]\" \/>\n<meta property=\"og:url\" content=\"https:\/\/cnkazev.com\/de\/produkt\/triangle-house\/\" \/>\n<meta property=\"og:site_name\" content=\"Wenzhou Kaizheng Valve Technology Co., Ltd\" \/>\n<meta property=\"article:modified_time\" content=\"2026-04-08T15:29:05+00:00\" \/>\n<meta property=\"og:image\" content=\"https:\/\/cnkazev.com\/wp-content\/uploads\/2026\/03\/Stainless-steel-electric-pneumatic-valve-1.webp\" \/>\n\t<meta property=\"og:image:width\" content=\"1000\" \/>\n\t<meta property=\"og:image:height\" content=\"1000\" \/>\n\t<meta property=\"og:image:type\" content=\"image\/webp\" \/>\n<meta name=\"twitter:card\" content=\"summary_large_image\" \/>\n<meta name=\"twitter:label1\" content=\"Gesch\u00e4tzte Lesezeit\" \/>\n\t<meta name=\"twitter:data1\" content=\"3\u00a0Minuten\" \/>\n<script type=\"application\/ld+json\" class=\"yoast-schema-graph\">{\"@context\":\"https:\/\/schema.org\",\"@graph\":[{\"@type\":\"WebPage\",\"@id\":\"https:\/\/cnkazev.com\/product\/triangle-house\/\",\"url\":\"https:\/\/cnkazev.com\/product\/triangle-house\/\",\"name\":\"Intelligent valve - Wenzhou Kaizheng Valve Technology Co., Ltd\",\"isPartOf\":{\"@id\":\"https:\/\/cnkazev.com\/#website\"},\"primaryImageOfPage\":{\"@id\":\"https:\/\/cnkazev.com\/product\/triangle-house\/#primaryimage\"},\"image\":{\"@id\":\"https:\/\/cnkazev.com\/product\/triangle-house\/#primaryimage\"},\"thumbnailUrl\":\"https:\/\/cnkazev.com\/wp-content\/uploads\/2026\/03\/Stainless-steel-electric-pneumatic-valve-1.webp\",\"datePublished\":\"2026-03-03T09:17:12+00:00\",\"dateModified\":\"2026-04-08T15:29:05+00:00\",\"breadcrumb\":{\"@id\":\"https:\/\/cnkazev.com\/product\/triangle-house\/#breadcrumb\"},\"inLanguage\":\"de\",\"potentialAction\":[{\"@type\":\"ReadAction\",\"target\":[\"https:\/\/cnkazev.com\/product\/triangle-house\/\"]}]},{\"@type\":\"ImageObject\",\"inLanguage\":\"de\",\"@id\":\"https:\/\/cnkazev.com\/product\/triangle-house\/#primaryimage\",\"url\":\"https:\/\/cnkazev.com\/wp-content\/uploads\/2026\/03\/Stainless-steel-electric-pneumatic-valve-1.webp\",\"contentUrl\":\"https:\/\/cnkazev.com\/wp-content\/uploads\/2026\/03\/Stainless-steel-electric-pneumatic-valve-1.webp\",\"width\":1000,\"height\":1000},{\"@type\":\"BreadcrumbList\",\"@id\":\"https:\/\/cnkazev.com\/product\/triangle-house\/#breadcrumb\",\"itemListElement\":[{\"@type\":\"ListItem\",\"position\":1,\"name\":\"Home\",\"item\":\"https:\/\/cnkazev.com\/\"},{\"@type\":\"ListItem\",\"position\":2,\"name\":\"Product\",\"item\":\"https:\/\/cnkazev.com\/product\/\"},{\"@type\":\"ListItem\",\"position\":3,\"name\":\"Intelligent valve\"}]},{\"@type\":\"WebSite\",\"@id\":\"https:\/\/cnkazev.com\/#website\",\"url\":\"https:\/\/cnkazev.com\/\",\"name\":\"Wenzhou Kaizheng Valve Technology Co., Ltd\",\"description\":\"Wenzhou Kaizheng Valve Technology Co., Ltd\",\"potentialAction\":[{\"@type\":\"SearchAction\",\"target\":{\"@type\":\"EntryPoint\",\"urlTemplate\":\"https:\/\/cnkazev.com\/?s={search_term_string}\"},\"query-input\":{\"@type\":\"PropertyValueSpecification\",\"valueRequired\":true,\"valueName\":\"search_term_string\"}}],\"inLanguage\":\"de\"}]}<\/script>\n<!-- \/ Yoast SEO plugin. -->","yoast_head_json":{"title":"Intelligent valve - Wenzhou Kaizheng Valve Technology Co., Ltd","robots":{"index":"index","follow":"follow","max-snippet":"max-snippet:-1","max-image-preview":"max-image-preview:large","max-video-preview":"max-video-preview:-1"},"canonical":"https:\/\/cnkazev.com\/de\/produkt\/triangle-house\/","og_locale":"de_DE","og_type":"article","og_title":"Intelligent valve - Wenzhou Kaizheng Valve Technology Co., Ltd","og_description":"Core selling points of the electric quick-installation three way ball valve Sanitary structure, clean with no dead corners 304\/316L mirror polished valve body, no dead space, [\u2026]","og_url":"https:\/\/cnkazev.com\/de\/produkt\/triangle-house\/","og_site_name":"Wenzhou Kaizheng Valve Technology Co., Ltd","article_modified_time":"2026-04-08T15:29:05+00:00","og_image":[{"width":1000,"height":1000,"url":"https:\/\/cnkazev.com\/wp-content\/uploads\/2026\/03\/Stainless-steel-electric-pneumatic-valve-1.webp","type":"image\/webp"}],"twitter_card":"summary_large_image","twitter_misc":{"Gesch\u00e4tzte Lesezeit":"3\u00a0Minuten"},"schema":{"@context":"https:\/\/schema.org","@graph":[{"@type":"WebPage","@id":"https:\/\/cnkazev.com\/product\/triangle-house\/","url":"https:\/\/cnkazev.com\/product\/triangle-house\/","name":"Intelligent valve - Wenzhou Kaizheng Valve Technology Co., Ltd","isPartOf":{"@id":"https:\/\/cnkazev.com\/#website"},"primaryImageOfPage":{"@id":"https:\/\/cnkazev.com\/product\/triangle-house\/#primaryimage"},"image":{"@id":"https:\/\/cnkazev.com\/product\/triangle-house\/#primaryimage"},"thumbnailUrl":"https:\/\/cnkazev.com\/wp-content\/uploads\/2026\/03\/Stainless-steel-electric-pneumatic-valve-1.webp","datePublished":"2026-03-03T09:17:12+00:00","dateModified":"2026-04-08T15:29:05+00:00","breadcrumb":{"@id":"https:\/\/cnkazev.com\/product\/triangle-house\/#breadcrumb"},"inLanguage":"de","potentialAction":[{"@type":"ReadAction","target":["https:\/\/cnkazev.com\/product\/triangle-house\/"]}]},{"@type":"ImageObject","inLanguage":"de","@id":"https:\/\/cnkazev.com\/product\/triangle-house\/#primaryimage","url":"https:\/\/cnkazev.com\/wp-content\/uploads\/2026\/03\/Stainless-steel-electric-pneumatic-valve-1.webp","contentUrl":"https:\/\/cnkazev.com\/wp-content\/uploads\/2026\/03\/Stainless-steel-electric-pneumatic-valve-1.webp","width":1000,"height":1000},{"@type":"BreadcrumbList","@id":"https:\/\/cnkazev.com\/product\/triangle-house\/#breadcrumb","itemListElement":[{"@type":"ListItem","position":1,"name":"Home","item":"https:\/\/cnkazev.com\/"},{"@type":"ListItem","position":2,"name":"Product","item":"https:\/\/cnkazev.com\/product\/"},{"@type":"ListItem","position":3,"name":"Intelligent valve"}]},{"@type":"WebSite","@id":"https:\/\/cnkazev.com\/#website","url":"https:\/\/cnkazev.com\/","name":"Wenzhou Kaizheng Valve Technology Co., Ltd","description":"Wenzhou Kaizheng Valve Technology Co., Ltd","potentialAction":[{"@type":"SearchAction","target":{"@type":"EntryPoint","urlTemplate":"https:\/\/cnkazev.com\/?s={search_term_string}"},"query-input":{"@type":"PropertyValueSpecification","valueRequired":true,"valueName":"search_term_string"}}],"inLanguage":"de"}]}},"_links":{"self":[{"href":"https:\/\/cnkazev.com\/de\/wp-json\/wp\/v2\/product\/292","targetHints":{"allow":["GET"]}}],"collection":[{"href":"https:\/\/cnkazev.com\/de\/wp-json\/wp\/v2\/product"}],"about":[{"href":"https:\/\/cnkazev.com\/de\/wp-json\/wp\/v2\/types\/product"}],"wp:featuredmedia":[{"embeddable":true,"href":"https:\/\/cnkazev.com\/de\/wp-json\/wp\/v2\/media\/452"}],"wp:attachment":[{"href":"https:\/\/cnkazev.com\/de\/wp-json\/wp\/v2\/media?parent=292"}],"wp:term":[{"taxonomy":"product_brand","embeddable":true,"href":"https:\/\/cnkazev.com\/de\/wp-json\/wp\/v2\/product_brand?post=292"},{"taxonomy":"product_cat","embeddable":true,"href":"https:\/\/cnkazev.com\/de\/wp-json\/wp\/v2\/product_cat?post=292"},{"taxonomy":"product_tag","embeddable":true,"href":"https:\/\/cnkazev.com\/de\/wp-json\/wp\/v2\/product_tag?post=292"}],"curies":[{"name":"wp","href":"https:\/\/api.w.org\/{rel}","templated":true}]}}